{"id":3614,"date":"2023-10-25T11:07:03","date_gmt":"2023-10-25T09:07:03","guid":{"rendered":"https:\/\/dmetering.com\/faq\/"},"modified":"2024-07-18T14:37:20","modified_gmt":"2024-07-18T12:37:20","slug":"pogosta-vprasanja-merjenje-energije","status":"publish","type":"page","link":"https:\/\/dmetering.com\/sl\/pogosta-vprasanja-merjenje-energije\/","title":{"rendered":"Pogosta vpra\u0161anja"},"content":{"rendered":"\n<div style=\"height:57px\" aria-hidden=\"true\" class=\"wp-block-spacer\"><\/div>\n\n\n\n<h3 class=\"wp-block-heading\" id=\"h-kako-izracunati-tocnost-merjenja-z-merilnikom-in-tokovnim-transformatorjem\">Kako izra\u010dunati to\u010dnost merjenja z merilnikom in tokovnim transformatorjem?<\/h3>\n\n\n\n<p>Izra\u010dun to\u010dnost merjenja z merilnikom in tokovnim transformatorjem (TT) vklju\u010duje razumevanje in kombiniranje razredov to\u010dnosti obeh naprav. Tukaj je navodilo po korakih, kako to izra\u010dunati, s primerom:<\/p>\n\n\n\n<ol start=\"1\" class=\"wp-block-list\">\n<li><strong>Dolo\u010dite razrede to\u010dnosti:<\/strong><\/li>\n<\/ol>\n\n\n\n<ul class=\"wp-block-list\">\n<li><strong>Razred to\u010dnosti merilnika<\/strong>: Obi\u010dajno ga navede proizvajalec. Na primer: razred to\u010dnosti 0,5 pomeni, da ima merilnik lahko napako \u00b10,5 %.<\/li>\n\n\n\n<li><strong>Razred to\u010dnosti CT<\/strong>: tudi ta podatek navede proizvajalec. Na primer: TT razreda 1,0 pomeni, da ima lahko napako \u00b11,0 %.<\/li>\n<\/ul>\n\n\n\n<ol start=\"2\" class=\"wp-block-list\">\n<li><strong>Izra\u010dunajte skupno napako:<\/strong><br>\u010ce so napake neodvisne, lahko skupno napako izra\u010dunamo z metodo kvadratnega korena vsote .<br>Formula za kvadratni koren se glasi:<\/li>\n<\/ol>\n\n\n\n\n\n\n\n<p class=\"has-text-align-left\">$${Skupna napaka} = \\sqrt{(\\text{To\u010dnost merilnika})^2 + (\\text{To\u010dnost TT})^2}$$<\/p>\n\n\n\n<div style=\"height:57px\" aria-hidden=\"true\" class=\"wp-block-spacer\"><\/div>\n\n\n\n<h3 class=\"wp-block-heading has-text-align-center\" id=\"h-primer-izracuna\">Primer izra\u010duna<\/h3>\n\n\n\n<p class=\"has-text-align-center\">Razred to\u010dnosti merilnika: (\u00b10,5 %)<br>Razred to\u010dnosti CT: 0,5 (\u00b10,5 %) 1.0 (\u00b11.0%)<\/p>\n\n\n\n<ol class=\"wp-block-list\">\n<li><strong>Razrede to\u010dnosti pretvorite v odstotke:<\/strong><\/li>\n<\/ol>\n\n\n\n<p class=\"has-text-align-center\">Meter: 0,5%<br>TT: 1,0%<\/p>\n\n\n\n<ol start=\"2\" class=\"wp-block-list\">\n<li><strong>Uporabite formulo za skupno napako:<\/strong><br>$${Skupna_napaka} = \\sqrt{(0,5\\%)^2 + (1,0\\%)^2}$$<\/li>\n\n\n\n<li><strong>Izra\u010dunajte vsako komponento:<\/strong><br>$$((0.5\\%)^2 = 0.25\\%)$$<br>$$((1.0\\%)^2 = 1.0\\%)$$<\/li>\n\n\n\n<li><strong>Se\u0161tevek kvadratov:<\/strong><br>$$0,25\\% + 1,0\\% = 1,25\\%$$<\/li>\n\n\n\n<li><strong>Take the square root of the sum:<\/strong><br>$$\\sqrt{1.25\\%} \\approx 1.12\\%$$<\/li>\n<\/ol>\n\n\n\n<ol start=\"4\" class=\"wp-block-list\"><\/ol>\n\n\n\n<p>Tako je skupna napaka to\u010dnosti merjenja v tem tipi\u010dnem primeru pribli\u017eno <strong>\u00b11,12 %<\/strong>, kar pomeni zelo majhno razliko in ka\u017ee na to\u010dnost uporabljenih merilnih instrumentov. Tak\u0161na raven natan\u010dnosti je klju\u010dnega pomena pri aplikacijah, kjer lahko \u017ee manj\u0161a odstopanja privedejo do znatnih razlik v rezultatih, kar poudarja pomen natan\u010dnih postopkov umerjanja in potrjevanja.<\/p>\n\n\n\n<h3 class=\"wp-block-heading\" id=\"h-kaj-je-spremljanje-rabe-elektricne-energije-in-zakaj-je-pomembno\"><strong>Kaj je spremljanje rabe elektri\u010dne energije in zakaj je pomembno?<\/strong><\/h3>\n\n\n\n<div class=\"wp-block-columns is-layout-flex wp-container-core-columns-is-layout-9d6595d7 wp-block-columns-is-layout-flex\">\n<div class=\"wp-block-column is-layout-flow wp-block-column-is-layout-flow\" style=\"flex-basis:50%\">\n<p>Spremljanje rabe elektri\u010dne energije je klju\u010dna praksa, ki vklju\u010duje stalno sledenje in analizo porabe elektri\u010dne energije v razli\u010dnih okoljih, kot so stanovanjske hi\u0161e, poslovni prostori in industrijski objekti. Ta proaktivni pristop uporabnikom omogo\u010da celovito razumevanje vzorcev porabe energije, kar olaj\u0161a sprejemanje informiranih odlo\u010ditev za pove\u010danje energetske u\u010dinkovitosti.<\/p>\n\n\n\n<p>Z uvajanjem naprednih tehnologij, kot so pametni \u0161tevci, lahko posamezniki in organizacije dostopajo do podatkov v realnem \u010dasu, ugotavljajo \u010das najve\u010dje porabe in izvajajo strategije za optimizacijo porabe energije.<\/p>\n\n\n\n<p>To ne prispeva le k zmanj\u0161anju stro\u0161kov, temve\u010d tudi k okoljski trajnosti s spodbujanjem odgovorne rabe energije. Pomen spremljanja elektri\u010dne energije je poudarjen z njegovo vlogo pri oblikovanju energetsko ozave\u0161\u010denega vedenja in spodbujanju kulture var\u010devanja z viri.<\/p>\n<\/div>\n\n\n\n<div class=\"wp-block-column is-layout-flow wp-block-column-is-layout-flow\" style=\"flex-basis:50%\">\n<figure class=\"wp-block-image size-large\"><a href=\"https:\/\/dmetering.com\/wp-content\/uploads\/2024\/07\/998-22524814_EEH_Full-Launch-1_Web_Energy-Monitor_4000x3054_GMA_Final-1024x782.png\"><img loading=\"lazy\" decoding=\"async\" width=\"1024\" height=\"782\" src=\"https:\/\/dmetering.com\/wp-content\/uploads\/2024\/07\/998-22524814_EEH_Full-Launch-1_Web_Energy-Monitor_4000x3054_GMA_Final-1024x782.png\" alt=\"\" class=\"wp-image-4375\" srcset=\"https:\/\/dmetering.com\/wp-content\/uploads\/2024\/07\/998-22524814_EEH_Full-Launch-1_Web_Energy-Monitor_4000x3054_GMA_Final-1024x782.png 1024w, https:\/\/dmetering.com\/wp-content\/uploads\/2024\/07\/998-22524814_EEH_Full-Launch-1_Web_Energy-Monitor_4000x3054_GMA_Final-300x229.png 300w, https:\/\/dmetering.com\/wp-content\/uploads\/2024\/07\/998-22524814_EEH_Full-Launch-1_Web_Energy-Monitor_4000x3054_GMA_Final-768x586.png 768w, https:\/\/dmetering.com\/wp-content\/uploads\/2024\/07\/998-22524814_EEH_Full-Launch-1_Web_Energy-Monitor_4000x3054_GMA_Final-1536x1173.png 1536w, https:\/\/dmetering.com\/wp-content\/uploads\/2024\/07\/998-22524814_EEH_Full-Launch-1_Web_Energy-Monitor_4000x3054_GMA_Final-2048x1564.png 2048w, https:\/\/dmetering.com\/wp-content\/uploads\/2024\/07\/998-22524814_EEH_Full-Launch-1_Web_Energy-Monitor_4000x3054_GMA_Final-600x458.png 600w\" sizes=\"auto, (max-width: 1024px) 100vw, 1024px\" \/><\/a><\/figure>\n<\/div>\n<\/div>\n\n\n\n<h3 class=\"wp-block-heading\" id=\"h-kako-poteka-namestitev-stevca-elektricne-energije-s-tokovnimi-transformatorji\"><strong>Kako poteka namestitev \u0161tevca elektri\u010dne energije s tokovnimi transformatorji?<\/strong><\/h3>\n\n\n\n<div class=\"wp-block-columns is-layout-flex wp-container-core-columns-is-layout-9d6595d7 wp-block-columns-is-layout-flex\">\n<div class=\"wp-block-column is-layout-flow wp-block-column-is-layout-flow\" style=\"flex-basis:50%\">\n<p>Namestitev \u0161tevca elektri\u010dne energije je natan\u010den postopek, ki pomeni za\u010detek u\u010dinkovitega spremljanja energije. Zagotavljanje zanesljive namestitve vklju\u010duje varno priklju\u010ditev \u0161tevca elektri\u010dne energije na elektri\u010dno napajanje, upo\u0161tevanje ustreznih protokolov o\u017ei\u010denja in izvajanje strogih varnostnih ukrepov. Ta temeljni korak je klju\u010dnega pomena za natan\u010dno merjenje porabe elektri\u010dne energije, kar je osnova za informirano sprejemanje odlo\u010ditev v zvezi z energetsko u\u010dinkovitostjo.<\/p>\n\n\n\n<p>Merilnik elektri\u010dne energije je klju\u010dno orodje pri spremljanju kakovosti elektri\u010dne energije, saj uporabnikom omogo\u010da ugotavljanje nepravilnosti, nihanja napetosti in drugih morebitnih te\u017eav, ki lahko vplivajo na splo\u0161no stanje elektri\u010dnega sistema.<\/p>\n\n\n\n<p>Z uporabo najbolj\u0161ih praks med namestitvijo lahko uporabniki vzpostavijo trdne temelje za neprekinjeno in zanesljivo spremljanje elektri\u010dne energije, kar prispeva k trajnosti elektri\u010dne infrastrukture in doseganju ciljev energetske u\u010dinkovitosti.<\/p>\n<\/div>\n\n\n\n<div class=\"wp-block-column is-layout-flow wp-block-column-is-layout-flow\" style=\"flex-basis:50%\">\n<figure class=\"wp-block-image size-full\"><a href=\"https:\/\/dmetering.com\/wp-content\/uploads\/2024\/07\/electricity-metering-3phase.png\"><img loading=\"lazy\" decoding=\"async\" width=\"690\" height=\"460\" src=\"https:\/\/dmetering.com\/wp-content\/uploads\/2024\/07\/electricity-metering-3phase.png\" alt=\"\" class=\"wp-image-4382\" srcset=\"https:\/\/dmetering.com\/wp-content\/uploads\/2024\/07\/electricity-metering-3phase.png 690w, https:\/\/dmetering.com\/wp-content\/uploads\/2024\/07\/electricity-metering-3phase-300x200.png 300w, https:\/\/dmetering.com\/wp-content\/uploads\/2024\/07\/electricity-metering-3phase-600x400.png 600w\" sizes=\"auto, (max-width: 690px) 100vw, 690px\" \/><\/a><\/figure>\n<\/div>\n<\/div>\n","protected":false},"excerpt":{"rendered":"<p>Kako izra\u010dunati to\u010dnost merjenja z merilnikom in tokovnim transformatorjem? Izra\u010dun to\u010dnost merjenja z merilnikom in tokovnim transformatorjem (TT) vklju\u010duje razumevanje in kombiniranje razredov to\u010dnosti obeh naprav. Tukaj je navodilo po korakih, kako to izra\u010dunati, s primerom: $${Skupna napaka} = \\sqrt{(\\text{To\u010dnost merilnika})^2 + (\\text{To\u010dnost TT})^2}$$ Primer izra\u010duna Razred to\u010dnosti merilnika: (\u00b10,5 %)Razred to\u010dnosti CT: 0,5 (\u00b10,5 [&hellip;]<\/p>\n","protected":false},"author":5,"featured_media":0,"parent":0,"menu_order":0,"comment_status":"closed","ping_status":"closed","template":"","meta":{"_acf_changed":false,"footnotes":""},"class_list":["post-3614","page","type-page","status-publish","hentry"],"acf":[],"yoast_head":"<!-- This site is optimized with the Yoast SEO Premium plugin v27.4 (Yoast SEO v27.4) - https:\/\/yoast.com\/product\/yoast-seo-premium-wordpress\/ -->\n<title>Pogosta vpra\u0161anja - dMetering.com<\/title>\n<meta name=\"robots\" content=\"index, follow, max-snippet:-1, max-image-preview:large, max-video-preview:-1\" \/>\n<link rel=\"canonical\" href=\"https:\/\/dmetering.com\/sl\/pogosta-vprasanja-merjenje-energije\/\" \/>\n<script type=\"application\/ld+json\" class=\"yoast-schema-graph\">{\"@context\":\"https:\\\/\\\/schema.org\",\"@graph\":[{\"@type\":\"WebPage\",\"@id\":\"https:\\\/\\\/dmetering.com\\\/sl\\\/pogosta-vprasanja-merjenje-energije\\\/\",\"url\":\"https:\\\/\\\/dmetering.com\\\/sl\\\/pogosta-vprasanja-merjenje-energije\\\/\",\"name\":\"Pogosta vpra\u0161anja - dMetering.com\",\"isPartOf\":{\"@id\":\"https:\\\/\\\/dmetering.com\\\/#website\"},\"primaryImageOfPage\":{\"@id\":\"https:\\\/\\\/dmetering.com\\\/sl\\\/pogosta-vprasanja-merjenje-energije\\\/#primaryimage\"},\"image\":{\"@id\":\"https:\\\/\\\/dmetering.com\\\/sl\\\/pogosta-vprasanja-merjenje-energije\\\/#primaryimage\"},\"thumbnailUrl\":\"https:\\\/\\\/dmetering.com\\\/wp-content\\\/uploads\\\/2024\\\/07\\\/998-22524814_EEH_Full-Launch-1_Web_Energy-Monitor_4000x3054_GMA_Final-1024x782.png\",\"datePublished\":\"2023-10-25T09:07:03+00:00\",\"dateModified\":\"2024-07-18T12:37:20+00:00\",\"breadcrumb\":{\"@id\":\"https:\\\/\\\/dmetering.com\\\/sl\\\/pogosta-vprasanja-merjenje-energije\\\/#breadcrumb\"},\"inLanguage\":\"sl-SI\",\"potentialAction\":[{\"@type\":\"ReadAction\",\"target\":[\"https:\\\/\\\/dmetering.com\\\/sl\\\/pogosta-vprasanja-merjenje-energije\\\/\"]}]},{\"@type\":\"ImageObject\",\"inLanguage\":\"sl-SI\",\"@id\":\"https:\\\/\\\/dmetering.com\\\/sl\\\/pogosta-vprasanja-merjenje-energije\\\/#primaryimage\",\"url\":\"https:\\\/\\\/dmetering.com\\\/wp-content\\\/uploads\\\/2024\\\/07\\\/998-22524814_EEH_Full-Launch-1_Web_Energy-Monitor_4000x3054_GMA_Final-1024x782.png\",\"contentUrl\":\"https:\\\/\\\/dmetering.com\\\/wp-content\\\/uploads\\\/2024\\\/07\\\/998-22524814_EEH_Full-Launch-1_Web_Energy-Monitor_4000x3054_GMA_Final-1024x782.png\"},{\"@type\":\"BreadcrumbList\",\"@id\":\"https:\\\/\\\/dmetering.com\\\/sl\\\/pogosta-vprasanja-merjenje-energije\\\/#breadcrumb\",\"itemListElement\":[{\"@type\":\"ListItem\",\"position\":1,\"name\":\"\",\"item\":\"https:\\\/\\\/dmetering.com\\\/sl\\\/\"},{\"@type\":\"ListItem\",\"position\":2,\"name\":\"Pogosta vpra\u0161anja\"}]},{\"@type\":\"WebSite\",\"@id\":\"https:\\\/\\\/dmetering.com\\\/#website\",\"url\":\"https:\\\/\\\/dmetering.com\\\/\",\"name\":\"dMetering.com\",\"description\":\"Re\u0161itve spremljanja rabe energije\",\"publisher\":{\"@id\":\"https:\\\/\\\/dmetering.com\\\/#organization\"},\"potentialAction\":[{\"@type\":\"SearchAction\",\"target\":{\"@type\":\"EntryPoint\",\"urlTemplate\":\"https:\\\/\\\/dmetering.com\\\/?s={search_term_string}\"},\"query-input\":{\"@type\":\"PropertyValueSpecification\",\"valueRequired\":true,\"valueName\":\"search_term_string\"}}],\"inLanguage\":\"sl-SI\"},{\"@type\":\"Organization\",\"@id\":\"https:\\\/\\\/dmetering.com\\\/#organization\",\"name\":\"ELCOND d.o.o.\",\"alternateName\":\"dmetering.com\",\"url\":\"https:\\\/\\\/dmetering.com\\\/\",\"logo\":{\"@type\":\"ImageObject\",\"inLanguage\":\"sl-SI\",\"@id\":\"https:\\\/\\\/dmetering.com\\\/#\\\/schema\\\/logo\\\/image\\\/\",\"url\":\"https:\\\/\\\/dmetering.com\\\/wp-content\\\/uploads\\\/2023\\\/07\\\/Logo_DMETERING_transp.png\",\"contentUrl\":\"https:\\\/\\\/dmetering.com\\\/wp-content\\\/uploads\\\/2023\\\/07\\\/Logo_DMETERING_transp.png\",\"width\":709,\"height\":205,\"caption\":\"ELCOND d.o.o.\"},\"image\":{\"@id\":\"https:\\\/\\\/dmetering.com\\\/#\\\/schema\\\/logo\\\/image\\\/\"},\"description\":\"Metering\u2019s mission is to offer efficient energy monitoring solutions at competitive prices and fast availability of it core product ranges. That is to say, we rely on a team of multi-disciplinary professionals, two distribution centres and team of energy managers. Certified energy managers are available to provide specialised technical support to our clients.\",\"email\":\"peter.usenicnik@elcond.si\",\"telephone\":\"+386 1 583 73 72\",\"legalName\":\"ELCOND d.o.o.\",\"foundingDate\":\"2021-01-27\",\"vatID\":\"SI50229508\",\"numberOfEmployees\":{\"@type\":\"QuantitativeValue\",\"minValue\":\"1\",\"maxValue\":\"10\"}}]}<\/script>\n<!-- \/ Yoast SEO Premium plugin. -->","yoast_head_json":{"title":"Pogosta vpra\u0161anja - dMetering.com","robots":{"index":"index","follow":"follow","max-snippet":"max-snippet:-1","max-image-preview":"max-image-preview:large","max-video-preview":"max-video-preview:-1"},"canonical":"https:\/\/dmetering.com\/sl\/pogosta-vprasanja-merjenje-energije\/","schema":{"@context":"https:\/\/schema.org","@graph":[{"@type":"WebPage","@id":"https:\/\/dmetering.com\/sl\/pogosta-vprasanja-merjenje-energije\/","url":"https:\/\/dmetering.com\/sl\/pogosta-vprasanja-merjenje-energije\/","name":"Pogosta vpra\u0161anja - dMetering.com","isPartOf":{"@id":"https:\/\/dmetering.com\/#website"},"primaryImageOfPage":{"@id":"https:\/\/dmetering.com\/sl\/pogosta-vprasanja-merjenje-energije\/#primaryimage"},"image":{"@id":"https:\/\/dmetering.com\/sl\/pogosta-vprasanja-merjenje-energije\/#primaryimage"},"thumbnailUrl":"https:\/\/dmetering.com\/wp-content\/uploads\/2024\/07\/998-22524814_EEH_Full-Launch-1_Web_Energy-Monitor_4000x3054_GMA_Final-1024x782.png","datePublished":"2023-10-25T09:07:03+00:00","dateModified":"2024-07-18T12:37:20+00:00","breadcrumb":{"@id":"https:\/\/dmetering.com\/sl\/pogosta-vprasanja-merjenje-energije\/#breadcrumb"},"inLanguage":"sl-SI","potentialAction":[{"@type":"ReadAction","target":["https:\/\/dmetering.com\/sl\/pogosta-vprasanja-merjenje-energije\/"]}]},{"@type":"ImageObject","inLanguage":"sl-SI","@id":"https:\/\/dmetering.com\/sl\/pogosta-vprasanja-merjenje-energije\/#primaryimage","url":"https:\/\/dmetering.com\/wp-content\/uploads\/2024\/07\/998-22524814_EEH_Full-Launch-1_Web_Energy-Monitor_4000x3054_GMA_Final-1024x782.png","contentUrl":"https:\/\/dmetering.com\/wp-content\/uploads\/2024\/07\/998-22524814_EEH_Full-Launch-1_Web_Energy-Monitor_4000x3054_GMA_Final-1024x782.png"},{"@type":"BreadcrumbList","@id":"https:\/\/dmetering.com\/sl\/pogosta-vprasanja-merjenje-energije\/#breadcrumb","itemListElement":[{"@type":"ListItem","position":1,"name":"","item":"https:\/\/dmetering.com\/sl\/"},{"@type":"ListItem","position":2,"name":"Pogosta vpra\u0161anja"}]},{"@type":"WebSite","@id":"https:\/\/dmetering.com\/#website","url":"https:\/\/dmetering.com\/","name":"dMetering.com","description":"Re\u0161itve spremljanja rabe energije","publisher":{"@id":"https:\/\/dmetering.com\/#organization"},"potentialAction":[{"@type":"SearchAction","target":{"@type":"EntryPoint","urlTemplate":"https:\/\/dmetering.com\/?s={search_term_string}"},"query-input":{"@type":"PropertyValueSpecification","valueRequired":true,"valueName":"search_term_string"}}],"inLanguage":"sl-SI"},{"@type":"Organization","@id":"https:\/\/dmetering.com\/#organization","name":"ELCOND d.o.o.","alternateName":"dmetering.com","url":"https:\/\/dmetering.com\/","logo":{"@type":"ImageObject","inLanguage":"sl-SI","@id":"https:\/\/dmetering.com\/#\/schema\/logo\/image\/","url":"https:\/\/dmetering.com\/wp-content\/uploads\/2023\/07\/Logo_DMETERING_transp.png","contentUrl":"https:\/\/dmetering.com\/wp-content\/uploads\/2023\/07\/Logo_DMETERING_transp.png","width":709,"height":205,"caption":"ELCOND d.o.o."},"image":{"@id":"https:\/\/dmetering.com\/#\/schema\/logo\/image\/"},"description":"Metering\u2019s mission is to offer efficient energy monitoring solutions at competitive prices and fast availability of it core product ranges. That is to say, we rely on a team of multi-disciplinary professionals, two distribution centres and team of energy managers. Certified energy managers are available to provide specialised technical support to our clients.","email":"peter.usenicnik@elcond.si","telephone":"+386 1 583 73 72","legalName":"ELCOND d.o.o.","foundingDate":"2021-01-27","vatID":"SI50229508","numberOfEmployees":{"@type":"QuantitativeValue","minValue":"1","maxValue":"10"}}]}},"_links":{"self":[{"href":"https:\/\/dmetering.com\/sl\/wp-json\/wp\/v2\/pages\/3614","targetHints":{"allow":["GET"]}}],"collection":[{"href":"https:\/\/dmetering.com\/sl\/wp-json\/wp\/v2\/pages"}],"about":[{"href":"https:\/\/dmetering.com\/sl\/wp-json\/wp\/v2\/types\/page"}],"author":[{"embeddable":true,"href":"https:\/\/dmetering.com\/sl\/wp-json\/wp\/v2\/users\/5"}],"replies":[{"embeddable":true,"href":"https:\/\/dmetering.com\/sl\/wp-json\/wp\/v2\/comments?post=3614"}],"version-history":[{"count":11,"href":"https:\/\/dmetering.com\/sl\/wp-json\/wp\/v2\/pages\/3614\/revisions"}],"predecessor-version":[{"id":4396,"href":"https:\/\/dmetering.com\/sl\/wp-json\/wp\/v2\/pages\/3614\/revisions\/4396"}],"wp:attachment":[{"href":"https:\/\/dmetering.com\/sl\/wp-json\/wp\/v2\/media?parent=3614"}],"curies":[{"name":"wp","href":"https:\/\/api.w.org\/{rel}","templated":true}]}}