{"id":3872,"date":"2024-10-23T11:06:42","date_gmt":"2024-10-23T09:06:42","guid":{"rendered":"https:\/\/dmetering.com\/trgovina\/nekategorizirano\/senzor-elektricne-energije-powertag-63a-3p-spodaj-ali-zgoraj-od-odklopnika-stikala\/"},"modified":"2024-10-23T11:32:56","modified_gmt":"2024-10-23T09:32:56","slug":"senzor-elektricne-energije-powertag-63a-3p-spodaj-ali-zgoraj-od-odklopnika-stikala","status":"publish","type":"product","link":"https:\/\/dmetering.com\/sl\/product\/senzor-elektricne-energije-powertag-63a-3p-spodaj-ali-zgoraj-od-odklopnika-stikala\/","title":{"rendered":"Senzor elektri\u010dne energije PowerTag 63A 3P spodaj ali zgoraj od odklopnika\/stikala"},"content":{"rendered":"<p>PowerLogic PowerTag Energy M63 3P je brez\u017ei\u010dni (Zigbee) senzor elektri\u010dne energije. Namenjen je napravam Schneider Electric iz serije Acti9 in Multi9 3P naprave z razmikom 18 mm med fazo in nulo z nazivnim tokom, manj\u0161im ali enakim 63 A. Pogojno je zdru\u017eljiv tudi z napravami drugih proizvajalcev (npr. ABB, EATON, Legrand, Schrack, ETI itd.). Povezati ga je potrebno s koncentratorjem ali prehodom, da omogo\u010da spremljanje tokokroga in diagnostiko do nivoja bremena. Zasnovan je posebej za aplikacije spremljanja rabe energije, energetske u\u010dinkovitosti in razpolo\u017eljivost napajanja. Ima natan\u010dne meritve aktivne energije, aktivne mo\u010di, toka, napetosti in faktorja mo\u010di v realnem \u010dasu. V primeru izpada elektri\u010dne energije po\u0161lje alarm o izgubi napetosti in vrednost toka po fazi, preden se izklopi. PowerTag Energy 63A je v skladu s standardom IEC 61557-12. Razred to\u010dnosti je 1. Najve\u010dji tok Imax je 63 A. Osnovni tok Ib je 10 A. Tok nasi\u010denja je 130 A. Za\u010detni tok Ist je 40 mA. Medfazna nazivna napetost Un je 380VAC do 415VAC +\/- 20%. Najve\u010dja poraba je ni\u017eja ali enaka 2VA. Namesti se lahko na zgornjo ali spodnjo stran za\u0161\u010ditne naprave. Barva izdelka je bela (RAL9003). Te\u017ea je 28g. Za re\u0161itev spremljanja rabe energije je potreben poseben brez\u017ei\u010dni Zigbee koncentrator. Brez\u017ei\u010dni zaslon PowerTag A9XMWRD je opcijski.<\/p>\n","protected":false},"excerpt":{"rendered":"<p>Senzor elektri\u010dne energije PowerTag 63A 3P spodaj ali zgoraj od odklopnika\/stikala<\/p>\n","protected":false},"featured_media":2722,"comment_status":"closed","ping_status":"open","template":"","meta":{"_acf_changed":false},"product_brand":[],"product_cat":[38,597,39],"product_tag":[],"class_list":{"0":"post-3872","1":"product","2":"type-product","3":"status-publish","4":"has-post-thumbnail","6":"product_cat-odstevalni-stevci","7":"product_cat-powertag","8":"product_cat-wireless-powertag","9":"pa_brand-name-schneider-electric-sl","10":"pa_communication-modbus-tcp-ip-sl","11":"pa_device-application-alarm-preobremenitve","12":"pa_device-application-nadzor-napetosti-odklopnika","13":"pa_device-application-obracun-stroskov","14":"pa_mounting-mode-na-odklopnik","15":"pa_mounting-support-na-instalacijski-odklopnik","16":"pa_poles-description-3p-sl","17":"pa_power-quality-analysis-faktor-moci-pf","18":"pa_rated-current-in-63-a-sl","19":"pa_type-of-measurement_2-delovna-energija","20":"pa_type-of-measurement_2-delovna-moc","21":"pa_type-of-measurement_2-faktor-moci","22":"pa_type-of-measurement_2-napetost","23":"pa_type-of-measurement_2-tok","25":"first","26":"instock","27":"taxable","28":"shipping-taxable","29":"purchasable","30":"product-type-simple","31":"berocket_lgv_grid","32":"berocket_lgv_list_grid"},"acf":[],"yoast_head":"<!-- This site is optimized with the Yoast SEO Premium plugin v27.4 (Yoast SEO v27.4) - https:\/\/yoast.com\/product\/yoast-seo-premium-wordpress\/ -->\n<title>Senzor elektri\u010dne energije PowerTag 63A 3P spodaj ali zgoraj od odklopnika\/stikala - dMetering.com<\/title>\n<meta name=\"robots\" content=\"index, follow, max-snippet:-1, max-image-preview:large, max-video-preview:-1\" \/>\n<link rel=\"canonical\" href=\"https:\/\/dmetering.com\/product\/energy-sensor-powertag-63a-3p-top-or-bottom-position-of-the-breaker-or-switch\/\" \/>\n<script type=\"application\/ld+json\" class=\"yoast-schema-graph\">{\"@context\":\"https:\\\/\\\/schema.org\",\"@graph\":[{\"@type\":\"WebPage\",\"@id\":\"https:\\\/\\\/dmetering.com\\\/product\\\/energy-sensor-powertag-63a-3p-top-or-bottom-position-of-the-breaker-or-switch\\\/\",\"url\":\"https:\\\/\\\/dmetering.com\\\/product\\\/energy-sensor-powertag-63a-3p-top-or-bottom-position-of-the-breaker-or-switch\\\/\",\"name\":\"Senzor elektri\u010dne energije PowerTag 63A 3P spodaj ali zgoraj od odklopnika\\\/stikala - dMetering.com\",\"isPartOf\":{\"@id\":\"https:\\\/\\\/dmetering.com\\\/#website\"},\"primaryImageOfPage\":{\"@id\":\"https:\\\/\\\/dmetering.com\\\/product\\\/energy-sensor-powertag-63a-3p-top-or-bottom-position-of-the-breaker-or-switch\\\/#primaryimage\"},\"image\":{\"@id\":\"https:\\\/\\\/dmetering.com\\\/product\\\/energy-sensor-powertag-63a-3p-top-or-bottom-position-of-the-breaker-or-switch\\\/#primaryimage\"},\"thumbnailUrl\":\"https:\\\/\\\/dmetering.com\\\/wp-content\\\/uploads\\\/2024\\\/03\\\/files-11.jpeg\",\"datePublished\":\"2024-10-23T09:06:42+00:00\",\"dateModified\":\"2024-10-23T09:32:56+00:00\",\"breadcrumb\":{\"@id\":\"https:\\\/\\\/dmetering.com\\\/product\\\/energy-sensor-powertag-63a-3p-top-or-bottom-position-of-the-breaker-or-switch\\\/#breadcrumb\"},\"inLanguage\":\"sl-SI\",\"potentialAction\":[{\"@type\":\"ReadAction\",\"target\":[\"https:\\\/\\\/dmetering.com\\\/product\\\/energy-sensor-powertag-63a-3p-top-or-bottom-position-of-the-breaker-or-switch\\\/\"]}]},{\"@type\":\"ImageObject\",\"inLanguage\":\"sl-SI\",\"@id\":\"https:\\\/\\\/dmetering.com\\\/product\\\/energy-sensor-powertag-63a-3p-top-or-bottom-position-of-the-breaker-or-switch\\\/#primaryimage\",\"url\":\"https:\\\/\\\/dmetering.com\\\/wp-content\\\/uploads\\\/2024\\\/03\\\/files-11.jpeg\",\"contentUrl\":\"https:\\\/\\\/dmetering.com\\\/wp-content\\\/uploads\\\/2024\\\/03\\\/files-11.jpeg\",\"width\":1500,\"height\":1500},{\"@type\":\"BreadcrumbList\",\"@id\":\"https:\\\/\\\/dmetering.com\\\/product\\\/energy-sensor-powertag-63a-3p-top-or-bottom-position-of-the-breaker-or-switch\\\/#breadcrumb\",\"itemListElement\":[{\"@type\":\"ListItem\",\"position\":1,\"name\":\"\",\"item\":\"https:\\\/\\\/dmetering.com\\\/sl\\\/\"},{\"@type\":\"ListItem\",\"position\":2,\"name\":\"Vsi izdelki\",\"item\":\"https:\\\/\\\/dmetering.com\\\/sl\\\/spletna-trgovina-stevci-energije-analizatorji-tokovni-transformatorji\\\/\"},{\"@type\":\"ListItem\",\"position\":3,\"name\":\"Senzor elektri\u010dne energije PowerTag 63A 3P spodaj ali zgoraj od odklopnika\\\/stikala\"}]},{\"@type\":\"WebSite\",\"@id\":\"https:\\\/\\\/dmetering.com\\\/#website\",\"url\":\"https:\\\/\\\/dmetering.com\\\/\",\"name\":\"dMetering.com\",\"description\":\"Re\u0161itve spremljanja rabe energije\",\"publisher\":{\"@id\":\"https:\\\/\\\/dmetering.com\\\/#organization\"},\"potentialAction\":[{\"@type\":\"SearchAction\",\"target\":{\"@type\":\"EntryPoint\",\"urlTemplate\":\"https:\\\/\\\/dmetering.com\\\/?s={search_term_string}\"},\"query-input\":{\"@type\":\"PropertyValueSpecification\",\"valueRequired\":true,\"valueName\":\"search_term_string\"}}],\"inLanguage\":\"sl-SI\"},{\"@type\":\"Organization\",\"@id\":\"https:\\\/\\\/dmetering.com\\\/#organization\",\"name\":\"ELCOND d.o.o.\",\"alternateName\":\"dmetering.com\",\"url\":\"https:\\\/\\\/dmetering.com\\\/\",\"logo\":{\"@type\":\"ImageObject\",\"inLanguage\":\"sl-SI\",\"@id\":\"https:\\\/\\\/dmetering.com\\\/#\\\/schema\\\/logo\\\/image\\\/\",\"url\":\"https:\\\/\\\/dmetering.com\\\/wp-content\\\/uploads\\\/2023\\\/07\\\/Logo_DMETERING_transp.png\",\"contentUrl\":\"https:\\\/\\\/dmetering.com\\\/wp-content\\\/uploads\\\/2023\\\/07\\\/Logo_DMETERING_transp.png\",\"width\":709,\"height\":205,\"caption\":\"ELCOND d.o.o.\"},\"image\":{\"@id\":\"https:\\\/\\\/dmetering.com\\\/#\\\/schema\\\/logo\\\/image\\\/\"},\"description\":\"Metering\u2019s mission is to offer efficient energy monitoring solutions at competitive prices and fast availability of it core product ranges. That is to say, we rely on a team of multi-disciplinary professionals, two distribution centres and team of energy managers. Certified energy managers are available to provide specialised technical support to our clients.\",\"email\":\"peter.usenicnik@elcond.si\",\"telephone\":\"+386 1 583 73 72\",\"legalName\":\"ELCOND d.o.o.\",\"foundingDate\":\"2021-01-27\",\"vatID\":\"SI50229508\",\"numberOfEmployees\":{\"@type\":\"QuantitativeValue\",\"minValue\":\"1\",\"maxValue\":\"10\"}}]}<\/script>\n<!-- \/ Yoast SEO Premium plugin. -->","yoast_head_json":{"title":"Senzor elektri\u010dne energije PowerTag 63A 3P spodaj ali zgoraj od odklopnika\/stikala - dMetering.com","robots":{"index":"index","follow":"follow","max-snippet":"max-snippet:-1","max-image-preview":"max-image-preview:large","max-video-preview":"max-video-preview:-1"},"canonical":"https:\/\/dmetering.com\/product\/energy-sensor-powertag-63a-3p-top-or-bottom-position-of-the-breaker-or-switch\/","schema":{"@context":"https:\/\/schema.org","@graph":[{"@type":"WebPage","@id":"https:\/\/dmetering.com\/product\/energy-sensor-powertag-63a-3p-top-or-bottom-position-of-the-breaker-or-switch\/","url":"https:\/\/dmetering.com\/product\/energy-sensor-powertag-63a-3p-top-or-bottom-position-of-the-breaker-or-switch\/","name":"Senzor elektri\u010dne energije PowerTag 63A 3P spodaj ali zgoraj od odklopnika\/stikala - dMetering.com","isPartOf":{"@id":"https:\/\/dmetering.com\/#website"},"primaryImageOfPage":{"@id":"https:\/\/dmetering.com\/product\/energy-sensor-powertag-63a-3p-top-or-bottom-position-of-the-breaker-or-switch\/#primaryimage"},"image":{"@id":"https:\/\/dmetering.com\/product\/energy-sensor-powertag-63a-3p-top-or-bottom-position-of-the-breaker-or-switch\/#primaryimage"},"thumbnailUrl":"https:\/\/dmetering.com\/wp-content\/uploads\/2024\/03\/files-11.jpeg","datePublished":"2024-10-23T09:06:42+00:00","dateModified":"2024-10-23T09:32:56+00:00","breadcrumb":{"@id":"https:\/\/dmetering.com\/product\/energy-sensor-powertag-63a-3p-top-or-bottom-position-of-the-breaker-or-switch\/#breadcrumb"},"inLanguage":"sl-SI","potentialAction":[{"@type":"ReadAction","target":["https:\/\/dmetering.com\/product\/energy-sensor-powertag-63a-3p-top-or-bottom-position-of-the-breaker-or-switch\/"]}]},{"@type":"ImageObject","inLanguage":"sl-SI","@id":"https:\/\/dmetering.com\/product\/energy-sensor-powertag-63a-3p-top-or-bottom-position-of-the-breaker-or-switch\/#primaryimage","url":"https:\/\/dmetering.com\/wp-content\/uploads\/2024\/03\/files-11.jpeg","contentUrl":"https:\/\/dmetering.com\/wp-content\/uploads\/2024\/03\/files-11.jpeg","width":1500,"height":1500},{"@type":"BreadcrumbList","@id":"https:\/\/dmetering.com\/product\/energy-sensor-powertag-63a-3p-top-or-bottom-position-of-the-breaker-or-switch\/#breadcrumb","itemListElement":[{"@type":"ListItem","position":1,"name":"","item":"https:\/\/dmetering.com\/sl\/"},{"@type":"ListItem","position":2,"name":"Vsi izdelki","item":"https:\/\/dmetering.com\/sl\/spletna-trgovina-stevci-energije-analizatorji-tokovni-transformatorji\/"},{"@type":"ListItem","position":3,"name":"Senzor elektri\u010dne energije PowerTag 63A 3P spodaj ali zgoraj od odklopnika\/stikala"}]},{"@type":"WebSite","@id":"https:\/\/dmetering.com\/#website","url":"https:\/\/dmetering.com\/","name":"dMetering.com","description":"Re\u0161itve spremljanja rabe energije","publisher":{"@id":"https:\/\/dmetering.com\/#organization"},"potentialAction":[{"@type":"SearchAction","target":{"@type":"EntryPoint","urlTemplate":"https:\/\/dmetering.com\/?s={search_term_string}"},"query-input":{"@type":"PropertyValueSpecification","valueRequired":true,"valueName":"search_term_string"}}],"inLanguage":"sl-SI"},{"@type":"Organization","@id":"https:\/\/dmetering.com\/#organization","name":"ELCOND d.o.o.","alternateName":"dmetering.com","url":"https:\/\/dmetering.com\/","logo":{"@type":"ImageObject","inLanguage":"sl-SI","@id":"https:\/\/dmetering.com\/#\/schema\/logo\/image\/","url":"https:\/\/dmetering.com\/wp-content\/uploads\/2023\/07\/Logo_DMETERING_transp.png","contentUrl":"https:\/\/dmetering.com\/wp-content\/uploads\/2023\/07\/Logo_DMETERING_transp.png","width":709,"height":205,"caption":"ELCOND d.o.o."},"image":{"@id":"https:\/\/dmetering.com\/#\/schema\/logo\/image\/"},"description":"Metering\u2019s mission is to offer efficient energy monitoring solutions at competitive prices and fast availability of it core product ranges. That is to say, we rely on a team of multi-disciplinary professionals, two distribution centres and team of energy managers. Certified energy managers are available to provide specialised technical support to our clients.","email":"peter.usenicnik@elcond.si","telephone":"+386 1 583 73 72","legalName":"ELCOND d.o.o.","foundingDate":"2021-01-27","vatID":"SI50229508","numberOfEmployees":{"@type":"QuantitativeValue","minValue":"1","maxValue":"10"}}]}},"_links":{"self":[{"href":"https:\/\/dmetering.com\/sl\/wp-json\/wp\/v2\/product\/3872","targetHints":{"allow":["GET"]}}],"collection":[{"href":"https:\/\/dmetering.com\/sl\/wp-json\/wp\/v2\/product"}],"about":[{"href":"https:\/\/dmetering.com\/sl\/wp-json\/wp\/v2\/types\/product"}],"replies":[{"embeddable":true,"href":"https:\/\/dmetering.com\/sl\/wp-json\/wp\/v2\/comments?post=3872"}],"wp:featuredmedia":[{"embeddable":true,"href":"https:\/\/dmetering.com\/sl\/wp-json\/wp\/v2\/media\/2722"}],"wp:attachment":[{"href":"https:\/\/dmetering.com\/sl\/wp-json\/wp\/v2\/media?parent=3872"}],"wp:term":[{"taxonomy":"product_brand","embeddable":true,"href":"https:\/\/dmetering.com\/sl\/wp-json\/wp\/v2\/product_brand?post=3872"},{"taxonomy":"product_cat","embeddable":true,"href":"https:\/\/dmetering.com\/sl\/wp-json\/wp\/v2\/product_cat?post=3872"},{"taxonomy":"product_tag","embeddable":true,"href":"https:\/\/dmetering.com\/sl\/wp-json\/wp\/v2\/product_tag?post=3872"}],"curies":[{"name":"wp","href":"https:\/\/api.w.org\/{rel}","templated":true}]}}