{"id":3883,"date":"2024-10-23T11:07:28","date_gmt":"2024-10-23T09:07:28","guid":{"rendered":"https:\/\/dmetering.com\/trgovina\/nekategorizirano\/senzor-elektricne-energije-powertag-rope-200a-3p-3pn-spodaj-ali-zgoraj-od-odklopnika-stikala\/"},"modified":"2024-10-23T11:33:38","modified_gmt":"2024-10-23T09:33:38","slug":"senzor-elektricne-energije-powertag-rope-200a-3p-3pn-spodaj-ali-zgoraj-od-odklopnika-stikala","status":"publish","type":"product","link":"https:\/\/dmetering.com\/sl\/product\/senzor-elektricne-energije-powertag-rope-200a-3p-3pn-spodaj-ali-zgoraj-od-odklopnika-stikala\/","title":{"rendered":"Senzor elektri\u010dne energije PowerTag Rope 200A 3P\/3P+N spodaj ali zgoraj od odklopnika\/stikala"},"content":{"rendered":"<p>PowerLogic PowerTag Energy R200 3P\/3P+N je brez\u017ei\u010dni (Zigbee) senzor elektri\u010dne energije. S svojo fleksibilno &#8220;Rope&#8221; zasnovo je namenjen za 3P in 3P+N naprave, katerih nazivni tok je manj\u0161i ali enaka200A. Ta razli\u010dica PowerTag Rope je 100-odstotno zdru\u017eljiva z drugimi proizvajalci, kot so ABB, SIEMENS, EATON, Legrand, Schrack, ETI itd., saj ga je mogo\u010de namestiti na kable ali na katerekoli Alu ali bakrene zbiralke. Povezati ga je potrebno s koncentratorjem ali prehodom, da omogo\u010da spremljanje tokokroga in diagnostiko do nivoja bremena. Zasnovan je posebej za aplikacije spremljanja rabe energije, energetske u\u010dinkovitosti in razpolo\u017eljivost napajanja. Ima natan\u010dne meritve aktivne, jalove in navidezne energije, aktivne, jalove in navidezne mo\u010di; toka, napetosti in faktorja mo\u010di v realnem \u010dasu. V primeru izpada elektri\u010dne energije po\u0161lje alarm o izgubi napetosti in vrednost toka po fazi, preden se izklopi. PowerTag Energy R200 je v skladu s standardom IEC 61557-12. Merilnik je PMD-II\/DD\/K70\/1. Razred to\u010dnosti je 1 (Razred 1). Najve\u010dji tok Imax je 200A. Osnovni tok Ib je 30A. Tok nasi\u010denja je 400A in za\u010detni tok Ist je 120mA. Fazna nazivna napetost Un je 100 do 277VAC +\/- 20% in medfazna nazivna napetost 173 do 480VAC +\/- 20%. Najve\u010dja poraba je ni\u017eja ali enaka 3VA. Namestite ga lahko na gole ali izolirane zbiralke ali na kable. Barva izdelka je bela (RAL9003). Te\u017ea je 360g. Stopnja za\u0161\u010dite je IP20 (IP40 prednja stran) in IK05. Delova temperatura je -25\u00b0C do +70\u00b0C. Temperatura skladi\u0161\u010denja je -40\u00b0C do +85\u00b0C.<\/p>\n","protected":false},"excerpt":{"rendered":"<p>Senzor elektri\u010dne energije PowerTag Rope 200A 3P\/3P+N spodaj ali zgoraj od odklopnika\/stikala<\/p>\n","protected":false},"featured_media":2755,"comment_status":"closed","ping_status":"open","template":"","meta":{"_acf_changed":false},"product_brand":[],"product_cat":[38,597,39],"product_tag":[],"class_list":{"0":"post-3883","1":"product","2":"type-product","3":"status-publish","4":"has-post-thumbnail","6":"product_cat-odstevalni-stevci","7":"product_cat-powertag","8":"product_cat-wireless-powertag","9":"pa_brand-name-schneider-electric-sl","10":"pa_communication-modbus-tcp-ip-sl","11":"pa_device-application-alarm-preobremenitve","12":"pa_device-application-nadzor-napetosti-odklopnika","13":"pa_device-application-obracun-stroskov","14":"pa_mounting-mode-din-letev","15":"pa_mounting-support-kable","16":"pa_mounting-support-zbiralke","17":"pa_poles-description-3p-sl","18":"pa_poles-description-3p-n-sl","19":"pa_power-quality-analysis-faktor-moci-pf","20":"pa_rated-current-in-200-a-sl","21":"pa_type-of-measurement_2-aktivna-energija","22":"pa_type-of-measurement_2-aktivna-moc","23":"pa_type-of-measurement_2-faktor-moci","24":"pa_type-of-measurement_2-frekvenca","25":"pa_type-of-measurement_2-jalova-energija","26":"pa_type-of-measurement_2-jalova-moc","27":"pa_type-of-measurement_2-napetost","28":"pa_type-of-measurement_2-navidezna-energija","29":"pa_type-of-measurement_2-navidezna-moc","30":"pa_type-of-measurement_2-notranja-temperatura","31":"pa_type-of-measurement_2-tok","33":"first","34":"instock","35":"taxable","36":"shipping-taxable","37":"purchasable","38":"product-type-simple","39":"berocket_lgv_grid","40":"berocket_lgv_list_grid"},"acf":[],"yoast_head":"<!-- This site is optimized with the Yoast SEO Premium plugin v27.4 (Yoast SEO v27.4) - https:\/\/yoast.com\/product\/yoast-seo-premium-wordpress\/ -->\n<title>Senzor elektri\u010dne energije PowerTag Rope 200A 3P\/3P+N spodaj ali zgoraj od odklopnika\/stikala - dMetering.com<\/title>\n<meta name=\"robots\" content=\"index, follow, max-snippet:-1, max-image-preview:large, max-video-preview:-1\" \/>\n<link rel=\"canonical\" href=\"https:\/\/dmetering.com\/product\/energy-sensor-powertag-rope-200a-3p-3pn-top-or-bottom-position-of-the-breaker-or-switch\/\" \/>\n<script type=\"application\/ld+json\" class=\"yoast-schema-graph\">{\"@context\":\"https:\\\/\\\/schema.org\",\"@graph\":[{\"@type\":\"WebPage\",\"@id\":\"https:\\\/\\\/dmetering.com\\\/product\\\/energy-sensor-powertag-rope-200a-3p-3pn-top-or-bottom-position-of-the-breaker-or-switch\\\/\",\"url\":\"https:\\\/\\\/dmetering.com\\\/product\\\/energy-sensor-powertag-rope-200a-3p-3pn-top-or-bottom-position-of-the-breaker-or-switch\\\/\",\"name\":\"Senzor elektri\u010dne energije PowerTag Rope 200A 3P\\\/3P+N spodaj ali zgoraj od odklopnika\\\/stikala - dMetering.com\",\"isPartOf\":{\"@id\":\"https:\\\/\\\/dmetering.com\\\/#website\"},\"primaryImageOfPage\":{\"@id\":\"https:\\\/\\\/dmetering.com\\\/product\\\/energy-sensor-powertag-rope-200a-3p-3pn-top-or-bottom-position-of-the-breaker-or-switch\\\/#primaryimage\"},\"image\":{\"@id\":\"https:\\\/\\\/dmetering.com\\\/product\\\/energy-sensor-powertag-rope-200a-3p-3pn-top-or-bottom-position-of-the-breaker-or-switch\\\/#primaryimage\"},\"thumbnailUrl\":\"https:\\\/\\\/dmetering.com\\\/wp-content\\\/uploads\\\/2024\\\/03\\\/files-22.jpeg\",\"datePublished\":\"2024-10-23T09:07:28+00:00\",\"dateModified\":\"2024-10-23T09:33:38+00:00\",\"breadcrumb\":{\"@id\":\"https:\\\/\\\/dmetering.com\\\/product\\\/energy-sensor-powertag-rope-200a-3p-3pn-top-or-bottom-position-of-the-breaker-or-switch\\\/#breadcrumb\"},\"inLanguage\":\"sl-SI\",\"potentialAction\":[{\"@type\":\"ReadAction\",\"target\":[\"https:\\\/\\\/dmetering.com\\\/product\\\/energy-sensor-powertag-rope-200a-3p-3pn-top-or-bottom-position-of-the-breaker-or-switch\\\/\"]}]},{\"@type\":\"ImageObject\",\"inLanguage\":\"sl-SI\",\"@id\":\"https:\\\/\\\/dmetering.com\\\/product\\\/energy-sensor-powertag-rope-200a-3p-3pn-top-or-bottom-position-of-the-breaker-or-switch\\\/#primaryimage\",\"url\":\"https:\\\/\\\/dmetering.com\\\/wp-content\\\/uploads\\\/2024\\\/03\\\/files-22.jpeg\",\"contentUrl\":\"https:\\\/\\\/dmetering.com\\\/wp-content\\\/uploads\\\/2024\\\/03\\\/files-22.jpeg\",\"width\":1500,\"height\":1500},{\"@type\":\"BreadcrumbList\",\"@id\":\"https:\\\/\\\/dmetering.com\\\/product\\\/energy-sensor-powertag-rope-200a-3p-3pn-top-or-bottom-position-of-the-breaker-or-switch\\\/#breadcrumb\",\"itemListElement\":[{\"@type\":\"ListItem\",\"position\":1,\"name\":\"\",\"item\":\"https:\\\/\\\/dmetering.com\\\/sl\\\/\"},{\"@type\":\"ListItem\",\"position\":2,\"name\":\"Vsi izdelki\",\"item\":\"https:\\\/\\\/dmetering.com\\\/sl\\\/spletna-trgovina-stevci-energije-analizatorji-tokovni-transformatorji\\\/\"},{\"@type\":\"ListItem\",\"position\":3,\"name\":\"Senzor elektri\u010dne energije PowerTag Rope 200A 3P\\\/3P+N spodaj ali zgoraj od odklopnika\\\/stikala\"}]},{\"@type\":\"WebSite\",\"@id\":\"https:\\\/\\\/dmetering.com\\\/#website\",\"url\":\"https:\\\/\\\/dmetering.com\\\/\",\"name\":\"dMetering.com\",\"description\":\"Re\u0161itve spremljanja rabe energije\",\"publisher\":{\"@id\":\"https:\\\/\\\/dmetering.com\\\/#organization\"},\"potentialAction\":[{\"@type\":\"SearchAction\",\"target\":{\"@type\":\"EntryPoint\",\"urlTemplate\":\"https:\\\/\\\/dmetering.com\\\/?s={search_term_string}\"},\"query-input\":{\"@type\":\"PropertyValueSpecification\",\"valueRequired\":true,\"valueName\":\"search_term_string\"}}],\"inLanguage\":\"sl-SI\"},{\"@type\":\"Organization\",\"@id\":\"https:\\\/\\\/dmetering.com\\\/#organization\",\"name\":\"ELCOND d.o.o.\",\"alternateName\":\"dmetering.com\",\"url\":\"https:\\\/\\\/dmetering.com\\\/\",\"logo\":{\"@type\":\"ImageObject\",\"inLanguage\":\"sl-SI\",\"@id\":\"https:\\\/\\\/dmetering.com\\\/#\\\/schema\\\/logo\\\/image\\\/\",\"url\":\"https:\\\/\\\/dmetering.com\\\/wp-content\\\/uploads\\\/2023\\\/07\\\/Logo_DMETERING_transp.png\",\"contentUrl\":\"https:\\\/\\\/dmetering.com\\\/wp-content\\\/uploads\\\/2023\\\/07\\\/Logo_DMETERING_transp.png\",\"width\":709,\"height\":205,\"caption\":\"ELCOND d.o.o.\"},\"image\":{\"@id\":\"https:\\\/\\\/dmetering.com\\\/#\\\/schema\\\/logo\\\/image\\\/\"},\"description\":\"Metering\u2019s mission is to offer efficient energy monitoring solutions at competitive prices and fast availability of it core product ranges. That is to say, we rely on a team of multi-disciplinary professionals, two distribution centres and team of energy managers. Certified energy managers are available to provide specialised technical support to our clients.\",\"email\":\"peter.usenicnik@elcond.si\",\"telephone\":\"+386 1 583 73 72\",\"legalName\":\"ELCOND d.o.o.\",\"foundingDate\":\"2021-01-27\",\"vatID\":\"SI50229508\",\"numberOfEmployees\":{\"@type\":\"QuantitativeValue\",\"minValue\":\"1\",\"maxValue\":\"10\"}}]}<\/script>\n<!-- \/ Yoast SEO Premium plugin. -->","yoast_head_json":{"title":"Senzor elektri\u010dne energije PowerTag Rope 200A 3P\/3P+N spodaj ali zgoraj od odklopnika\/stikala - dMetering.com","robots":{"index":"index","follow":"follow","max-snippet":"max-snippet:-1","max-image-preview":"max-image-preview:large","max-video-preview":"max-video-preview:-1"},"canonical":"https:\/\/dmetering.com\/product\/energy-sensor-powertag-rope-200a-3p-3pn-top-or-bottom-position-of-the-breaker-or-switch\/","schema":{"@context":"https:\/\/schema.org","@graph":[{"@type":"WebPage","@id":"https:\/\/dmetering.com\/product\/energy-sensor-powertag-rope-200a-3p-3pn-top-or-bottom-position-of-the-breaker-or-switch\/","url":"https:\/\/dmetering.com\/product\/energy-sensor-powertag-rope-200a-3p-3pn-top-or-bottom-position-of-the-breaker-or-switch\/","name":"Senzor elektri\u010dne energije PowerTag Rope 200A 3P\/3P+N spodaj ali zgoraj od odklopnika\/stikala - dMetering.com","isPartOf":{"@id":"https:\/\/dmetering.com\/#website"},"primaryImageOfPage":{"@id":"https:\/\/dmetering.com\/product\/energy-sensor-powertag-rope-200a-3p-3pn-top-or-bottom-position-of-the-breaker-or-switch\/#primaryimage"},"image":{"@id":"https:\/\/dmetering.com\/product\/energy-sensor-powertag-rope-200a-3p-3pn-top-or-bottom-position-of-the-breaker-or-switch\/#primaryimage"},"thumbnailUrl":"https:\/\/dmetering.com\/wp-content\/uploads\/2024\/03\/files-22.jpeg","datePublished":"2024-10-23T09:07:28+00:00","dateModified":"2024-10-23T09:33:38+00:00","breadcrumb":{"@id":"https:\/\/dmetering.com\/product\/energy-sensor-powertag-rope-200a-3p-3pn-top-or-bottom-position-of-the-breaker-or-switch\/#breadcrumb"},"inLanguage":"sl-SI","potentialAction":[{"@type":"ReadAction","target":["https:\/\/dmetering.com\/product\/energy-sensor-powertag-rope-200a-3p-3pn-top-or-bottom-position-of-the-breaker-or-switch\/"]}]},{"@type":"ImageObject","inLanguage":"sl-SI","@id":"https:\/\/dmetering.com\/product\/energy-sensor-powertag-rope-200a-3p-3pn-top-or-bottom-position-of-the-breaker-or-switch\/#primaryimage","url":"https:\/\/dmetering.com\/wp-content\/uploads\/2024\/03\/files-22.jpeg","contentUrl":"https:\/\/dmetering.com\/wp-content\/uploads\/2024\/03\/files-22.jpeg","width":1500,"height":1500},{"@type":"BreadcrumbList","@id":"https:\/\/dmetering.com\/product\/energy-sensor-powertag-rope-200a-3p-3pn-top-or-bottom-position-of-the-breaker-or-switch\/#breadcrumb","itemListElement":[{"@type":"ListItem","position":1,"name":"","item":"https:\/\/dmetering.com\/sl\/"},{"@type":"ListItem","position":2,"name":"Vsi izdelki","item":"https:\/\/dmetering.com\/sl\/spletna-trgovina-stevci-energije-analizatorji-tokovni-transformatorji\/"},{"@type":"ListItem","position":3,"name":"Senzor elektri\u010dne energije PowerTag Rope 200A 3P\/3P+N spodaj ali zgoraj od odklopnika\/stikala"}]},{"@type":"WebSite","@id":"https:\/\/dmetering.com\/#website","url":"https:\/\/dmetering.com\/","name":"dMetering.com","description":"Re\u0161itve spremljanja rabe energije","publisher":{"@id":"https:\/\/dmetering.com\/#organization"},"potentialAction":[{"@type":"SearchAction","target":{"@type":"EntryPoint","urlTemplate":"https:\/\/dmetering.com\/?s={search_term_string}"},"query-input":{"@type":"PropertyValueSpecification","valueRequired":true,"valueName":"search_term_string"}}],"inLanguage":"sl-SI"},{"@type":"Organization","@id":"https:\/\/dmetering.com\/#organization","name":"ELCOND d.o.o.","alternateName":"dmetering.com","url":"https:\/\/dmetering.com\/","logo":{"@type":"ImageObject","inLanguage":"sl-SI","@id":"https:\/\/dmetering.com\/#\/schema\/logo\/image\/","url":"https:\/\/dmetering.com\/wp-content\/uploads\/2023\/07\/Logo_DMETERING_transp.png","contentUrl":"https:\/\/dmetering.com\/wp-content\/uploads\/2023\/07\/Logo_DMETERING_transp.png","width":709,"height":205,"caption":"ELCOND d.o.o."},"image":{"@id":"https:\/\/dmetering.com\/#\/schema\/logo\/image\/"},"description":"Metering\u2019s mission is to offer efficient energy monitoring solutions at competitive prices and fast availability of it core product ranges. That is to say, we rely on a team of multi-disciplinary professionals, two distribution centres and team of energy managers. Certified energy managers are available to provide specialised technical support to our clients.","email":"peter.usenicnik@elcond.si","telephone":"+386 1 583 73 72","legalName":"ELCOND d.o.o.","foundingDate":"2021-01-27","vatID":"SI50229508","numberOfEmployees":{"@type":"QuantitativeValue","minValue":"1","maxValue":"10"}}]}},"_links":{"self":[{"href":"https:\/\/dmetering.com\/sl\/wp-json\/wp\/v2\/product\/3883","targetHints":{"allow":["GET"]}}],"collection":[{"href":"https:\/\/dmetering.com\/sl\/wp-json\/wp\/v2\/product"}],"about":[{"href":"https:\/\/dmetering.com\/sl\/wp-json\/wp\/v2\/types\/product"}],"replies":[{"embeddable":true,"href":"https:\/\/dmetering.com\/sl\/wp-json\/wp\/v2\/comments?post=3883"}],"wp:featuredmedia":[{"embeddable":true,"href":"https:\/\/dmetering.com\/sl\/wp-json\/wp\/v2\/media\/2755"}],"wp:attachment":[{"href":"https:\/\/dmetering.com\/sl\/wp-json\/wp\/v2\/media?parent=3883"}],"wp:term":[{"taxonomy":"product_brand","embeddable":true,"href":"https:\/\/dmetering.com\/sl\/wp-json\/wp\/v2\/product_brand?post=3883"},{"taxonomy":"product_cat","embeddable":true,"href":"https:\/\/dmetering.com\/sl\/wp-json\/wp\/v2\/product_cat?post=3883"},{"taxonomy":"product_tag","embeddable":true,"href":"https:\/\/dmetering.com\/sl\/wp-json\/wp\/v2\/product_tag?post=3883"}],"curies":[{"name":"wp","href":"https:\/\/api.w.org\/{rel}","templated":true}]}}