{"id":3889,"date":"2024-10-23T11:07:53","date_gmt":"2024-10-23T09:07:53","guid":{"rendered":"https:\/\/dmetering.com\/trgovina\/nekategorizirano\/iem2010-neposredni-enofazni-merilnik-elektricne-energije-230v-40a-pulzni-izhod\/"},"modified":"2025-10-22T22:40:54","modified_gmt":"2025-10-22T20:40:54","slug":"iem2010-neposredni-enofazni-merilnik-elektricne-energije-230v-40a-pulzni-izhod","status":"publish","type":"product","link":"https:\/\/dmetering.com\/sl\/product\/iem2010-neposredni-enofazni-merilnik-elektricne-energije-230v-40a-pulzni-izhod\/","title":{"rendered":"iEM2010 neposredni enofazni merilnik elektri\u010dne energije &#8211; 230V &#8211; 40A &#8211; pulzni izhod"},"content":{"rendered":"<p>Merilniki energije serije Acti9 iEM2000 so zanimiva ponudba enofaznih od\u0161tevalnih \u0161tevcev, ki se montirajo na DIN letev in so namenjeni za obra\u010dunavanje ali delne meritve. Ta dru\u017eina izdelkov se lahko uporablja za spremljanje porabe elektri\u010dne energije za vsako nadstropje, pisarni\u0161ki sektor ali enoto pri razporejanju stro\u0161kov energije pri upravljanju stavbe. Ima 7-mestni mehanski zaslon, ki prikazuje delovno energijo. Merilnik meri delovno energijo v skladu s standardom IEC 62053-21 in zagotavlja to\u010dnost razreda 1. Primeren je za omre\u017eje 230 VAC z razponom napajalne napetosti 184 do 276 VAC pri 50 Hz ali 60 Hz. Neposredno merjenje elektri\u010dnega toka do 40 A z 32 vzorci na cikel samo v 1P+N konfiguraciji. Komunikacijo zagotavlja 1 impulzni izhod. Dimenzije izdelka so naslednje: \u0161irina 18 mm, globina 67 mm, vi\u0161ina 95 mm in te\u017ea izdelka 73 g. Ta razli\u010dica je skladna s standardom EN 50470-3 razred B, direktiva o merilnih instrumentih (MID). Zdru\u017eljiv je s programsko opremo za spremljanje rabe energije, da lahko izkoristite prednosti interneta stvari (IoT).<\/p>\n","protected":false},"excerpt":{"rendered":"<p>iEM2010 neposredni enofazni merilnik elektri\u010dne energije &#8211; 230V &#8211; 40A &#8211; pulzni izhod<\/p>\n","protected":false},"featured_media":2773,"comment_status":"closed","ping_status":"open","template":"","meta":{"_acf_changed":false},"product_brand":[],"product_cat":[598,57,38],"product_tag":[],"class_list":{"0":"post-3889","1":"product","2":"type-product","3":"status-publish","4":"has-post-thumbnail","6":"product_cat-1-fazni-odstevalni-stevci-elektricne-energije","7":"product_cat-1-fazni-odstevalni-stevci-elektricne-energije-merilni-instrumenti","8":"product_cat-odstevalni-stevci","9":"pa_brand-name-schneider-electric-sl","10":"pa_device-application-obracun-stroskov","11":"pa_mounting-mode-din-letev","12":"pa_poles-description-1p-n-sl","13":"pa_rated-current-in-40-a-sl","14":"pa_type-of-measurement_2-delovna-moc","16":"first","17":"instock","18":"taxable","19":"shipping-taxable","20":"purchasable","21":"product-type-simple","22":"berocket_lgv_grid","23":"berocket_lgv_list_grid"},"acf":[],"yoast_head":"<!-- This site is optimized with the Yoast SEO Premium plugin v27.4 (Yoast SEO v27.4) - https:\/\/yoast.com\/product\/yoast-seo-premium-wordpress\/ -->\n<title>iEM2010 neposredni enofazni merilnik elektri\u010dne energije - 230V - 40A - pulzni izhod - dMetering.com<\/title>\n<meta name=\"robots\" content=\"index, follow, max-snippet:-1, max-image-preview:large, max-video-preview:-1\" \/>\n<link rel=\"canonical\" href=\"https:\/\/dmetering.com\/product\/iem2010-direct-single-phase-energy-meter-230v-40a-pulse-output\/\" \/>\n<script type=\"application\/ld+json\" class=\"yoast-schema-graph\">{\"@context\":\"https:\\\/\\\/schema.org\",\"@graph\":[{\"@type\":\"WebPage\",\"@id\":\"https:\\\/\\\/dmetering.com\\\/product\\\/iem2010-direct-single-phase-energy-meter-230v-40a-pulse-output\\\/\",\"url\":\"https:\\\/\\\/dmetering.com\\\/product\\\/iem2010-direct-single-phase-energy-meter-230v-40a-pulse-output\\\/\",\"name\":\"iEM2010 neposredni enofazni merilnik elektri\u010dne energije - 230V - 40A - pulzni izhod - dMetering.com\",\"isPartOf\":{\"@id\":\"https:\\\/\\\/dmetering.com\\\/#website\"},\"primaryImageOfPage\":{\"@id\":\"https:\\\/\\\/dmetering.com\\\/product\\\/iem2010-direct-single-phase-energy-meter-230v-40a-pulse-output\\\/#primaryimage\"},\"image\":{\"@id\":\"https:\\\/\\\/dmetering.com\\\/product\\\/iem2010-direct-single-phase-energy-meter-230v-40a-pulse-output\\\/#primaryimage\"},\"thumbnailUrl\":\"https:\\\/\\\/dmetering.com\\\/wp-content\\\/uploads\\\/2024\\\/03\\\/files-28.jpeg\",\"datePublished\":\"2024-10-23T09:07:53+00:00\",\"dateModified\":\"2025-10-22T20:40:54+00:00\",\"breadcrumb\":{\"@id\":\"https:\\\/\\\/dmetering.com\\\/product\\\/iem2010-direct-single-phase-energy-meter-230v-40a-pulse-output\\\/#breadcrumb\"},\"inLanguage\":\"sl-SI\",\"potentialAction\":[{\"@type\":\"ReadAction\",\"target\":[\"https:\\\/\\\/dmetering.com\\\/product\\\/iem2010-direct-single-phase-energy-meter-230v-40a-pulse-output\\\/\"]}]},{\"@type\":\"ImageObject\",\"inLanguage\":\"sl-SI\",\"@id\":\"https:\\\/\\\/dmetering.com\\\/product\\\/iem2010-direct-single-phase-energy-meter-230v-40a-pulse-output\\\/#primaryimage\",\"url\":\"https:\\\/\\\/dmetering.com\\\/wp-content\\\/uploads\\\/2024\\\/03\\\/files-28.jpeg\",\"contentUrl\":\"https:\\\/\\\/dmetering.com\\\/wp-content\\\/uploads\\\/2024\\\/03\\\/files-28.jpeg\",\"width\":1500,\"height\":1500},{\"@type\":\"BreadcrumbList\",\"@id\":\"https:\\\/\\\/dmetering.com\\\/product\\\/iem2010-direct-single-phase-energy-meter-230v-40a-pulse-output\\\/#breadcrumb\",\"itemListElement\":[{\"@type\":\"ListItem\",\"position\":1,\"name\":\"\",\"item\":\"https:\\\/\\\/dmetering.com\\\/sl\\\/\"},{\"@type\":\"ListItem\",\"position\":2,\"name\":\"Vsi izdelki\",\"item\":\"https:\\\/\\\/dmetering.com\\\/sl\\\/spletna-trgovina-stevci-energije-analizatorji-tokovni-transformatorji\\\/\"},{\"@type\":\"ListItem\",\"position\":3,\"name\":\"iEM2010 neposredni enofazni merilnik elektri\u010dne energije &#8211; 230V &#8211; 40A &#8211; pulzni izhod\"}]},{\"@type\":\"WebSite\",\"@id\":\"https:\\\/\\\/dmetering.com\\\/#website\",\"url\":\"https:\\\/\\\/dmetering.com\\\/\",\"name\":\"dMetering.com\",\"description\":\"Re\u0161itve spremljanja rabe energije\",\"publisher\":{\"@id\":\"https:\\\/\\\/dmetering.com\\\/#organization\"},\"potentialAction\":[{\"@type\":\"SearchAction\",\"target\":{\"@type\":\"EntryPoint\",\"urlTemplate\":\"https:\\\/\\\/dmetering.com\\\/?s={search_term_string}\"},\"query-input\":{\"@type\":\"PropertyValueSpecification\",\"valueRequired\":true,\"valueName\":\"search_term_string\"}}],\"inLanguage\":\"sl-SI\"},{\"@type\":\"Organization\",\"@id\":\"https:\\\/\\\/dmetering.com\\\/#organization\",\"name\":\"ELCOND d.o.o.\",\"alternateName\":\"dmetering.com\",\"url\":\"https:\\\/\\\/dmetering.com\\\/\",\"logo\":{\"@type\":\"ImageObject\",\"inLanguage\":\"sl-SI\",\"@id\":\"https:\\\/\\\/dmetering.com\\\/#\\\/schema\\\/logo\\\/image\\\/\",\"url\":\"https:\\\/\\\/dmetering.com\\\/wp-content\\\/uploads\\\/2023\\\/07\\\/Logo_DMETERING_transp.png\",\"contentUrl\":\"https:\\\/\\\/dmetering.com\\\/wp-content\\\/uploads\\\/2023\\\/07\\\/Logo_DMETERING_transp.png\",\"width\":709,\"height\":205,\"caption\":\"ELCOND d.o.o.\"},\"image\":{\"@id\":\"https:\\\/\\\/dmetering.com\\\/#\\\/schema\\\/logo\\\/image\\\/\"},\"description\":\"Metering\u2019s mission is to offer efficient energy monitoring solutions at competitive prices and fast availability of it core product ranges. That is to say, we rely on a team of multi-disciplinary professionals, two distribution centres and team of energy managers. Certified energy managers are available to provide specialised technical support to our clients.\",\"email\":\"peter.usenicnik@elcond.si\",\"telephone\":\"+386 1 583 73 72\",\"legalName\":\"ELCOND d.o.o.\",\"foundingDate\":\"2021-01-27\",\"vatID\":\"SI50229508\",\"numberOfEmployees\":{\"@type\":\"QuantitativeValue\",\"minValue\":\"1\",\"maxValue\":\"10\"}}]}<\/script>\n<!-- \/ Yoast SEO Premium plugin. -->","yoast_head_json":{"title":"iEM2010 neposredni enofazni merilnik elektri\u010dne energije - 230V - 40A - pulzni izhod - dMetering.com","robots":{"index":"index","follow":"follow","max-snippet":"max-snippet:-1","max-image-preview":"max-image-preview:large","max-video-preview":"max-video-preview:-1"},"canonical":"https:\/\/dmetering.com\/product\/iem2010-direct-single-phase-energy-meter-230v-40a-pulse-output\/","schema":{"@context":"https:\/\/schema.org","@graph":[{"@type":"WebPage","@id":"https:\/\/dmetering.com\/product\/iem2010-direct-single-phase-energy-meter-230v-40a-pulse-output\/","url":"https:\/\/dmetering.com\/product\/iem2010-direct-single-phase-energy-meter-230v-40a-pulse-output\/","name":"iEM2010 neposredni enofazni merilnik elektri\u010dne energije - 230V - 40A - pulzni izhod - dMetering.com","isPartOf":{"@id":"https:\/\/dmetering.com\/#website"},"primaryImageOfPage":{"@id":"https:\/\/dmetering.com\/product\/iem2010-direct-single-phase-energy-meter-230v-40a-pulse-output\/#primaryimage"},"image":{"@id":"https:\/\/dmetering.com\/product\/iem2010-direct-single-phase-energy-meter-230v-40a-pulse-output\/#primaryimage"},"thumbnailUrl":"https:\/\/dmetering.com\/wp-content\/uploads\/2024\/03\/files-28.jpeg","datePublished":"2024-10-23T09:07:53+00:00","dateModified":"2025-10-22T20:40:54+00:00","breadcrumb":{"@id":"https:\/\/dmetering.com\/product\/iem2010-direct-single-phase-energy-meter-230v-40a-pulse-output\/#breadcrumb"},"inLanguage":"sl-SI","potentialAction":[{"@type":"ReadAction","target":["https:\/\/dmetering.com\/product\/iem2010-direct-single-phase-energy-meter-230v-40a-pulse-output\/"]}]},{"@type":"ImageObject","inLanguage":"sl-SI","@id":"https:\/\/dmetering.com\/product\/iem2010-direct-single-phase-energy-meter-230v-40a-pulse-output\/#primaryimage","url":"https:\/\/dmetering.com\/wp-content\/uploads\/2024\/03\/files-28.jpeg","contentUrl":"https:\/\/dmetering.com\/wp-content\/uploads\/2024\/03\/files-28.jpeg","width":1500,"height":1500},{"@type":"BreadcrumbList","@id":"https:\/\/dmetering.com\/product\/iem2010-direct-single-phase-energy-meter-230v-40a-pulse-output\/#breadcrumb","itemListElement":[{"@type":"ListItem","position":1,"name":"","item":"https:\/\/dmetering.com\/sl\/"},{"@type":"ListItem","position":2,"name":"Vsi izdelki","item":"https:\/\/dmetering.com\/sl\/spletna-trgovina-stevci-energije-analizatorji-tokovni-transformatorji\/"},{"@type":"ListItem","position":3,"name":"iEM2010 neposredni enofazni merilnik elektri\u010dne energije &#8211; 230V &#8211; 40A &#8211; pulzni izhod"}]},{"@type":"WebSite","@id":"https:\/\/dmetering.com\/#website","url":"https:\/\/dmetering.com\/","name":"dMetering.com","description":"Re\u0161itve spremljanja rabe energije","publisher":{"@id":"https:\/\/dmetering.com\/#organization"},"potentialAction":[{"@type":"SearchAction","target":{"@type":"EntryPoint","urlTemplate":"https:\/\/dmetering.com\/?s={search_term_string}"},"query-input":{"@type":"PropertyValueSpecification","valueRequired":true,"valueName":"search_term_string"}}],"inLanguage":"sl-SI"},{"@type":"Organization","@id":"https:\/\/dmetering.com\/#organization","name":"ELCOND d.o.o.","alternateName":"dmetering.com","url":"https:\/\/dmetering.com\/","logo":{"@type":"ImageObject","inLanguage":"sl-SI","@id":"https:\/\/dmetering.com\/#\/schema\/logo\/image\/","url":"https:\/\/dmetering.com\/wp-content\/uploads\/2023\/07\/Logo_DMETERING_transp.png","contentUrl":"https:\/\/dmetering.com\/wp-content\/uploads\/2023\/07\/Logo_DMETERING_transp.png","width":709,"height":205,"caption":"ELCOND d.o.o."},"image":{"@id":"https:\/\/dmetering.com\/#\/schema\/logo\/image\/"},"description":"Metering\u2019s mission is to offer efficient energy monitoring solutions at competitive prices and fast availability of it core product ranges. That is to say, we rely on a team of multi-disciplinary professionals, two distribution centres and team of energy managers. Certified energy managers are available to provide specialised technical support to our clients.","email":"peter.usenicnik@elcond.si","telephone":"+386 1 583 73 72","legalName":"ELCOND d.o.o.","foundingDate":"2021-01-27","vatID":"SI50229508","numberOfEmployees":{"@type":"QuantitativeValue","minValue":"1","maxValue":"10"}}]}},"_links":{"self":[{"href":"https:\/\/dmetering.com\/sl\/wp-json\/wp\/v2\/product\/3889","targetHints":{"allow":["GET"]}}],"collection":[{"href":"https:\/\/dmetering.com\/sl\/wp-json\/wp\/v2\/product"}],"about":[{"href":"https:\/\/dmetering.com\/sl\/wp-json\/wp\/v2\/types\/product"}],"replies":[{"embeddable":true,"href":"https:\/\/dmetering.com\/sl\/wp-json\/wp\/v2\/comments?post=3889"}],"wp:featuredmedia":[{"embeddable":true,"href":"https:\/\/dmetering.com\/sl\/wp-json\/wp\/v2\/media\/2773"}],"wp:attachment":[{"href":"https:\/\/dmetering.com\/sl\/wp-json\/wp\/v2\/media?parent=3889"}],"wp:term":[{"taxonomy":"product_brand","embeddable":true,"href":"https:\/\/dmetering.com\/sl\/wp-json\/wp\/v2\/product_brand?post=3889"},{"taxonomy":"product_cat","embeddable":true,"href":"https:\/\/dmetering.com\/sl\/wp-json\/wp\/v2\/product_cat?post=3889"},{"taxonomy":"product_tag","embeddable":true,"href":"https:\/\/dmetering.com\/sl\/wp-json\/wp\/v2\/product_tag?post=3889"}],"curies":[{"name":"wp","href":"https:\/\/api.w.org\/{rel}","templated":true}]}}