{"id":3891,"date":"2024-10-23T11:08:03","date_gmt":"2024-10-23T09:08:03","guid":{"rendered":"https:\/\/dmetering.com\/trgovina\/nekategorizirano\/iem2055-neposredni-enofazni-merilnik-elektricne-energije-230v-45a-modbus-mid\/"},"modified":"2025-10-22T22:40:54","modified_gmt":"2025-10-22T20:40:54","slug":"iem2055-neposredni-enofazni-merilnik-elektricne-energije-230v-45a-modbus-mid","status":"publish","type":"product","link":"https:\/\/dmetering.com\/sl\/product\/iem2055-neposredni-enofazni-merilnik-elektricne-energije-230v-45a-modbus-mid\/","title":{"rendered":"iEM2055 neposredni enofazni merilnik elektri\u010dne energije &#8211; 230V &#8211; 45A &#8211; Modbus &#8211; MID"},"content":{"rendered":"<p>Serija \u0161tevcev energije Acti9 iEM2055 je enofazni \u0161tevec energije, ki se montira na DIN letev  in je namenjen osnovnemu merjenju. Ta dru\u017eina izdelkov se lahko uporablja za spremljanje porabe elektri\u010dne energije za vsak sektor, enoto ali delavnico in nadzor elektri\u010dnih in\u0161talacij za upravljanje stavbe. Za prikaz izmerjenih elektri\u010dnih parametrov je opremljen z 8-znakovnim zaslonom LCD in rde\u010dim indikatorjem LED. Merilnik, ki zagotavlja natan\u010dnost aktivne energije razreda 1 po standardu IEC 62053-21, meri aktivno in jalovo mo\u010d, aktivno in jalovo energijo, napetost in tok. Primeren je za omre\u017eje 230 VAC z razponom napajalne napetosti od 96 do 276 VAC pri 50 Hz ali 60 Hz. Merjenje toka z direktno povezavo do 63 A z 32 vzorci na cikel samo v enofazni in nevtralni konfiguraciji. Komunikacijski protokol je Modbus RTU s podporo za 3 \u017ei\u010dne priklju\u010dke, brez dodatnih komunikacijskih priklju\u010dkov. Z namenskim vhodom za preklop tarif boste lahko preklapljali med dvema tarifama. Dimenzije izdelka so naslednje: \u0161irina 36 mm, globina 64 mm, vi\u0161ina 90 mm in te\u017ea izdelka 175 g. Ta razli\u010dica je skladna s standardom EN 50470-3 razred B, direktiva o merilnih instrumentih (MID). Zdru\u017eljiv je s programsko opremo za upravljanje energije, ki omogo\u010da izkori\u0161\u010danje prednosti digitalne napeljave interneta stvari.<\/p>\n","protected":false},"excerpt":{"rendered":"<p>iEM2055 neposredni enofazni merilnik elektri\u010dne energije &#8211; 230V &#8211; 45A &#8211; Modbus &#8211; MID<\/p>\n","protected":false},"featured_media":2778,"comment_status":"closed","ping_status":"open","template":"","meta":{"_acf_changed":false},"product_brand":[],"product_cat":[57,598,38],"product_tag":[],"class_list":{"0":"post-3891","1":"product","2":"type-product","3":"status-publish","4":"has-post-thumbnail","6":"product_cat-1-fazni-odstevalni-stevci-elektricne-energije-merilni-instrumenti","7":"product_cat-1-fazni-odstevalni-stevci-elektricne-energije","8":"product_cat-odstevalni-stevci","9":"pa_brand-name-schneider-electric-sl","10":"pa_communication-modbus-rs485-sl","11":"pa_device-application-delni-stevec","12":"pa_device-application-obracun-stroskov","13":"pa_device-application-vectarifno-merjenje","14":"pa_mounting-mode-din-letev","15":"pa_poles-description-1p-n-sl","16":"pa_rated-current-in-45-a-sl","17":"pa_type-of-measurement_2-aktivna-energija","18":"pa_type-of-measurement_2-aktivna-moc","19":"pa_type-of-measurement_2-faktor-moci","20":"pa_type-of-measurement_2-frekvenca","21":"pa_type-of-measurement_2-jalova-energija","22":"pa_type-of-measurement_2-jalova-moc","23":"pa_type-of-measurement_2-napetost","24":"pa_type-of-measurement_2-navidezna-moc","25":"pa_type-of-measurement_2-tok","27":"first","28":"instock","29":"taxable","30":"shipping-taxable","31":"purchasable","32":"product-type-simple","33":"berocket_lgv_grid","34":"berocket_lgv_list_grid"},"acf":[],"yoast_head":"<!-- This site is optimized with the Yoast SEO Premium plugin v27.4 (Yoast SEO v27.4) - https:\/\/yoast.com\/product\/yoast-seo-premium-wordpress\/ -->\n<title>iEM2055 neposredni enofazni merilnik elektri\u010dne energije - 230V - 45A - Modbus - MID - dMetering.com<\/title>\n<meta name=\"robots\" content=\"index, follow, max-snippet:-1, max-image-preview:large, max-video-preview:-1\" \/>\n<link rel=\"canonical\" href=\"https:\/\/dmetering.com\/product\/iem2055-direct-single-phase-energy-meter-230v-45a-modbus-mid\/\" \/>\n<script type=\"application\/ld+json\" class=\"yoast-schema-graph\">{\"@context\":\"https:\\\/\\\/schema.org\",\"@graph\":[{\"@type\":\"WebPage\",\"@id\":\"https:\\\/\\\/dmetering.com\\\/product\\\/iem2055-direct-single-phase-energy-meter-230v-45a-modbus-mid\\\/\",\"url\":\"https:\\\/\\\/dmetering.com\\\/product\\\/iem2055-direct-single-phase-energy-meter-230v-45a-modbus-mid\\\/\",\"name\":\"iEM2055 neposredni enofazni merilnik elektri\u010dne energije - 230V - 45A - Modbus - MID - dMetering.com\",\"isPartOf\":{\"@id\":\"https:\\\/\\\/dmetering.com\\\/#website\"},\"primaryImageOfPage\":{\"@id\":\"https:\\\/\\\/dmetering.com\\\/product\\\/iem2055-direct-single-phase-energy-meter-230v-45a-modbus-mid\\\/#primaryimage\"},\"image\":{\"@id\":\"https:\\\/\\\/dmetering.com\\\/product\\\/iem2055-direct-single-phase-energy-meter-230v-45a-modbus-mid\\\/#primaryimage\"},\"thumbnailUrl\":\"https:\\\/\\\/dmetering.com\\\/wp-content\\\/uploads\\\/2024\\\/03\\\/files.jpeg\",\"datePublished\":\"2024-10-23T09:08:03+00:00\",\"dateModified\":\"2025-10-22T20:40:54+00:00\",\"breadcrumb\":{\"@id\":\"https:\\\/\\\/dmetering.com\\\/product\\\/iem2055-direct-single-phase-energy-meter-230v-45a-modbus-mid\\\/#breadcrumb\"},\"inLanguage\":\"sl-SI\",\"potentialAction\":[{\"@type\":\"ReadAction\",\"target\":[\"https:\\\/\\\/dmetering.com\\\/product\\\/iem2055-direct-single-phase-energy-meter-230v-45a-modbus-mid\\\/\"]}]},{\"@type\":\"ImageObject\",\"inLanguage\":\"sl-SI\",\"@id\":\"https:\\\/\\\/dmetering.com\\\/product\\\/iem2055-direct-single-phase-energy-meter-230v-45a-modbus-mid\\\/#primaryimage\",\"url\":\"https:\\\/\\\/dmetering.com\\\/wp-content\\\/uploads\\\/2024\\\/03\\\/files.jpeg\",\"contentUrl\":\"https:\\\/\\\/dmetering.com\\\/wp-content\\\/uploads\\\/2024\\\/03\\\/files.jpeg\",\"width\":1500,\"height\":1500},{\"@type\":\"BreadcrumbList\",\"@id\":\"https:\\\/\\\/dmetering.com\\\/product\\\/iem2055-direct-single-phase-energy-meter-230v-45a-modbus-mid\\\/#breadcrumb\",\"itemListElement\":[{\"@type\":\"ListItem\",\"position\":1,\"name\":\"\",\"item\":\"https:\\\/\\\/dmetering.com\\\/sl\\\/\"},{\"@type\":\"ListItem\",\"position\":2,\"name\":\"Vsi izdelki\",\"item\":\"https:\\\/\\\/dmetering.com\\\/sl\\\/spletna-trgovina-stevci-energije-analizatorji-tokovni-transformatorji\\\/\"},{\"@type\":\"ListItem\",\"position\":3,\"name\":\"iEM2055 neposredni enofazni merilnik elektri\u010dne energije &#8211; 230V &#8211; 45A &#8211; Modbus &#8211; MID\"}]},{\"@type\":\"WebSite\",\"@id\":\"https:\\\/\\\/dmetering.com\\\/#website\",\"url\":\"https:\\\/\\\/dmetering.com\\\/\",\"name\":\"dMetering.com\",\"description\":\"Re\u0161itve spremljanja rabe energije\",\"publisher\":{\"@id\":\"https:\\\/\\\/dmetering.com\\\/#organization\"},\"potentialAction\":[{\"@type\":\"SearchAction\",\"target\":{\"@type\":\"EntryPoint\",\"urlTemplate\":\"https:\\\/\\\/dmetering.com\\\/?s={search_term_string}\"},\"query-input\":{\"@type\":\"PropertyValueSpecification\",\"valueRequired\":true,\"valueName\":\"search_term_string\"}}],\"inLanguage\":\"sl-SI\"},{\"@type\":\"Organization\",\"@id\":\"https:\\\/\\\/dmetering.com\\\/#organization\",\"name\":\"ELCOND d.o.o.\",\"alternateName\":\"dmetering.com\",\"url\":\"https:\\\/\\\/dmetering.com\\\/\",\"logo\":{\"@type\":\"ImageObject\",\"inLanguage\":\"sl-SI\",\"@id\":\"https:\\\/\\\/dmetering.com\\\/#\\\/schema\\\/logo\\\/image\\\/\",\"url\":\"https:\\\/\\\/dmetering.com\\\/wp-content\\\/uploads\\\/2023\\\/07\\\/Logo_DMETERING_transp.png\",\"contentUrl\":\"https:\\\/\\\/dmetering.com\\\/wp-content\\\/uploads\\\/2023\\\/07\\\/Logo_DMETERING_transp.png\",\"width\":709,\"height\":205,\"caption\":\"ELCOND d.o.o.\"},\"image\":{\"@id\":\"https:\\\/\\\/dmetering.com\\\/#\\\/schema\\\/logo\\\/image\\\/\"},\"description\":\"Metering\u2019s mission is to offer efficient energy monitoring solutions at competitive prices and fast availability of it core product ranges. That is to say, we rely on a team of multi-disciplinary professionals, two distribution centres and team of energy managers. Certified energy managers are available to provide specialised technical support to our clients.\",\"email\":\"peter.usenicnik@elcond.si\",\"telephone\":\"+386 1 583 73 72\",\"legalName\":\"ELCOND d.o.o.\",\"foundingDate\":\"2021-01-27\",\"vatID\":\"SI50229508\",\"numberOfEmployees\":{\"@type\":\"QuantitativeValue\",\"minValue\":\"1\",\"maxValue\":\"10\"}}]}<\/script>\n<!-- \/ Yoast SEO Premium plugin. -->","yoast_head_json":{"title":"iEM2055 neposredni enofazni merilnik elektri\u010dne energije - 230V - 45A - Modbus - MID - dMetering.com","robots":{"index":"index","follow":"follow","max-snippet":"max-snippet:-1","max-image-preview":"max-image-preview:large","max-video-preview":"max-video-preview:-1"},"canonical":"https:\/\/dmetering.com\/product\/iem2055-direct-single-phase-energy-meter-230v-45a-modbus-mid\/","schema":{"@context":"https:\/\/schema.org","@graph":[{"@type":"WebPage","@id":"https:\/\/dmetering.com\/product\/iem2055-direct-single-phase-energy-meter-230v-45a-modbus-mid\/","url":"https:\/\/dmetering.com\/product\/iem2055-direct-single-phase-energy-meter-230v-45a-modbus-mid\/","name":"iEM2055 neposredni enofazni merilnik elektri\u010dne energije - 230V - 45A - Modbus - MID - dMetering.com","isPartOf":{"@id":"https:\/\/dmetering.com\/#website"},"primaryImageOfPage":{"@id":"https:\/\/dmetering.com\/product\/iem2055-direct-single-phase-energy-meter-230v-45a-modbus-mid\/#primaryimage"},"image":{"@id":"https:\/\/dmetering.com\/product\/iem2055-direct-single-phase-energy-meter-230v-45a-modbus-mid\/#primaryimage"},"thumbnailUrl":"https:\/\/dmetering.com\/wp-content\/uploads\/2024\/03\/files.jpeg","datePublished":"2024-10-23T09:08:03+00:00","dateModified":"2025-10-22T20:40:54+00:00","breadcrumb":{"@id":"https:\/\/dmetering.com\/product\/iem2055-direct-single-phase-energy-meter-230v-45a-modbus-mid\/#breadcrumb"},"inLanguage":"sl-SI","potentialAction":[{"@type":"ReadAction","target":["https:\/\/dmetering.com\/product\/iem2055-direct-single-phase-energy-meter-230v-45a-modbus-mid\/"]}]},{"@type":"ImageObject","inLanguage":"sl-SI","@id":"https:\/\/dmetering.com\/product\/iem2055-direct-single-phase-energy-meter-230v-45a-modbus-mid\/#primaryimage","url":"https:\/\/dmetering.com\/wp-content\/uploads\/2024\/03\/files.jpeg","contentUrl":"https:\/\/dmetering.com\/wp-content\/uploads\/2024\/03\/files.jpeg","width":1500,"height":1500},{"@type":"BreadcrumbList","@id":"https:\/\/dmetering.com\/product\/iem2055-direct-single-phase-energy-meter-230v-45a-modbus-mid\/#breadcrumb","itemListElement":[{"@type":"ListItem","position":1,"name":"","item":"https:\/\/dmetering.com\/sl\/"},{"@type":"ListItem","position":2,"name":"Vsi izdelki","item":"https:\/\/dmetering.com\/sl\/spletna-trgovina-stevci-energije-analizatorji-tokovni-transformatorji\/"},{"@type":"ListItem","position":3,"name":"iEM2055 neposredni enofazni merilnik elektri\u010dne energije &#8211; 230V &#8211; 45A &#8211; Modbus &#8211; MID"}]},{"@type":"WebSite","@id":"https:\/\/dmetering.com\/#website","url":"https:\/\/dmetering.com\/","name":"dMetering.com","description":"Re\u0161itve spremljanja rabe energije","publisher":{"@id":"https:\/\/dmetering.com\/#organization"},"potentialAction":[{"@type":"SearchAction","target":{"@type":"EntryPoint","urlTemplate":"https:\/\/dmetering.com\/?s={search_term_string}"},"query-input":{"@type":"PropertyValueSpecification","valueRequired":true,"valueName":"search_term_string"}}],"inLanguage":"sl-SI"},{"@type":"Organization","@id":"https:\/\/dmetering.com\/#organization","name":"ELCOND d.o.o.","alternateName":"dmetering.com","url":"https:\/\/dmetering.com\/","logo":{"@type":"ImageObject","inLanguage":"sl-SI","@id":"https:\/\/dmetering.com\/#\/schema\/logo\/image\/","url":"https:\/\/dmetering.com\/wp-content\/uploads\/2023\/07\/Logo_DMETERING_transp.png","contentUrl":"https:\/\/dmetering.com\/wp-content\/uploads\/2023\/07\/Logo_DMETERING_transp.png","width":709,"height":205,"caption":"ELCOND d.o.o."},"image":{"@id":"https:\/\/dmetering.com\/#\/schema\/logo\/image\/"},"description":"Metering\u2019s mission is to offer efficient energy monitoring solutions at competitive prices and fast availability of it core product ranges. That is to say, we rely on a team of multi-disciplinary professionals, two distribution centres and team of energy managers. Certified energy managers are available to provide specialised technical support to our clients.","email":"peter.usenicnik@elcond.si","telephone":"+386 1 583 73 72","legalName":"ELCOND d.o.o.","foundingDate":"2021-01-27","vatID":"SI50229508","numberOfEmployees":{"@type":"QuantitativeValue","minValue":"1","maxValue":"10"}}]}},"_links":{"self":[{"href":"https:\/\/dmetering.com\/sl\/wp-json\/wp\/v2\/product\/3891","targetHints":{"allow":["GET"]}}],"collection":[{"href":"https:\/\/dmetering.com\/sl\/wp-json\/wp\/v2\/product"}],"about":[{"href":"https:\/\/dmetering.com\/sl\/wp-json\/wp\/v2\/types\/product"}],"replies":[{"embeddable":true,"href":"https:\/\/dmetering.com\/sl\/wp-json\/wp\/v2\/comments?post=3891"}],"wp:featuredmedia":[{"embeddable":true,"href":"https:\/\/dmetering.com\/sl\/wp-json\/wp\/v2\/media\/2778"}],"wp:attachment":[{"href":"https:\/\/dmetering.com\/sl\/wp-json\/wp\/v2\/media?parent=3891"}],"wp:term":[{"taxonomy":"product_brand","embeddable":true,"href":"https:\/\/dmetering.com\/sl\/wp-json\/wp\/v2\/product_brand?post=3891"},{"taxonomy":"product_cat","embeddable":true,"href":"https:\/\/dmetering.com\/sl\/wp-json\/wp\/v2\/product_cat?post=3891"},{"taxonomy":"product_tag","embeddable":true,"href":"https:\/\/dmetering.com\/sl\/wp-json\/wp\/v2\/product_tag?post=3891"}],"curies":[{"name":"wp","href":"https:\/\/api.w.org\/{rel}","templated":true}]}}