{"id":3904,"date":"2024-10-23T11:08:51","date_gmt":"2024-10-23T09:08:51","guid":{"rendered":"https:\/\/dmetering.com\/trgovina\/nekategorizirano\/iem3150-neposredni-trofazni-merilnik-elektricne-energije-63a-modbus\/"},"modified":"2024-10-23T11:34:52","modified_gmt":"2024-10-23T09:34:52","slug":"iem3150-neposredni-trofazni-merilnik-elektricne-energije-63a-modbus","status":"publish","type":"product","link":"https:\/\/dmetering.com\/sl\/product\/iem3150-neposredni-trofazni-merilnik-elektricne-energije-63a-modbus\/","title":{"rendered":"iEM3150 neposredni trofazni merilnik elektri\u010dne energije &#8211; 63A &#8211; Modbus"},"content":{"rendered":"<p>Merilniki energije serije Acti9 iEM3000 so zanimiva izbira trifaznih od\u0161tevalnih \u0161tevcev z LCD zaslonom, ki se montirajo na DIN letev. Dodatna lokalna signalizacija vklju\u010duje zeleno LED diodo za vklop, utripajo\u010do rumeno LED diodo za preverjanje to\u010dnosti in  komunikacijskih indikatorjev. Ta \u0161tevec oz. merilni in\u0161trument se lahko uporablja pri zara\u010dunavanju, obra\u010dunu stro\u0161kov ali meritvah na podrazdelilnikih. Merilnik zagotavlja naslednje razrede to\u010dnosti: Delovna energija: Razred 1 in accordance with IEC 62053-21 in IEC 61557-12. Merilnik meri delovno in jalovo mo\u010d, delovno in jalovo energijo ter napetost in tokove. Napajalna napetost je lahko od 100 do 277 VAC ali 173 do 480 VAC za 50 Hz ali 60 Hz omre\u017eja. Nazivni tok \u0161tevca je do 63A in podpira topologije 1+N, 3P ali 3P+N merjenja. Modbus je komunikacijski protokol s priklopom preko vija\u010dnih sponk. Ni sekundarnih priklju\u010dkov za komunikacijo. Certificiran je po EAC, CE in UL. Dimenzije izdelka so naslednje: \u0161irina 90 mm, globina 69 mm, vi\u0161ina 95 mm in te\u017ea izdelka 260 g. IoT funkcije digitalne elektri\u010dne napeljave tega \u0161tevca so zdru\u017eljive s programsko opremo za upravljanje energije.<\/p>\n","protected":false},"excerpt":{"rendered":"<p>iEM3150 neposredni trofazni merilnik elektri\u010dne energije &#8211; 63A &#8211; Modbus<\/p>\n","protected":false},"featured_media":2814,"comment_status":"closed","ping_status":"open","template":"","meta":{"_acf_changed":false},"product_brand":[],"product_cat":[599,58,38],"product_tag":[],"class_list":{"0":"post-3904","1":"product","2":"type-product","3":"status-publish","4":"has-post-thumbnail","6":"product_cat-3-fazni-odstevalni-stevci-elektricne-energije","7":"product_cat-3-fazni-odstevalni-stevci-elektricne-energije-merilni-instrumenti","8":"product_cat-odstevalni-stevci","9":"pa_brand-name-schneider-electric-sl","10":"pa_communication-modbus-rs485-sl","11":"pa_device-application-delni-stevec","12":"pa_device-application-obracun-stroskov","13":"pa_mounting-mode-din-letev","14":"pa_poles-description-1p-n-sl","15":"pa_poles-description-3p-sl","16":"pa_poles-description-3p-n-sl","17":"pa_power-quality-analysis-faktor-moci-pf","18":"pa_rated-current-in-63-a-sl","19":"pa_type-of-measurement_2-delovna-energija","20":"pa_type-of-measurement_2-delovna-moc","21":"pa_type-of-measurement_2-faktor-moci","22":"pa_type-of-measurement_2-napetost","23":"pa_type-of-measurement_2-tok","25":"first","26":"instock","27":"taxable","28":"shipping-taxable","29":"purchasable","30":"product-type-simple","31":"berocket_lgv_grid","32":"berocket_lgv_list_grid"},"acf":[],"yoast_head":"<!-- This site is optimized with the Yoast SEO Premium plugin v27.4 (Yoast SEO v27.4) - https:\/\/yoast.com\/product\/yoast-seo-premium-wordpress\/ -->\n<title>iEM3150 neposredni trofazni merilnik elektri\u010dne energije - 63A - Modbus - dMetering.com<\/title>\n<meta name=\"robots\" content=\"index, follow, max-snippet:-1, max-image-preview:large, max-video-preview:-1\" \/>\n<link rel=\"canonical\" href=\"https:\/\/dmetering.com\/product\/iem3150-direct-three-phase-energy-meter-63a-modbus\/\" \/>\n<script type=\"application\/ld+json\" class=\"yoast-schema-graph\">{\"@context\":\"https:\\\/\\\/schema.org\",\"@graph\":[{\"@type\":\"WebPage\",\"@id\":\"https:\\\/\\\/dmetering.com\\\/product\\\/iem3150-direct-three-phase-energy-meter-63a-modbus\\\/\",\"url\":\"https:\\\/\\\/dmetering.com\\\/product\\\/iem3150-direct-three-phase-energy-meter-63a-modbus\\\/\",\"name\":\"iEM3150 neposredni trofazni merilnik elektri\u010dne energije - 63A - Modbus - dMetering.com\",\"isPartOf\":{\"@id\":\"https:\\\/\\\/dmetering.com\\\/#website\"},\"primaryImageOfPage\":{\"@id\":\"https:\\\/\\\/dmetering.com\\\/product\\\/iem3150-direct-three-phase-energy-meter-63a-modbus\\\/#primaryimage\"},\"image\":{\"@id\":\"https:\\\/\\\/dmetering.com\\\/product\\\/iem3150-direct-three-phase-energy-meter-63a-modbus\\\/#primaryimage\"},\"thumbnailUrl\":\"https:\\\/\\\/dmetering.com\\\/wp-content\\\/uploads\\\/2023\\\/03\\\/files-32.jpeg\",\"datePublished\":\"2024-10-23T09:08:51+00:00\",\"dateModified\":\"2024-10-23T09:34:52+00:00\",\"breadcrumb\":{\"@id\":\"https:\\\/\\\/dmetering.com\\\/product\\\/iem3150-direct-three-phase-energy-meter-63a-modbus\\\/#breadcrumb\"},\"inLanguage\":\"sl-SI\",\"potentialAction\":[{\"@type\":\"ReadAction\",\"target\":[\"https:\\\/\\\/dmetering.com\\\/product\\\/iem3150-direct-three-phase-energy-meter-63a-modbus\\\/\"]}]},{\"@type\":\"ImageObject\",\"inLanguage\":\"sl-SI\",\"@id\":\"https:\\\/\\\/dmetering.com\\\/product\\\/iem3150-direct-three-phase-energy-meter-63a-modbus\\\/#primaryimage\",\"url\":\"https:\\\/\\\/dmetering.com\\\/wp-content\\\/uploads\\\/2023\\\/03\\\/files-32.jpeg\",\"contentUrl\":\"https:\\\/\\\/dmetering.com\\\/wp-content\\\/uploads\\\/2023\\\/03\\\/files-32.jpeg\",\"width\":1500,\"height\":1500},{\"@type\":\"BreadcrumbList\",\"@id\":\"https:\\\/\\\/dmetering.com\\\/product\\\/iem3150-direct-three-phase-energy-meter-63a-modbus\\\/#breadcrumb\",\"itemListElement\":[{\"@type\":\"ListItem\",\"position\":1,\"name\":\"\",\"item\":\"https:\\\/\\\/dmetering.com\\\/sl\\\/\"},{\"@type\":\"ListItem\",\"position\":2,\"name\":\"Vsi izdelki\",\"item\":\"https:\\\/\\\/dmetering.com\\\/sl\\\/spletna-trgovina-stevci-energije-analizatorji-tokovni-transformatorji\\\/\"},{\"@type\":\"ListItem\",\"position\":3,\"name\":\"iEM3150 neposredni trofazni merilnik elektri\u010dne energije &#8211; 63A &#8211; Modbus\"}]},{\"@type\":\"WebSite\",\"@id\":\"https:\\\/\\\/dmetering.com\\\/#website\",\"url\":\"https:\\\/\\\/dmetering.com\\\/\",\"name\":\"dMetering.com\",\"description\":\"Re\u0161itve spremljanja rabe energije\",\"publisher\":{\"@id\":\"https:\\\/\\\/dmetering.com\\\/#organization\"},\"potentialAction\":[{\"@type\":\"SearchAction\",\"target\":{\"@type\":\"EntryPoint\",\"urlTemplate\":\"https:\\\/\\\/dmetering.com\\\/?s={search_term_string}\"},\"query-input\":{\"@type\":\"PropertyValueSpecification\",\"valueRequired\":true,\"valueName\":\"search_term_string\"}}],\"inLanguage\":\"sl-SI\"},{\"@type\":\"Organization\",\"@id\":\"https:\\\/\\\/dmetering.com\\\/#organization\",\"name\":\"ELCOND d.o.o.\",\"alternateName\":\"dmetering.com\",\"url\":\"https:\\\/\\\/dmetering.com\\\/\",\"logo\":{\"@type\":\"ImageObject\",\"inLanguage\":\"sl-SI\",\"@id\":\"https:\\\/\\\/dmetering.com\\\/#\\\/schema\\\/logo\\\/image\\\/\",\"url\":\"https:\\\/\\\/dmetering.com\\\/wp-content\\\/uploads\\\/2023\\\/07\\\/Logo_DMETERING_transp.png\",\"contentUrl\":\"https:\\\/\\\/dmetering.com\\\/wp-content\\\/uploads\\\/2023\\\/07\\\/Logo_DMETERING_transp.png\",\"width\":709,\"height\":205,\"caption\":\"ELCOND d.o.o.\"},\"image\":{\"@id\":\"https:\\\/\\\/dmetering.com\\\/#\\\/schema\\\/logo\\\/image\\\/\"},\"description\":\"Metering\u2019s mission is to offer efficient energy monitoring solutions at competitive prices and fast availability of it core product ranges. That is to say, we rely on a team of multi-disciplinary professionals, two distribution centres and team of energy managers. Certified energy managers are available to provide specialised technical support to our clients.\",\"email\":\"peter.usenicnik@elcond.si\",\"telephone\":\"+386 1 583 73 72\",\"legalName\":\"ELCOND d.o.o.\",\"foundingDate\":\"2021-01-27\",\"vatID\":\"SI50229508\",\"numberOfEmployees\":{\"@type\":\"QuantitativeValue\",\"minValue\":\"1\",\"maxValue\":\"10\"}}]}<\/script>\n<!-- \/ Yoast SEO Premium plugin. -->","yoast_head_json":{"title":"iEM3150 neposredni trofazni merilnik elektri\u010dne energije - 63A - Modbus - dMetering.com","robots":{"index":"index","follow":"follow","max-snippet":"max-snippet:-1","max-image-preview":"max-image-preview:large","max-video-preview":"max-video-preview:-1"},"canonical":"https:\/\/dmetering.com\/product\/iem3150-direct-three-phase-energy-meter-63a-modbus\/","schema":{"@context":"https:\/\/schema.org","@graph":[{"@type":"WebPage","@id":"https:\/\/dmetering.com\/product\/iem3150-direct-three-phase-energy-meter-63a-modbus\/","url":"https:\/\/dmetering.com\/product\/iem3150-direct-three-phase-energy-meter-63a-modbus\/","name":"iEM3150 neposredni trofazni merilnik elektri\u010dne energije - 63A - Modbus - dMetering.com","isPartOf":{"@id":"https:\/\/dmetering.com\/#website"},"primaryImageOfPage":{"@id":"https:\/\/dmetering.com\/product\/iem3150-direct-three-phase-energy-meter-63a-modbus\/#primaryimage"},"image":{"@id":"https:\/\/dmetering.com\/product\/iem3150-direct-three-phase-energy-meter-63a-modbus\/#primaryimage"},"thumbnailUrl":"https:\/\/dmetering.com\/wp-content\/uploads\/2023\/03\/files-32.jpeg","datePublished":"2024-10-23T09:08:51+00:00","dateModified":"2024-10-23T09:34:52+00:00","breadcrumb":{"@id":"https:\/\/dmetering.com\/product\/iem3150-direct-three-phase-energy-meter-63a-modbus\/#breadcrumb"},"inLanguage":"sl-SI","potentialAction":[{"@type":"ReadAction","target":["https:\/\/dmetering.com\/product\/iem3150-direct-three-phase-energy-meter-63a-modbus\/"]}]},{"@type":"ImageObject","inLanguage":"sl-SI","@id":"https:\/\/dmetering.com\/product\/iem3150-direct-three-phase-energy-meter-63a-modbus\/#primaryimage","url":"https:\/\/dmetering.com\/wp-content\/uploads\/2023\/03\/files-32.jpeg","contentUrl":"https:\/\/dmetering.com\/wp-content\/uploads\/2023\/03\/files-32.jpeg","width":1500,"height":1500},{"@type":"BreadcrumbList","@id":"https:\/\/dmetering.com\/product\/iem3150-direct-three-phase-energy-meter-63a-modbus\/#breadcrumb","itemListElement":[{"@type":"ListItem","position":1,"name":"","item":"https:\/\/dmetering.com\/sl\/"},{"@type":"ListItem","position":2,"name":"Vsi izdelki","item":"https:\/\/dmetering.com\/sl\/spletna-trgovina-stevci-energije-analizatorji-tokovni-transformatorji\/"},{"@type":"ListItem","position":3,"name":"iEM3150 neposredni trofazni merilnik elektri\u010dne energije &#8211; 63A &#8211; Modbus"}]},{"@type":"WebSite","@id":"https:\/\/dmetering.com\/#website","url":"https:\/\/dmetering.com\/","name":"dMetering.com","description":"Re\u0161itve spremljanja rabe energije","publisher":{"@id":"https:\/\/dmetering.com\/#organization"},"potentialAction":[{"@type":"SearchAction","target":{"@type":"EntryPoint","urlTemplate":"https:\/\/dmetering.com\/?s={search_term_string}"},"query-input":{"@type":"PropertyValueSpecification","valueRequired":true,"valueName":"search_term_string"}}],"inLanguage":"sl-SI"},{"@type":"Organization","@id":"https:\/\/dmetering.com\/#organization","name":"ELCOND d.o.o.","alternateName":"dmetering.com","url":"https:\/\/dmetering.com\/","logo":{"@type":"ImageObject","inLanguage":"sl-SI","@id":"https:\/\/dmetering.com\/#\/schema\/logo\/image\/","url":"https:\/\/dmetering.com\/wp-content\/uploads\/2023\/07\/Logo_DMETERING_transp.png","contentUrl":"https:\/\/dmetering.com\/wp-content\/uploads\/2023\/07\/Logo_DMETERING_transp.png","width":709,"height":205,"caption":"ELCOND d.o.o."},"image":{"@id":"https:\/\/dmetering.com\/#\/schema\/logo\/image\/"},"description":"Metering\u2019s mission is to offer efficient energy monitoring solutions at competitive prices and fast availability of it core product ranges. That is to say, we rely on a team of multi-disciplinary professionals, two distribution centres and team of energy managers. Certified energy managers are available to provide specialised technical support to our clients.","email":"peter.usenicnik@elcond.si","telephone":"+386 1 583 73 72","legalName":"ELCOND d.o.o.","foundingDate":"2021-01-27","vatID":"SI50229508","numberOfEmployees":{"@type":"QuantitativeValue","minValue":"1","maxValue":"10"}}]}},"_links":{"self":[{"href":"https:\/\/dmetering.com\/sl\/wp-json\/wp\/v2\/product\/3904","targetHints":{"allow":["GET"]}}],"collection":[{"href":"https:\/\/dmetering.com\/sl\/wp-json\/wp\/v2\/product"}],"about":[{"href":"https:\/\/dmetering.com\/sl\/wp-json\/wp\/v2\/types\/product"}],"replies":[{"embeddable":true,"href":"https:\/\/dmetering.com\/sl\/wp-json\/wp\/v2\/comments?post=3904"}],"wp:featuredmedia":[{"embeddable":true,"href":"https:\/\/dmetering.com\/sl\/wp-json\/wp\/v2\/media\/2814"}],"wp:attachment":[{"href":"https:\/\/dmetering.com\/sl\/wp-json\/wp\/v2\/media?parent=3904"}],"wp:term":[{"taxonomy":"product_brand","embeddable":true,"href":"https:\/\/dmetering.com\/sl\/wp-json\/wp\/v2\/product_brand?post=3904"},{"taxonomy":"product_cat","embeddable":true,"href":"https:\/\/dmetering.com\/sl\/wp-json\/wp\/v2\/product_cat?post=3904"},{"taxonomy":"product_tag","embeddable":true,"href":"https:\/\/dmetering.com\/sl\/wp-json\/wp\/v2\/product_tag?post=3904"}],"curies":[{"name":"wp","href":"https:\/\/api.w.org\/{rel}","templated":true}]}}