{"id":3912,"date":"2024-10-23T11:09:23","date_gmt":"2024-10-23T09:09:23","guid":{"rendered":"https:\/\/dmetering.com\/trgovina\/nekategorizirano\/iem3250-posredni-trofazni-merilnik-elektricne-energije-preko-tt-modbus\/"},"modified":"2024-10-23T11:35:20","modified_gmt":"2024-10-23T09:35:20","slug":"iem3250-posredni-trofazni-merilnik-elektricne-energije-preko-tt-modbus","status":"publish","type":"product","link":"https:\/\/dmetering.com\/sl\/product\/iem3250-posredni-trofazni-merilnik-elektricne-energije-preko-tt-modbus\/","title":{"rendered":"iEM3250 posredni trofazni merilnik elektri\u010dne energije &#8211; preko TT &#8211; Modbus"},"content":{"rendered":"<p>Merilniki energije serije Acti9 iEM3000 so zanimiva ponudba 3-faznih od\u0161tevalnih \u0161tevcev z LCD zaslonom, ki se montirajo na DIN letev. Dodatna lokalna signalizacija vklju\u010duje zeleno LED diodo za vklop, utripajo\u010do rumeno LED diodo za preverjanje to\u010dnosti in  komunikacijskih indikatorjev. Ta \u0161tevec oz. merilni in\u0161trument se lahko uporablja pri zara\u010dunavanju in delnem merjenju. Merilnik zagotavlja naslednje razrede to\u010dnosti: Delovna energija: Razred 0.5S po IEC 62053-22, in po IEC 61557-12. Ta merilnik meri delovno in jalovo mo\u010d, delovno in jalovo energijo ter napetost in tokove. Zasnovan je za 50Hz ali 60Hz omre\u017eja, napajalna napetost pa je lahko od 100 do 277VAC ali 173 do 480VAC. Ta merilnik meri nazivni tok preko tokovnih transformatorjev 1A ali 5A in podpira enofazne z nulo, trifazne ter trifazne z nulo kombinacije. Modbus je komunikacijski protokol s priklopom preko vija\u010dnih sponk. Nima sekundarnih komunikacijskih priklju\u010dkov. Certificiran je po EAC, CE in UL. Dimenzije izdelka so naslednje: \u0161irina 90 mm, globina 69 mm, vi\u0161ina 95 mm in te\u017ea izdelka 260 g. Zdru\u017eljiv je s programsko opremo za spremljanje rabe energije, da lahko izkoristite prednosti interneta stvari (IoT).<\/p>\n","protected":false},"excerpt":{"rendered":"<p>iEM3250 posredni trofazni merilnik elektri\u010dne energije &#8211; preko TT &#8211; Modbus<\/p>\n","protected":false},"featured_media":2835,"comment_status":"closed","ping_status":"open","template":"","meta":{"_acf_changed":false},"product_brand":[],"product_cat":[58,599,38],"product_tag":[],"class_list":{"0":"post-3912","1":"product","2":"type-product","3":"status-publish","4":"has-post-thumbnail","6":"product_cat-3-fazni-odstevalni-stevci-elektricne-energije-merilni-instrumenti","7":"product_cat-3-fazni-odstevalni-stevci-elektricne-energije","8":"product_cat-odstevalni-stevci","9":"pa_brand-name-schneider-electric-sl","10":"pa_communication-modbus-rs485-sl","11":"pa_device-application-delni-stevec","12":"pa_device-application-obracun-stroskov","13":"pa_mounting-mode-din-letev","14":"pa_poles-description-1p-n-sl","15":"pa_poles-description-3p-sl","16":"pa_poles-description-3p-n-sl","17":"pa_power-quality-analysis-faktor-moci-pf","18":"pa_rated-current-in-1-a-vhod-tt","19":"pa_rated-current-in-5-a-vhod-tt","20":"pa_type-of-measurement_2-delovna-energija","21":"pa_type-of-measurement_2-delovna-moc","22":"pa_type-of-measurement_2-faktor-moci","23":"pa_type-of-measurement_2-napetost","24":"pa_type-of-measurement_2-tok","26":"first","27":"instock","28":"taxable","29":"shipping-taxable","30":"purchasable","31":"product-type-simple","32":"berocket_lgv_grid","33":"berocket_lgv_list_grid"},"acf":[],"yoast_head":"<!-- This site is optimized with the Yoast SEO Premium plugin v27.4 (Yoast SEO v27.4) - https:\/\/yoast.com\/product\/yoast-seo-premium-wordpress\/ -->\n<title>iEM3250 posredni trofazni merilnik elektri\u010dne energije - preko TT - Modbus - dMetering.com<\/title>\n<meta name=\"robots\" content=\"index, follow, max-snippet:-1, max-image-preview:large, max-video-preview:-1\" \/>\n<link rel=\"canonical\" href=\"https:\/\/dmetering.com\/product\/iem3250-indirect-three-phase-energy-meter-ct-modbus\/\" \/>\n<script type=\"application\/ld+json\" class=\"yoast-schema-graph\">{\"@context\":\"https:\\\/\\\/schema.org\",\"@graph\":[{\"@type\":\"WebPage\",\"@id\":\"https:\\\/\\\/dmetering.com\\\/product\\\/iem3250-indirect-three-phase-energy-meter-ct-modbus\\\/\",\"url\":\"https:\\\/\\\/dmetering.com\\\/product\\\/iem3250-indirect-three-phase-energy-meter-ct-modbus\\\/\",\"name\":\"iEM3250 posredni trofazni merilnik elektri\u010dne energije - preko TT - Modbus - dMetering.com\",\"isPartOf\":{\"@id\":\"https:\\\/\\\/dmetering.com\\\/#website\"},\"primaryImageOfPage\":{\"@id\":\"https:\\\/\\\/dmetering.com\\\/product\\\/iem3250-indirect-three-phase-energy-meter-ct-modbus\\\/#primaryimage\"},\"image\":{\"@id\":\"https:\\\/\\\/dmetering.com\\\/product\\\/iem3250-indirect-three-phase-energy-meter-ct-modbus\\\/#primaryimage\"},\"thumbnailUrl\":\"https:\\\/\\\/dmetering.com\\\/wp-content\\\/uploads\\\/2023\\\/03\\\/files-39.jpeg\",\"datePublished\":\"2024-10-23T09:09:23+00:00\",\"dateModified\":\"2024-10-23T09:35:20+00:00\",\"breadcrumb\":{\"@id\":\"https:\\\/\\\/dmetering.com\\\/product\\\/iem3250-indirect-three-phase-energy-meter-ct-modbus\\\/#breadcrumb\"},\"inLanguage\":\"sl-SI\",\"potentialAction\":[{\"@type\":\"ReadAction\",\"target\":[\"https:\\\/\\\/dmetering.com\\\/product\\\/iem3250-indirect-three-phase-energy-meter-ct-modbus\\\/\"]}]},{\"@type\":\"ImageObject\",\"inLanguage\":\"sl-SI\",\"@id\":\"https:\\\/\\\/dmetering.com\\\/product\\\/iem3250-indirect-three-phase-energy-meter-ct-modbus\\\/#primaryimage\",\"url\":\"https:\\\/\\\/dmetering.com\\\/wp-content\\\/uploads\\\/2023\\\/03\\\/files-39.jpeg\",\"contentUrl\":\"https:\\\/\\\/dmetering.com\\\/wp-content\\\/uploads\\\/2023\\\/03\\\/files-39.jpeg\",\"width\":1500,\"height\":1500},{\"@type\":\"BreadcrumbList\",\"@id\":\"https:\\\/\\\/dmetering.com\\\/product\\\/iem3250-indirect-three-phase-energy-meter-ct-modbus\\\/#breadcrumb\",\"itemListElement\":[{\"@type\":\"ListItem\",\"position\":1,\"name\":\"\",\"item\":\"https:\\\/\\\/dmetering.com\\\/sl\\\/\"},{\"@type\":\"ListItem\",\"position\":2,\"name\":\"Vsi izdelki\",\"item\":\"https:\\\/\\\/dmetering.com\\\/sl\\\/spletna-trgovina-stevci-energije-analizatorji-tokovni-transformatorji\\\/\"},{\"@type\":\"ListItem\",\"position\":3,\"name\":\"iEM3250 posredni trofazni merilnik elektri\u010dne energije &#8211; preko TT &#8211; Modbus\"}]},{\"@type\":\"WebSite\",\"@id\":\"https:\\\/\\\/dmetering.com\\\/#website\",\"url\":\"https:\\\/\\\/dmetering.com\\\/\",\"name\":\"dMetering.com\",\"description\":\"Re\u0161itve spremljanja rabe energije\",\"publisher\":{\"@id\":\"https:\\\/\\\/dmetering.com\\\/#organization\"},\"potentialAction\":[{\"@type\":\"SearchAction\",\"target\":{\"@type\":\"EntryPoint\",\"urlTemplate\":\"https:\\\/\\\/dmetering.com\\\/?s={search_term_string}\"},\"query-input\":{\"@type\":\"PropertyValueSpecification\",\"valueRequired\":true,\"valueName\":\"search_term_string\"}}],\"inLanguage\":\"sl-SI\"},{\"@type\":\"Organization\",\"@id\":\"https:\\\/\\\/dmetering.com\\\/#organization\",\"name\":\"ELCOND d.o.o.\",\"alternateName\":\"dmetering.com\",\"url\":\"https:\\\/\\\/dmetering.com\\\/\",\"logo\":{\"@type\":\"ImageObject\",\"inLanguage\":\"sl-SI\",\"@id\":\"https:\\\/\\\/dmetering.com\\\/#\\\/schema\\\/logo\\\/image\\\/\",\"url\":\"https:\\\/\\\/dmetering.com\\\/wp-content\\\/uploads\\\/2023\\\/07\\\/Logo_DMETERING_transp.png\",\"contentUrl\":\"https:\\\/\\\/dmetering.com\\\/wp-content\\\/uploads\\\/2023\\\/07\\\/Logo_DMETERING_transp.png\",\"width\":709,\"height\":205,\"caption\":\"ELCOND d.o.o.\"},\"image\":{\"@id\":\"https:\\\/\\\/dmetering.com\\\/#\\\/schema\\\/logo\\\/image\\\/\"},\"description\":\"Metering\u2019s mission is to offer efficient energy monitoring solutions at competitive prices and fast availability of it core product ranges. That is to say, we rely on a team of multi-disciplinary professionals, two distribution centres and team of energy managers. Certified energy managers are available to provide specialised technical support to our clients.\",\"email\":\"peter.usenicnik@elcond.si\",\"telephone\":\"+386 1 583 73 72\",\"legalName\":\"ELCOND d.o.o.\",\"foundingDate\":\"2021-01-27\",\"vatID\":\"SI50229508\",\"numberOfEmployees\":{\"@type\":\"QuantitativeValue\",\"minValue\":\"1\",\"maxValue\":\"10\"}}]}<\/script>\n<!-- \/ Yoast SEO Premium plugin. -->","yoast_head_json":{"title":"iEM3250 posredni trofazni merilnik elektri\u010dne energije - preko TT - Modbus - dMetering.com","robots":{"index":"index","follow":"follow","max-snippet":"max-snippet:-1","max-image-preview":"max-image-preview:large","max-video-preview":"max-video-preview:-1"},"canonical":"https:\/\/dmetering.com\/product\/iem3250-indirect-three-phase-energy-meter-ct-modbus\/","schema":{"@context":"https:\/\/schema.org","@graph":[{"@type":"WebPage","@id":"https:\/\/dmetering.com\/product\/iem3250-indirect-three-phase-energy-meter-ct-modbus\/","url":"https:\/\/dmetering.com\/product\/iem3250-indirect-three-phase-energy-meter-ct-modbus\/","name":"iEM3250 posredni trofazni merilnik elektri\u010dne energije - preko TT - Modbus - dMetering.com","isPartOf":{"@id":"https:\/\/dmetering.com\/#website"},"primaryImageOfPage":{"@id":"https:\/\/dmetering.com\/product\/iem3250-indirect-three-phase-energy-meter-ct-modbus\/#primaryimage"},"image":{"@id":"https:\/\/dmetering.com\/product\/iem3250-indirect-three-phase-energy-meter-ct-modbus\/#primaryimage"},"thumbnailUrl":"https:\/\/dmetering.com\/wp-content\/uploads\/2023\/03\/files-39.jpeg","datePublished":"2024-10-23T09:09:23+00:00","dateModified":"2024-10-23T09:35:20+00:00","breadcrumb":{"@id":"https:\/\/dmetering.com\/product\/iem3250-indirect-three-phase-energy-meter-ct-modbus\/#breadcrumb"},"inLanguage":"sl-SI","potentialAction":[{"@type":"ReadAction","target":["https:\/\/dmetering.com\/product\/iem3250-indirect-three-phase-energy-meter-ct-modbus\/"]}]},{"@type":"ImageObject","inLanguage":"sl-SI","@id":"https:\/\/dmetering.com\/product\/iem3250-indirect-three-phase-energy-meter-ct-modbus\/#primaryimage","url":"https:\/\/dmetering.com\/wp-content\/uploads\/2023\/03\/files-39.jpeg","contentUrl":"https:\/\/dmetering.com\/wp-content\/uploads\/2023\/03\/files-39.jpeg","width":1500,"height":1500},{"@type":"BreadcrumbList","@id":"https:\/\/dmetering.com\/product\/iem3250-indirect-three-phase-energy-meter-ct-modbus\/#breadcrumb","itemListElement":[{"@type":"ListItem","position":1,"name":"","item":"https:\/\/dmetering.com\/sl\/"},{"@type":"ListItem","position":2,"name":"Vsi izdelki","item":"https:\/\/dmetering.com\/sl\/spletna-trgovina-stevci-energije-analizatorji-tokovni-transformatorji\/"},{"@type":"ListItem","position":3,"name":"iEM3250 posredni trofazni merilnik elektri\u010dne energije &#8211; preko TT &#8211; Modbus"}]},{"@type":"WebSite","@id":"https:\/\/dmetering.com\/#website","url":"https:\/\/dmetering.com\/","name":"dMetering.com","description":"Re\u0161itve spremljanja rabe energije","publisher":{"@id":"https:\/\/dmetering.com\/#organization"},"potentialAction":[{"@type":"SearchAction","target":{"@type":"EntryPoint","urlTemplate":"https:\/\/dmetering.com\/?s={search_term_string}"},"query-input":{"@type":"PropertyValueSpecification","valueRequired":true,"valueName":"search_term_string"}}],"inLanguage":"sl-SI"},{"@type":"Organization","@id":"https:\/\/dmetering.com\/#organization","name":"ELCOND d.o.o.","alternateName":"dmetering.com","url":"https:\/\/dmetering.com\/","logo":{"@type":"ImageObject","inLanguage":"sl-SI","@id":"https:\/\/dmetering.com\/#\/schema\/logo\/image\/","url":"https:\/\/dmetering.com\/wp-content\/uploads\/2023\/07\/Logo_DMETERING_transp.png","contentUrl":"https:\/\/dmetering.com\/wp-content\/uploads\/2023\/07\/Logo_DMETERING_transp.png","width":709,"height":205,"caption":"ELCOND d.o.o."},"image":{"@id":"https:\/\/dmetering.com\/#\/schema\/logo\/image\/"},"description":"Metering\u2019s mission is to offer efficient energy monitoring solutions at competitive prices and fast availability of it core product ranges. That is to say, we rely on a team of multi-disciplinary professionals, two distribution centres and team of energy managers. Certified energy managers are available to provide specialised technical support to our clients.","email":"peter.usenicnik@elcond.si","telephone":"+386 1 583 73 72","legalName":"ELCOND d.o.o.","foundingDate":"2021-01-27","vatID":"SI50229508","numberOfEmployees":{"@type":"QuantitativeValue","minValue":"1","maxValue":"10"}}]}},"_links":{"self":[{"href":"https:\/\/dmetering.com\/sl\/wp-json\/wp\/v2\/product\/3912","targetHints":{"allow":["GET"]}}],"collection":[{"href":"https:\/\/dmetering.com\/sl\/wp-json\/wp\/v2\/product"}],"about":[{"href":"https:\/\/dmetering.com\/sl\/wp-json\/wp\/v2\/types\/product"}],"replies":[{"embeddable":true,"href":"https:\/\/dmetering.com\/sl\/wp-json\/wp\/v2\/comments?post=3912"}],"wp:featuredmedia":[{"embeddable":true,"href":"https:\/\/dmetering.com\/sl\/wp-json\/wp\/v2\/media\/2835"}],"wp:attachment":[{"href":"https:\/\/dmetering.com\/sl\/wp-json\/wp\/v2\/media?parent=3912"}],"wp:term":[{"taxonomy":"product_brand","embeddable":true,"href":"https:\/\/dmetering.com\/sl\/wp-json\/wp\/v2\/product_brand?post=3912"},{"taxonomy":"product_cat","embeddable":true,"href":"https:\/\/dmetering.com\/sl\/wp-json\/wp\/v2\/product_cat?post=3912"},{"taxonomy":"product_tag","embeddable":true,"href":"https:\/\/dmetering.com\/sl\/wp-json\/wp\/v2\/product_tag?post=3912"}],"curies":[{"name":"wp","href":"https:\/\/api.w.org\/{rel}","templated":true}]}}