{"id":3922,"date":"2024-10-23T11:10:04","date_gmt":"2024-10-23T09:10:04","guid":{"rendered":"https:\/\/dmetering.com\/trgovina\/nekategorizirano\/iem3375-neposredni-trofazni-merilnik-elektricne-energije-125a-lon-1-digitalni-i-vec-tarifni-mid\/"},"modified":"2024-10-23T11:35:56","modified_gmt":"2024-10-23T09:35:56","slug":"iem3375-neposredni-trofazni-merilnik-elektricne-energije-125a-lon-1-digitalni-i-vec-tarifni-mid","status":"publish","type":"product","link":"https:\/\/dmetering.com\/sl\/product\/iem3375-neposredni-trofazni-merilnik-elektricne-energije-125a-lon-1-digitalni-i-vec-tarifni-mid\/","title":{"rendered":"iEM3375 neposredni trofazni merilnik elektri\u010dne energije &#8211; 125A &#8211; LON &#8211; 1 digitalni I &#8211; ve\u010d tarifni &#8211; MID"},"content":{"rendered":"<p>Merilniki energije serije Acti9 iEM3000 so zanimiva ponudba 3-faznih od\u0161tevalnih \u0161tevcev z LCD zaslonom, ki se montirajo na DIN letev. Dodatna lokalna signalizacija vklju\u010duje zeleno LED diodo za vklop, utripajo\u010do rumeno LED diodo za preverjanje to\u010dnosti in  komunikacijskih indikatorjev. Ta \u0161tevec se lahko uporablja v aplikacijah za obra\u010dunavanje in podpira 4 tarife. Merilnik zagotavlja naslednje razrede to\u010dnosti: Delovna energija: Razred 1 po IEC 62053-21, Delovna energija: Razred B po EN 50470-3 in Delovna energija: Razred 1 po IEC 61557-12. Ta merilnik meri delovno in jalovo mo\u010d, delovno in jalovo energijo ter napetost in tokove. Meritve elektri\u010dne energije v vseh \u0161tirih (4) kvadrantih. Zasnovan je za 50Hz ali 60Hz omre\u017eja, napajalna napetost pa je lahko od 100 do 277VAC ali 173 do 480VAC. Nazivni tok za ta \u0161tevec zna\u0161a do 125 A prek neposredne povezave in podpira 1P+N, 3P in 3P+N. LON je komunikacijski protokol s priklopom preko vija\u010dnih sponk.  There is one programmable digital input that can be used as a Tariff control or WAGES input. Certificiran je po EAC, CE, UL in MID. Dimenzije izdelka so naslednje: \u0161irina 126 mm, globina 69 mm, vi\u0161ina 103 mm in te\u017ea izdelka 260 g.<\/p>\n","protected":false},"excerpt":{"rendered":"<p>iEM3375 neposredni trofazni merilnik elektri\u010dne energije &#8211; 125A &#8211; LON &#8211; 1 digitalni I &#8211; ve\u010d tarifni &#8211; MID<\/p>\n","protected":false},"featured_media":2860,"comment_status":"closed","ping_status":"open","template":"","meta":{"_acf_changed":false},"product_brand":[],"product_cat":[599,58,38],"product_tag":[],"class_list":{"0":"post-3922","1":"product","2":"type-product","3":"status-publish","4":"has-post-thumbnail","6":"product_cat-3-fazni-odstevalni-stevci-elektricne-energije","7":"product_cat-3-fazni-odstevalni-stevci-elektricne-energije-merilni-instrumenti","8":"product_cat-odstevalni-stevci","9":"pa_brand-name-schneider-electric-sl","10":"pa_communication-lon-sl","11":"pa_device-application-delni-stevec","12":"pa_device-application-obracun-stroskov","13":"pa_device-application-vectarifno-merjenje","14":"pa_mounting-mode-din-letev","15":"pa_poles-description-1p-n-sl","16":"pa_poles-description-3p-sl","17":"pa_poles-description-3p-n-sl","18":"pa_power-quality-analysis-faktor-moci-pf","19":"pa_rated-current-in-125-a-sl","20":"pa_type-of-measurement_2-aktivna-energija","21":"pa_type-of-measurement_2-aktivna-moc","22":"pa_type-of-measurement_2-faktor-moci","23":"pa_type-of-measurement_2-jalova-energija","24":"pa_type-of-measurement_2-jalova-moc","25":"pa_type-of-measurement_2-napetost","26":"pa_type-of-measurement_2-tok","28":"first","29":"instock","30":"taxable","31":"shipping-taxable","32":"purchasable","33":"product-type-simple","34":"berocket_lgv_grid","35":"berocket_lgv_list_grid"},"acf":[],"yoast_head":"<!-- This site is optimized with the Yoast SEO Premium plugin v27.4 (Yoast SEO v27.4) - https:\/\/yoast.com\/product\/yoast-seo-premium-wordpress\/ -->\n<title>iEM3375 neposredni trofazni merilnik elektri\u010dne energije - 125A - LON - 1 digitalni I - ve\u010d tarifni - MID - dMetering.com<\/title>\n<meta name=\"robots\" content=\"index, follow, max-snippet:-1, max-image-preview:large, max-video-preview:-1\" \/>\n<link rel=\"canonical\" href=\"https:\/\/dmetering.com\/product\/iem3375-direct-three-phase-energy-meter-125a-lon-1-digital-i-multi-tariff-mid\/\" \/>\n<script type=\"application\/ld+json\" class=\"yoast-schema-graph\">{\"@context\":\"https:\\\/\\\/schema.org\",\"@graph\":[{\"@type\":\"WebPage\",\"@id\":\"https:\\\/\\\/dmetering.com\\\/product\\\/iem3375-direct-three-phase-energy-meter-125a-lon-1-digital-i-multi-tariff-mid\\\/\",\"url\":\"https:\\\/\\\/dmetering.com\\\/product\\\/iem3375-direct-three-phase-energy-meter-125a-lon-1-digital-i-multi-tariff-mid\\\/\",\"name\":\"iEM3375 neposredni trofazni merilnik elektri\u010dne energije - 125A - LON - 1 digitalni I - ve\u010d tarifni - MID - dMetering.com\",\"isPartOf\":{\"@id\":\"https:\\\/\\\/dmetering.com\\\/#website\"},\"primaryImageOfPage\":{\"@id\":\"https:\\\/\\\/dmetering.com\\\/product\\\/iem3375-direct-three-phase-energy-meter-125a-lon-1-digital-i-multi-tariff-mid\\\/#primaryimage\"},\"image\":{\"@id\":\"https:\\\/\\\/dmetering.com\\\/product\\\/iem3375-direct-three-phase-energy-meter-125a-lon-1-digital-i-multi-tariff-mid\\\/#primaryimage\"},\"thumbnailUrl\":\"https:\\\/\\\/dmetering.com\\\/wp-content\\\/uploads\\\/2024\\\/03\\\/files-52.jpeg\",\"datePublished\":\"2024-10-23T09:10:04+00:00\",\"dateModified\":\"2024-10-23T09:35:56+00:00\",\"breadcrumb\":{\"@id\":\"https:\\\/\\\/dmetering.com\\\/product\\\/iem3375-direct-three-phase-energy-meter-125a-lon-1-digital-i-multi-tariff-mid\\\/#breadcrumb\"},\"inLanguage\":\"sl-SI\",\"potentialAction\":[{\"@type\":\"ReadAction\",\"target\":[\"https:\\\/\\\/dmetering.com\\\/product\\\/iem3375-direct-three-phase-energy-meter-125a-lon-1-digital-i-multi-tariff-mid\\\/\"]}]},{\"@type\":\"ImageObject\",\"inLanguage\":\"sl-SI\",\"@id\":\"https:\\\/\\\/dmetering.com\\\/product\\\/iem3375-direct-three-phase-energy-meter-125a-lon-1-digital-i-multi-tariff-mid\\\/#primaryimage\",\"url\":\"https:\\\/\\\/dmetering.com\\\/wp-content\\\/uploads\\\/2024\\\/03\\\/files-52.jpeg\",\"contentUrl\":\"https:\\\/\\\/dmetering.com\\\/wp-content\\\/uploads\\\/2024\\\/03\\\/files-52.jpeg\",\"width\":1500,\"height\":1500},{\"@type\":\"BreadcrumbList\",\"@id\":\"https:\\\/\\\/dmetering.com\\\/product\\\/iem3375-direct-three-phase-energy-meter-125a-lon-1-digital-i-multi-tariff-mid\\\/#breadcrumb\",\"itemListElement\":[{\"@type\":\"ListItem\",\"position\":1,\"name\":\"\",\"item\":\"https:\\\/\\\/dmetering.com\\\/sl\\\/\"},{\"@type\":\"ListItem\",\"position\":2,\"name\":\"Vsi izdelki\",\"item\":\"https:\\\/\\\/dmetering.com\\\/sl\\\/spletna-trgovina-stevci-energije-analizatorji-tokovni-transformatorji\\\/\"},{\"@type\":\"ListItem\",\"position\":3,\"name\":\"iEM3375 neposredni trofazni merilnik elektri\u010dne energije &#8211; 125A &#8211; LON &#8211; 1 digitalni I &#8211; ve\u010d tarifni &#8211; MID\"}]},{\"@type\":\"WebSite\",\"@id\":\"https:\\\/\\\/dmetering.com\\\/#website\",\"url\":\"https:\\\/\\\/dmetering.com\\\/\",\"name\":\"dMetering.com\",\"description\":\"Re\u0161itve spremljanja rabe energije\",\"publisher\":{\"@id\":\"https:\\\/\\\/dmetering.com\\\/#organization\"},\"potentialAction\":[{\"@type\":\"SearchAction\",\"target\":{\"@type\":\"EntryPoint\",\"urlTemplate\":\"https:\\\/\\\/dmetering.com\\\/?s={search_term_string}\"},\"query-input\":{\"@type\":\"PropertyValueSpecification\",\"valueRequired\":true,\"valueName\":\"search_term_string\"}}],\"inLanguage\":\"sl-SI\"},{\"@type\":\"Organization\",\"@id\":\"https:\\\/\\\/dmetering.com\\\/#organization\",\"name\":\"ELCOND d.o.o.\",\"alternateName\":\"dmetering.com\",\"url\":\"https:\\\/\\\/dmetering.com\\\/\",\"logo\":{\"@type\":\"ImageObject\",\"inLanguage\":\"sl-SI\",\"@id\":\"https:\\\/\\\/dmetering.com\\\/#\\\/schema\\\/logo\\\/image\\\/\",\"url\":\"https:\\\/\\\/dmetering.com\\\/wp-content\\\/uploads\\\/2023\\\/07\\\/Logo_DMETERING_transp.png\",\"contentUrl\":\"https:\\\/\\\/dmetering.com\\\/wp-content\\\/uploads\\\/2023\\\/07\\\/Logo_DMETERING_transp.png\",\"width\":709,\"height\":205,\"caption\":\"ELCOND d.o.o.\"},\"image\":{\"@id\":\"https:\\\/\\\/dmetering.com\\\/#\\\/schema\\\/logo\\\/image\\\/\"},\"description\":\"Metering\u2019s mission is to offer efficient energy monitoring solutions at competitive prices and fast availability of it core product ranges. That is to say, we rely on a team of multi-disciplinary professionals, two distribution centres and team of energy managers. Certified energy managers are available to provide specialised technical support to our clients.\",\"email\":\"peter.usenicnik@elcond.si\",\"telephone\":\"+386 1 583 73 72\",\"legalName\":\"ELCOND d.o.o.\",\"foundingDate\":\"2021-01-27\",\"vatID\":\"SI50229508\",\"numberOfEmployees\":{\"@type\":\"QuantitativeValue\",\"minValue\":\"1\",\"maxValue\":\"10\"}}]}<\/script>\n<!-- \/ Yoast SEO Premium plugin. -->","yoast_head_json":{"title":"iEM3375 neposredni trofazni merilnik elektri\u010dne energije - 125A - LON - 1 digitalni I - ve\u010d tarifni - MID - dMetering.com","robots":{"index":"index","follow":"follow","max-snippet":"max-snippet:-1","max-image-preview":"max-image-preview:large","max-video-preview":"max-video-preview:-1"},"canonical":"https:\/\/dmetering.com\/product\/iem3375-direct-three-phase-energy-meter-125a-lon-1-digital-i-multi-tariff-mid\/","schema":{"@context":"https:\/\/schema.org","@graph":[{"@type":"WebPage","@id":"https:\/\/dmetering.com\/product\/iem3375-direct-three-phase-energy-meter-125a-lon-1-digital-i-multi-tariff-mid\/","url":"https:\/\/dmetering.com\/product\/iem3375-direct-three-phase-energy-meter-125a-lon-1-digital-i-multi-tariff-mid\/","name":"iEM3375 neposredni trofazni merilnik elektri\u010dne energije - 125A - LON - 1 digitalni I - ve\u010d tarifni - MID - dMetering.com","isPartOf":{"@id":"https:\/\/dmetering.com\/#website"},"primaryImageOfPage":{"@id":"https:\/\/dmetering.com\/product\/iem3375-direct-three-phase-energy-meter-125a-lon-1-digital-i-multi-tariff-mid\/#primaryimage"},"image":{"@id":"https:\/\/dmetering.com\/product\/iem3375-direct-three-phase-energy-meter-125a-lon-1-digital-i-multi-tariff-mid\/#primaryimage"},"thumbnailUrl":"https:\/\/dmetering.com\/wp-content\/uploads\/2024\/03\/files-52.jpeg","datePublished":"2024-10-23T09:10:04+00:00","dateModified":"2024-10-23T09:35:56+00:00","breadcrumb":{"@id":"https:\/\/dmetering.com\/product\/iem3375-direct-three-phase-energy-meter-125a-lon-1-digital-i-multi-tariff-mid\/#breadcrumb"},"inLanguage":"sl-SI","potentialAction":[{"@type":"ReadAction","target":["https:\/\/dmetering.com\/product\/iem3375-direct-three-phase-energy-meter-125a-lon-1-digital-i-multi-tariff-mid\/"]}]},{"@type":"ImageObject","inLanguage":"sl-SI","@id":"https:\/\/dmetering.com\/product\/iem3375-direct-three-phase-energy-meter-125a-lon-1-digital-i-multi-tariff-mid\/#primaryimage","url":"https:\/\/dmetering.com\/wp-content\/uploads\/2024\/03\/files-52.jpeg","contentUrl":"https:\/\/dmetering.com\/wp-content\/uploads\/2024\/03\/files-52.jpeg","width":1500,"height":1500},{"@type":"BreadcrumbList","@id":"https:\/\/dmetering.com\/product\/iem3375-direct-three-phase-energy-meter-125a-lon-1-digital-i-multi-tariff-mid\/#breadcrumb","itemListElement":[{"@type":"ListItem","position":1,"name":"","item":"https:\/\/dmetering.com\/sl\/"},{"@type":"ListItem","position":2,"name":"Vsi izdelki","item":"https:\/\/dmetering.com\/sl\/spletna-trgovina-stevci-energije-analizatorji-tokovni-transformatorji\/"},{"@type":"ListItem","position":3,"name":"iEM3375 neposredni trofazni merilnik elektri\u010dne energije &#8211; 125A &#8211; LON &#8211; 1 digitalni I &#8211; ve\u010d tarifni &#8211; MID"}]},{"@type":"WebSite","@id":"https:\/\/dmetering.com\/#website","url":"https:\/\/dmetering.com\/","name":"dMetering.com","description":"Re\u0161itve spremljanja rabe energije","publisher":{"@id":"https:\/\/dmetering.com\/#organization"},"potentialAction":[{"@type":"SearchAction","target":{"@type":"EntryPoint","urlTemplate":"https:\/\/dmetering.com\/?s={search_term_string}"},"query-input":{"@type":"PropertyValueSpecification","valueRequired":true,"valueName":"search_term_string"}}],"inLanguage":"sl-SI"},{"@type":"Organization","@id":"https:\/\/dmetering.com\/#organization","name":"ELCOND d.o.o.","alternateName":"dmetering.com","url":"https:\/\/dmetering.com\/","logo":{"@type":"ImageObject","inLanguage":"sl-SI","@id":"https:\/\/dmetering.com\/#\/schema\/logo\/image\/","url":"https:\/\/dmetering.com\/wp-content\/uploads\/2023\/07\/Logo_DMETERING_transp.png","contentUrl":"https:\/\/dmetering.com\/wp-content\/uploads\/2023\/07\/Logo_DMETERING_transp.png","width":709,"height":205,"caption":"ELCOND d.o.o."},"image":{"@id":"https:\/\/dmetering.com\/#\/schema\/logo\/image\/"},"description":"Metering\u2019s mission is to offer efficient energy monitoring solutions at competitive prices and fast availability of it core product ranges. That is to say, we rely on a team of multi-disciplinary professionals, two distribution centres and team of energy managers. Certified energy managers are available to provide specialised technical support to our clients.","email":"peter.usenicnik@elcond.si","telephone":"+386 1 583 73 72","legalName":"ELCOND d.o.o.","foundingDate":"2021-01-27","vatID":"SI50229508","numberOfEmployees":{"@type":"QuantitativeValue","minValue":"1","maxValue":"10"}}]}},"_links":{"self":[{"href":"https:\/\/dmetering.com\/sl\/wp-json\/wp\/v2\/product\/3922","targetHints":{"allow":["GET"]}}],"collection":[{"href":"https:\/\/dmetering.com\/sl\/wp-json\/wp\/v2\/product"}],"about":[{"href":"https:\/\/dmetering.com\/sl\/wp-json\/wp\/v2\/types\/product"}],"replies":[{"embeddable":true,"href":"https:\/\/dmetering.com\/sl\/wp-json\/wp\/v2\/comments?post=3922"}],"wp:featuredmedia":[{"embeddable":true,"href":"https:\/\/dmetering.com\/sl\/wp-json\/wp\/v2\/media\/2860"}],"wp:attachment":[{"href":"https:\/\/dmetering.com\/sl\/wp-json\/wp\/v2\/media?parent=3922"}],"wp:term":[{"taxonomy":"product_brand","embeddable":true,"href":"https:\/\/dmetering.com\/sl\/wp-json\/wp\/v2\/product_brand?post=3922"},{"taxonomy":"product_cat","embeddable":true,"href":"https:\/\/dmetering.com\/sl\/wp-json\/wp\/v2\/product_cat?post=3922"},{"taxonomy":"product_tag","embeddable":true,"href":"https:\/\/dmetering.com\/sl\/wp-json\/wp\/v2\/product_tag?post=3922"}],"curies":[{"name":"wp","href":"https:\/\/api.w.org\/{rel}","templated":true}]}}