{"id":3931,"date":"2024-10-23T11:10:40","date_gmt":"2024-10-23T09:10:40","guid":{"rendered":"https:\/\/dmetering.com\/trgovina\/nekategorizirano\/senzor-elektricne-energije-powertag-250a-3pn-compact-nsx-easypact-cvs\/"},"modified":"2024-10-23T11:36:30","modified_gmt":"2024-10-23T09:36:30","slug":"senzor-elektricne-energije-powertag-250a-3pn-compact-nsx-easypact-cvs","status":"publish","type":"product","link":"https:\/\/dmetering.com\/sl\/product\/senzor-elektricne-energije-powertag-250a-3pn-compact-nsx-easypact-cvs\/","title":{"rendered":"Senzor elektri\u010dne energije PowerTag 250A 3P+N &#8211; ComPacT NSX\/Easypact CVS"},"content":{"rendered":"<p>PowerLogic PowerTag Energy M250 3P+N je brez\u017ei\u010dni (Zigbee) senzor elektri\u010dne energije. S svojo zasnovo je namenjen za Schneider Electric kompaktne odklopnike ComPacT NSX 100\/160\/250, ComPacT NS 100\/160\/250, ComPacT INS250 in ComPacT INV 100\/160\/200\/250. Povezati ga je potrebno s koncentratorjem ali prehodom, da omogo\u010da spremljanje tokokroga in diagnostiko do nivoja bremena. Zasnovan je posebej za aplikacije spremljanja rabe energije, energetske u\u010dinkovitosti in razpolo\u017eljivost napajanja. Vklju\u010duje natan\u010dne meritve v realnem \u010dasu aktivne, jalove energije, aktivne, jalove in navidezne mo\u010di, toka, napetosti in faktorja mo\u010di. V primeru izpada elektri\u010dne energije po\u0161lje alarm o izgubi napetosti in vrednost toka po fazi, preden se izklopi. PowerTag Energy M250 je v skladu s standardom IEC 61557-12. Merilnik je PMD-II\/DD\/K70\/1. Razred to\u010dnosti je 1 (Razred 1). Najve\u010dji tok Imax je 250A. Osnovni tok Ib je 40A. Tok nasi\u010denja je 500A in za\u010detni tok Ist je 160mA. Fazna nazivna napetost Un je 230VAC +\/- 20% in medfazna nazivna napetost 400VAC +\/- 20%. Najve\u010dja poraba je ni\u017eja ali enaka 3.7VA. Namestite ga lahko neposredno na spodnjo stran odklopnika ali na priklju\u010dke Vigi modula ali pa na zgornjo ali spodnjo stran vti\u010dnega &#8220;Plug-in&#8221; podstavka, \u010de obstaja. Barva izdelka je siva (RAL7016). Te\u017ea je 300g. Stopnja za\u0161\u010dite je IP20 in IK07. Delova temperatura je -25\u00b0C do +70\u00b0C. Temperatura skladi\u0161\u010denja je -50\u00b0C do +85\u00b0C.<\/p>\n","protected":false},"excerpt":{"rendered":"<p>Senzor elektri\u010dne energije PowerTag 250A 3P+N &#8211; ComPacT NSX\/Easypact CVS<\/p>\n","protected":false},"featured_media":2887,"comment_status":"closed","ping_status":"open","template":"","meta":{"_acf_changed":false},"product_brand":[],"product_cat":[38,597,39],"product_tag":[],"class_list":{"0":"post-3931","1":"product","2":"type-product","3":"status-publish","4":"has-post-thumbnail","6":"product_cat-odstevalni-stevci","7":"product_cat-powertag","8":"product_cat-wireless-powertag","9":"pa_brand-name-schneider-electric-sl","10":"pa_communication-modbus-tcp-ip-sl","11":"pa_device-application-alarm-preobremenitve","12":"pa_device-application-nadzor-napetosti-odklopnika","13":"pa_device-application-obracun-stroskov","14":"pa_mounting-mode-na-odklopnik","15":"pa_mounting-support-na-kompaktni-odklopnik","16":"pa_poles-description-3p-n-sl","17":"pa_power-quality-analysis-faktor-moci-pf","18":"pa_rated-current-in-250-a-sl","19":"pa_type-of-measurement_2-aktivna-energija","20":"pa_type-of-measurement_2-aktivna-moc","21":"pa_type-of-measurement_2-faktor-moci","22":"pa_type-of-measurement_2-jalova-energija","23":"pa_type-of-measurement_2-jalova-moc","24":"pa_type-of-measurement_2-napetost","25":"pa_type-of-measurement_2-navidezna-moc","26":"pa_type-of-measurement_2-tok","28":"first","29":"instock","30":"taxable","31":"shipping-taxable","32":"purchasable","33":"product-type-simple","34":"berocket_lgv_grid","35":"berocket_lgv_list_grid"},"acf":[],"yoast_head":"<!-- This site is optimized with the Yoast SEO Premium plugin v27.4 (Yoast SEO v27.4) - https:\/\/yoast.com\/product\/yoast-seo-premium-wordpress\/ -->\n<title>Senzor elektri\u010dne energije PowerTag 250A 3P+N - ComPacT NSX\/Easypact CVS - dMetering.com<\/title>\n<meta name=\"robots\" content=\"index, follow, max-snippet:-1, max-image-preview:large, max-video-preview:-1\" \/>\n<link rel=\"canonical\" href=\"https:\/\/dmetering.com\/product\/energy-sensor-powertag-250a-3pn-compact-nsx-ns\/\" \/>\n<script type=\"application\/ld+json\" class=\"yoast-schema-graph\">{\"@context\":\"https:\\\/\\\/schema.org\",\"@graph\":[{\"@type\":\"WebPage\",\"@id\":\"https:\\\/\\\/dmetering.com\\\/product\\\/energy-sensor-powertag-250a-3pn-compact-nsx-ns\\\/\",\"url\":\"https:\\\/\\\/dmetering.com\\\/product\\\/energy-sensor-powertag-250a-3pn-compact-nsx-ns\\\/\",\"name\":\"Senzor elektri\u010dne energije PowerTag 250A 3P+N - ComPacT NSX\\\/Easypact CVS - dMetering.com\",\"isPartOf\":{\"@id\":\"https:\\\/\\\/dmetering.com\\\/#website\"},\"primaryImageOfPage\":{\"@id\":\"https:\\\/\\\/dmetering.com\\\/product\\\/energy-sensor-powertag-250a-3pn-compact-nsx-ns\\\/#primaryimage\"},\"image\":{\"@id\":\"https:\\\/\\\/dmetering.com\\\/product\\\/energy-sensor-powertag-250a-3pn-compact-nsx-ns\\\/#primaryimage\"},\"thumbnailUrl\":\"https:\\\/\\\/dmetering.com\\\/wp-content\\\/uploads\\\/2024\\\/03\\\/files-61.jpeg\",\"datePublished\":\"2024-10-23T09:10:40+00:00\",\"dateModified\":\"2024-10-23T09:36:30+00:00\",\"breadcrumb\":{\"@id\":\"https:\\\/\\\/dmetering.com\\\/product\\\/energy-sensor-powertag-250a-3pn-compact-nsx-ns\\\/#breadcrumb\"},\"inLanguage\":\"sl-SI\",\"potentialAction\":[{\"@type\":\"ReadAction\",\"target\":[\"https:\\\/\\\/dmetering.com\\\/product\\\/energy-sensor-powertag-250a-3pn-compact-nsx-ns\\\/\"]}]},{\"@type\":\"ImageObject\",\"inLanguage\":\"sl-SI\",\"@id\":\"https:\\\/\\\/dmetering.com\\\/product\\\/energy-sensor-powertag-250a-3pn-compact-nsx-ns\\\/#primaryimage\",\"url\":\"https:\\\/\\\/dmetering.com\\\/wp-content\\\/uploads\\\/2024\\\/03\\\/files-61.jpeg\",\"contentUrl\":\"https:\\\/\\\/dmetering.com\\\/wp-content\\\/uploads\\\/2024\\\/03\\\/files-61.jpeg\",\"width\":1500,\"height\":1500},{\"@type\":\"BreadcrumbList\",\"@id\":\"https:\\\/\\\/dmetering.com\\\/product\\\/energy-sensor-powertag-250a-3pn-compact-nsx-ns\\\/#breadcrumb\",\"itemListElement\":[{\"@type\":\"ListItem\",\"position\":1,\"name\":\"\",\"item\":\"https:\\\/\\\/dmetering.com\\\/sl\\\/\"},{\"@type\":\"ListItem\",\"position\":2,\"name\":\"Vsi izdelki\",\"item\":\"https:\\\/\\\/dmetering.com\\\/sl\\\/spletna-trgovina-stevci-energije-analizatorji-tokovni-transformatorji\\\/\"},{\"@type\":\"ListItem\",\"position\":3,\"name\":\"Senzor elektri\u010dne energije PowerTag 250A 3P+N &#8211; ComPacT NSX\\\/Easypact CVS\"}]},{\"@type\":\"WebSite\",\"@id\":\"https:\\\/\\\/dmetering.com\\\/#website\",\"url\":\"https:\\\/\\\/dmetering.com\\\/\",\"name\":\"dMetering.com\",\"description\":\"Re\u0161itve spremljanja rabe energije\",\"publisher\":{\"@id\":\"https:\\\/\\\/dmetering.com\\\/#organization\"},\"potentialAction\":[{\"@type\":\"SearchAction\",\"target\":{\"@type\":\"EntryPoint\",\"urlTemplate\":\"https:\\\/\\\/dmetering.com\\\/?s={search_term_string}\"},\"query-input\":{\"@type\":\"PropertyValueSpecification\",\"valueRequired\":true,\"valueName\":\"search_term_string\"}}],\"inLanguage\":\"sl-SI\"},{\"@type\":\"Organization\",\"@id\":\"https:\\\/\\\/dmetering.com\\\/#organization\",\"name\":\"ELCOND d.o.o.\",\"alternateName\":\"dmetering.com\",\"url\":\"https:\\\/\\\/dmetering.com\\\/\",\"logo\":{\"@type\":\"ImageObject\",\"inLanguage\":\"sl-SI\",\"@id\":\"https:\\\/\\\/dmetering.com\\\/#\\\/schema\\\/logo\\\/image\\\/\",\"url\":\"https:\\\/\\\/dmetering.com\\\/wp-content\\\/uploads\\\/2023\\\/07\\\/Logo_DMETERING_transp.png\",\"contentUrl\":\"https:\\\/\\\/dmetering.com\\\/wp-content\\\/uploads\\\/2023\\\/07\\\/Logo_DMETERING_transp.png\",\"width\":709,\"height\":205,\"caption\":\"ELCOND d.o.o.\"},\"image\":{\"@id\":\"https:\\\/\\\/dmetering.com\\\/#\\\/schema\\\/logo\\\/image\\\/\"},\"description\":\"Metering\u2019s mission is to offer efficient energy monitoring solutions at competitive prices and fast availability of it core product ranges. That is to say, we rely on a team of multi-disciplinary professionals, two distribution centres and team of energy managers. Certified energy managers are available to provide specialised technical support to our clients.\",\"email\":\"peter.usenicnik@elcond.si\",\"telephone\":\"+386 1 583 73 72\",\"legalName\":\"ELCOND d.o.o.\",\"foundingDate\":\"2021-01-27\",\"vatID\":\"SI50229508\",\"numberOfEmployees\":{\"@type\":\"QuantitativeValue\",\"minValue\":\"1\",\"maxValue\":\"10\"}}]}<\/script>\n<!-- \/ Yoast SEO Premium plugin. -->","yoast_head_json":{"title":"Senzor elektri\u010dne energije PowerTag 250A 3P+N - ComPacT NSX\/Easypact CVS - dMetering.com","robots":{"index":"index","follow":"follow","max-snippet":"max-snippet:-1","max-image-preview":"max-image-preview:large","max-video-preview":"max-video-preview:-1"},"canonical":"https:\/\/dmetering.com\/product\/energy-sensor-powertag-250a-3pn-compact-nsx-ns\/","schema":{"@context":"https:\/\/schema.org","@graph":[{"@type":"WebPage","@id":"https:\/\/dmetering.com\/product\/energy-sensor-powertag-250a-3pn-compact-nsx-ns\/","url":"https:\/\/dmetering.com\/product\/energy-sensor-powertag-250a-3pn-compact-nsx-ns\/","name":"Senzor elektri\u010dne energije PowerTag 250A 3P+N - ComPacT NSX\/Easypact CVS - dMetering.com","isPartOf":{"@id":"https:\/\/dmetering.com\/#website"},"primaryImageOfPage":{"@id":"https:\/\/dmetering.com\/product\/energy-sensor-powertag-250a-3pn-compact-nsx-ns\/#primaryimage"},"image":{"@id":"https:\/\/dmetering.com\/product\/energy-sensor-powertag-250a-3pn-compact-nsx-ns\/#primaryimage"},"thumbnailUrl":"https:\/\/dmetering.com\/wp-content\/uploads\/2024\/03\/files-61.jpeg","datePublished":"2024-10-23T09:10:40+00:00","dateModified":"2024-10-23T09:36:30+00:00","breadcrumb":{"@id":"https:\/\/dmetering.com\/product\/energy-sensor-powertag-250a-3pn-compact-nsx-ns\/#breadcrumb"},"inLanguage":"sl-SI","potentialAction":[{"@type":"ReadAction","target":["https:\/\/dmetering.com\/product\/energy-sensor-powertag-250a-3pn-compact-nsx-ns\/"]}]},{"@type":"ImageObject","inLanguage":"sl-SI","@id":"https:\/\/dmetering.com\/product\/energy-sensor-powertag-250a-3pn-compact-nsx-ns\/#primaryimage","url":"https:\/\/dmetering.com\/wp-content\/uploads\/2024\/03\/files-61.jpeg","contentUrl":"https:\/\/dmetering.com\/wp-content\/uploads\/2024\/03\/files-61.jpeg","width":1500,"height":1500},{"@type":"BreadcrumbList","@id":"https:\/\/dmetering.com\/product\/energy-sensor-powertag-250a-3pn-compact-nsx-ns\/#breadcrumb","itemListElement":[{"@type":"ListItem","position":1,"name":"","item":"https:\/\/dmetering.com\/sl\/"},{"@type":"ListItem","position":2,"name":"Vsi izdelki","item":"https:\/\/dmetering.com\/sl\/spletna-trgovina-stevci-energije-analizatorji-tokovni-transformatorji\/"},{"@type":"ListItem","position":3,"name":"Senzor elektri\u010dne energije PowerTag 250A 3P+N &#8211; ComPacT NSX\/Easypact CVS"}]},{"@type":"WebSite","@id":"https:\/\/dmetering.com\/#website","url":"https:\/\/dmetering.com\/","name":"dMetering.com","description":"Re\u0161itve spremljanja rabe energije","publisher":{"@id":"https:\/\/dmetering.com\/#organization"},"potentialAction":[{"@type":"SearchAction","target":{"@type":"EntryPoint","urlTemplate":"https:\/\/dmetering.com\/?s={search_term_string}"},"query-input":{"@type":"PropertyValueSpecification","valueRequired":true,"valueName":"search_term_string"}}],"inLanguage":"sl-SI"},{"@type":"Organization","@id":"https:\/\/dmetering.com\/#organization","name":"ELCOND d.o.o.","alternateName":"dmetering.com","url":"https:\/\/dmetering.com\/","logo":{"@type":"ImageObject","inLanguage":"sl-SI","@id":"https:\/\/dmetering.com\/#\/schema\/logo\/image\/","url":"https:\/\/dmetering.com\/wp-content\/uploads\/2023\/07\/Logo_DMETERING_transp.png","contentUrl":"https:\/\/dmetering.com\/wp-content\/uploads\/2023\/07\/Logo_DMETERING_transp.png","width":709,"height":205,"caption":"ELCOND d.o.o."},"image":{"@id":"https:\/\/dmetering.com\/#\/schema\/logo\/image\/"},"description":"Metering\u2019s mission is to offer efficient energy monitoring solutions at competitive prices and fast availability of it core product ranges. That is to say, we rely on a team of multi-disciplinary professionals, two distribution centres and team of energy managers. Certified energy managers are available to provide specialised technical support to our clients.","email":"peter.usenicnik@elcond.si","telephone":"+386 1 583 73 72","legalName":"ELCOND d.o.o.","foundingDate":"2021-01-27","vatID":"SI50229508","numberOfEmployees":{"@type":"QuantitativeValue","minValue":"1","maxValue":"10"}}]}},"_links":{"self":[{"href":"https:\/\/dmetering.com\/sl\/wp-json\/wp\/v2\/product\/3931","targetHints":{"allow":["GET"]}}],"collection":[{"href":"https:\/\/dmetering.com\/sl\/wp-json\/wp\/v2\/product"}],"about":[{"href":"https:\/\/dmetering.com\/sl\/wp-json\/wp\/v2\/types\/product"}],"replies":[{"embeddable":true,"href":"https:\/\/dmetering.com\/sl\/wp-json\/wp\/v2\/comments?post=3931"}],"wp:featuredmedia":[{"embeddable":true,"href":"https:\/\/dmetering.com\/sl\/wp-json\/wp\/v2\/media\/2887"}],"wp:attachment":[{"href":"https:\/\/dmetering.com\/sl\/wp-json\/wp\/v2\/media?parent=3931"}],"wp:term":[{"taxonomy":"product_brand","embeddable":true,"href":"https:\/\/dmetering.com\/sl\/wp-json\/wp\/v2\/product_brand?post=3931"},{"taxonomy":"product_cat","embeddable":true,"href":"https:\/\/dmetering.com\/sl\/wp-json\/wp\/v2\/product_cat?post=3931"},{"taxonomy":"product_tag","embeddable":true,"href":"https:\/\/dmetering.com\/sl\/wp-json\/wp\/v2\/product_tag?post=3931"}],"curies":[{"name":"wp","href":"https:\/\/api.w.org\/{rel}","templated":true}]}}