{"id":3955,"date":"2024-10-23T11:12:05","date_gmt":"2024-10-23T09:12:05","guid":{"rendered":"https:\/\/dmetering.com\/trgovina\/nekategorizirano\/tokovni-transformator-polno-jedro-montaza-na-din-letev-250-5a-za-kable-d21mm\/"},"modified":"2024-10-23T11:37:57","modified_gmt":"2024-10-23T09:37:57","slug":"tokovni-transformator-polno-jedro-montaza-na-din-letev-250-5a-za-kable-d21mm","status":"publish","type":"product","link":"https:\/\/dmetering.com\/sl\/product\/tokovni-transformator-polno-jedro-montaza-na-din-letev-250-5a-za-kable-d21mm\/","title":{"rendered":"Tokovni transformator &#8211; polno jedro &#8211; monta\u017ea na DIN letev 250\/5A za kable d=21mm"},"content":{"rendered":"<p>Ta tokovni transformator za kabel, tropikaliziran, ima nazivni tok 250 A in nazivni sekundarni tok 5 A. Ta tokovni transformator dopu\u0161\u010da najve\u010dji zunanji premer \u017eice 21 mm. Kategorizacija mo\u010di v to\u010dnosti je naslednja: Razred 0.5 najve\u010dja mo\u010d: 5 VA, Razred 1 najve\u010dja mo\u010d: 6 VA, Razred 3 najve\u010dja mo\u010d: 7 VA.<\/p>\n","protected":false},"excerpt":{"rendered":"<p>Tokovni transformator &#8211; polno jedro &#8211; monta\u017ea na DIN letev 250\/5A za kable d=21mm<\/p>\n","protected":false},"featured_media":2915,"comment_status":"closed","ping_status":"open","template":"","meta":{"_acf_changed":false},"product_brand":[],"product_cat":[67,62],"product_tag":[],"class_list":{"0":"post-3955","1":"product","2":"type-product","3":"status-publish","4":"has-post-thumbnail","6":"product_cat-nedeljivo-jedro-5a","7":"product_cat-tokovni-transformatorji","8":"pa_brand-name-schneider-electric-sl","9":"pa_mounting-mode-din-letev","10":"pa_mounting-mode-z-vijaki","12":"first","13":"instock","14":"taxable","15":"shipping-taxable","16":"purchasable","17":"product-type-simple","18":"berocket_lgv_grid","19":"berocket_lgv_list_grid"},"acf":[],"yoast_head":"<!-- This site is optimized with the Yoast SEO Premium plugin v27.1 (Yoast SEO v27.1.1) - https:\/\/yoast.com\/product\/yoast-seo-premium-wordpress\/ -->\n<title>Tokovni transformator - polno jedro - monta\u017ea na DIN letev 250\/5A za kable d=21mm - dMetering.com<\/title>\n<meta name=\"robots\" content=\"index, follow, max-snippet:-1, max-image-preview:large, max-video-preview:-1\" \/>\n<link rel=\"canonical\" href=\"https:\/\/dmetering.com\/product\/current-transformer-solid-core-din-mount-250-5-for-cables-d21mm\/\" \/>\n<script type=\"application\/ld+json\" class=\"yoast-schema-graph\">{\"@context\":\"https:\/\/schema.org\",\"@graph\":[{\"@type\":\"WebPage\",\"@id\":\"https:\/\/dmetering.com\/product\/current-transformer-solid-core-din-mount-250-5-for-cables-d21mm\/\",\"url\":\"https:\/\/dmetering.com\/product\/current-transformer-solid-core-din-mount-250-5-for-cables-d21mm\/\",\"name\":\"Tokovni transformator - polno jedro - monta\u017ea na DIN letev 250\/5A za kable d=21mm - dMetering.com\",\"isPartOf\":{\"@id\":\"https:\/\/dmetering.com\/#website\"},\"primaryImageOfPage\":{\"@id\":\"https:\/\/dmetering.com\/product\/current-transformer-solid-core-din-mount-250-5-for-cables-d21mm\/#primaryimage\"},\"image\":{\"@id\":\"https:\/\/dmetering.com\/product\/current-transformer-solid-core-din-mount-250-5-for-cables-d21mm\/#primaryimage\"},\"thumbnailUrl\":\"https:\/\/dmetering.com\/wp-content\/uploads\/2023\/03\/files-63.jpeg\",\"datePublished\":\"2024-10-23T09:12:05+00:00\",\"dateModified\":\"2024-10-23T09:37:57+00:00\",\"breadcrumb\":{\"@id\":\"https:\/\/dmetering.com\/product\/current-transformer-solid-core-din-mount-250-5-for-cables-d21mm\/#breadcrumb\"},\"inLanguage\":\"sl-SI\",\"potentialAction\":[{\"@type\":\"ReadAction\",\"target\":[\"https:\/\/dmetering.com\/product\/current-transformer-solid-core-din-mount-250-5-for-cables-d21mm\/\"]}]},{\"@type\":\"ImageObject\",\"inLanguage\":\"sl-SI\",\"@id\":\"https:\/\/dmetering.com\/product\/current-transformer-solid-core-din-mount-250-5-for-cables-d21mm\/#primaryimage\",\"url\":\"https:\/\/dmetering.com\/wp-content\/uploads\/2023\/03\/files-63.jpeg\",\"contentUrl\":\"https:\/\/dmetering.com\/wp-content\/uploads\/2023\/03\/files-63.jpeg\",\"width\":1500,\"height\":1500},{\"@type\":\"BreadcrumbList\",\"@id\":\"https:\/\/dmetering.com\/product\/current-transformer-solid-core-din-mount-250-5-for-cables-d21mm\/#breadcrumb\",\"itemListElement\":[{\"@type\":\"ListItem\",\"position\":1,\"name\":\"\",\"item\":\"https:\/\/dmetering.com\/sl\/\"},{\"@type\":\"ListItem\",\"position\":2,\"name\":\"Vsi izdelki\",\"item\":\"https:\/\/dmetering.com\/sl\/spletna-trgovina-stevci-energije-analizatorji-tokovni-transformatorji\/\"},{\"@type\":\"ListItem\",\"position\":3,\"name\":\"Tokovni transformator &#8211; polno jedro &#8211; monta\u017ea na DIN letev 250\/5A za kable d=21mm\"}]},{\"@type\":\"WebSite\",\"@id\":\"https:\/\/dmetering.com\/#website\",\"url\":\"https:\/\/dmetering.com\/\",\"name\":\"dMetering.com\",\"description\":\"Re\u0161itve spremljanja rabe energije\",\"publisher\":{\"@id\":\"https:\/\/dmetering.com\/#organization\"},\"potentialAction\":[{\"@type\":\"SearchAction\",\"target\":{\"@type\":\"EntryPoint\",\"urlTemplate\":\"https:\/\/dmetering.com\/?s={search_term_string}\"},\"query-input\":{\"@type\":\"PropertyValueSpecification\",\"valueRequired\":true,\"valueName\":\"search_term_string\"}}],\"inLanguage\":\"sl-SI\"},{\"@type\":\"Organization\",\"@id\":\"https:\/\/dmetering.com\/#organization\",\"name\":\"ELCOND d.o.o.\",\"alternateName\":\"dmetering.com\",\"url\":\"https:\/\/dmetering.com\/\",\"logo\":{\"@type\":\"ImageObject\",\"inLanguage\":\"sl-SI\",\"@id\":\"https:\/\/dmetering.com\/#\/schema\/logo\/image\/\",\"url\":\"https:\/\/dmetering.com\/wp-content\/uploads\/2023\/07\/Logo_DMETERING_transp.png\",\"contentUrl\":\"https:\/\/dmetering.com\/wp-content\/uploads\/2023\/07\/Logo_DMETERING_transp.png\",\"width\":709,\"height\":205,\"caption\":\"ELCOND d.o.o.\"},\"image\":{\"@id\":\"https:\/\/dmetering.com\/#\/schema\/logo\/image\/\"},\"description\":\"Metering\u2019s mission is to offer efficient energy monitoring solutions at competitive prices and fast availability of it core product ranges. That is to say, we rely on a team of multi-disciplinary professionals, two distribution centres and team of energy managers. Certified energy managers are available to provide specialised technical support to our clients.\",\"email\":\"peter.usenicnik@elcond.si\",\"telephone\":\"+386 1 583 73 72\",\"legalName\":\"ELCOND d.o.o.\",\"foundingDate\":\"2021-01-27\",\"vatID\":\"SI50229508\",\"numberOfEmployees\":{\"@type\":\"QuantitativeValue\",\"minValue\":\"1\",\"maxValue\":\"10\"}}]}<\/script>\n<!-- \/ Yoast SEO Premium plugin. -->","yoast_head_json":{"title":"Tokovni transformator - polno jedro - monta\u017ea na DIN letev 250\/5A za kable d=21mm - dMetering.com","robots":{"index":"index","follow":"follow","max-snippet":"max-snippet:-1","max-image-preview":"max-image-preview:large","max-video-preview":"max-video-preview:-1"},"canonical":"https:\/\/dmetering.com\/product\/current-transformer-solid-core-din-mount-250-5-for-cables-d21mm\/","schema":{"@context":"https:\/\/schema.org","@graph":[{"@type":"WebPage","@id":"https:\/\/dmetering.com\/product\/current-transformer-solid-core-din-mount-250-5-for-cables-d21mm\/","url":"https:\/\/dmetering.com\/product\/current-transformer-solid-core-din-mount-250-5-for-cables-d21mm\/","name":"Tokovni transformator - polno jedro - monta\u017ea na DIN letev 250\/5A za kable d=21mm - dMetering.com","isPartOf":{"@id":"https:\/\/dmetering.com\/#website"},"primaryImageOfPage":{"@id":"https:\/\/dmetering.com\/product\/current-transformer-solid-core-din-mount-250-5-for-cables-d21mm\/#primaryimage"},"image":{"@id":"https:\/\/dmetering.com\/product\/current-transformer-solid-core-din-mount-250-5-for-cables-d21mm\/#primaryimage"},"thumbnailUrl":"https:\/\/dmetering.com\/wp-content\/uploads\/2023\/03\/files-63.jpeg","datePublished":"2024-10-23T09:12:05+00:00","dateModified":"2024-10-23T09:37:57+00:00","breadcrumb":{"@id":"https:\/\/dmetering.com\/product\/current-transformer-solid-core-din-mount-250-5-for-cables-d21mm\/#breadcrumb"},"inLanguage":"sl-SI","potentialAction":[{"@type":"ReadAction","target":["https:\/\/dmetering.com\/product\/current-transformer-solid-core-din-mount-250-5-for-cables-d21mm\/"]}]},{"@type":"ImageObject","inLanguage":"sl-SI","@id":"https:\/\/dmetering.com\/product\/current-transformer-solid-core-din-mount-250-5-for-cables-d21mm\/#primaryimage","url":"https:\/\/dmetering.com\/wp-content\/uploads\/2023\/03\/files-63.jpeg","contentUrl":"https:\/\/dmetering.com\/wp-content\/uploads\/2023\/03\/files-63.jpeg","width":1500,"height":1500},{"@type":"BreadcrumbList","@id":"https:\/\/dmetering.com\/product\/current-transformer-solid-core-din-mount-250-5-for-cables-d21mm\/#breadcrumb","itemListElement":[{"@type":"ListItem","position":1,"name":"","item":"https:\/\/dmetering.com\/sl\/"},{"@type":"ListItem","position":2,"name":"Vsi izdelki","item":"https:\/\/dmetering.com\/sl\/spletna-trgovina-stevci-energije-analizatorji-tokovni-transformatorji\/"},{"@type":"ListItem","position":3,"name":"Tokovni transformator &#8211; polno jedro &#8211; monta\u017ea na DIN letev 250\/5A za kable d=21mm"}]},{"@type":"WebSite","@id":"https:\/\/dmetering.com\/#website","url":"https:\/\/dmetering.com\/","name":"dMetering.com","description":"Re\u0161itve spremljanja rabe energije","publisher":{"@id":"https:\/\/dmetering.com\/#organization"},"potentialAction":[{"@type":"SearchAction","target":{"@type":"EntryPoint","urlTemplate":"https:\/\/dmetering.com\/?s={search_term_string}"},"query-input":{"@type":"PropertyValueSpecification","valueRequired":true,"valueName":"search_term_string"}}],"inLanguage":"sl-SI"},{"@type":"Organization","@id":"https:\/\/dmetering.com\/#organization","name":"ELCOND d.o.o.","alternateName":"dmetering.com","url":"https:\/\/dmetering.com\/","logo":{"@type":"ImageObject","inLanguage":"sl-SI","@id":"https:\/\/dmetering.com\/#\/schema\/logo\/image\/","url":"https:\/\/dmetering.com\/wp-content\/uploads\/2023\/07\/Logo_DMETERING_transp.png","contentUrl":"https:\/\/dmetering.com\/wp-content\/uploads\/2023\/07\/Logo_DMETERING_transp.png","width":709,"height":205,"caption":"ELCOND d.o.o."},"image":{"@id":"https:\/\/dmetering.com\/#\/schema\/logo\/image\/"},"description":"Metering\u2019s mission is to offer efficient energy monitoring solutions at competitive prices and fast availability of it core product ranges. That is to say, we rely on a team of multi-disciplinary professionals, two distribution centres and team of energy managers. Certified energy managers are available to provide specialised technical support to our clients.","email":"peter.usenicnik@elcond.si","telephone":"+386 1 583 73 72","legalName":"ELCOND d.o.o.","foundingDate":"2021-01-27","vatID":"SI50229508","numberOfEmployees":{"@type":"QuantitativeValue","minValue":"1","maxValue":"10"}}]}},"_links":{"self":[{"href":"https:\/\/dmetering.com\/sl\/wp-json\/wp\/v2\/product\/3955","targetHints":{"allow":["GET"]}}],"collection":[{"href":"https:\/\/dmetering.com\/sl\/wp-json\/wp\/v2\/product"}],"about":[{"href":"https:\/\/dmetering.com\/sl\/wp-json\/wp\/v2\/types\/product"}],"replies":[{"embeddable":true,"href":"https:\/\/dmetering.com\/sl\/wp-json\/wp\/v2\/comments?post=3955"}],"wp:featuredmedia":[{"embeddable":true,"href":"https:\/\/dmetering.com\/sl\/wp-json\/wp\/v2\/media\/2915"}],"wp:attachment":[{"href":"https:\/\/dmetering.com\/sl\/wp-json\/wp\/v2\/media?parent=3955"}],"wp:term":[{"taxonomy":"product_brand","embeddable":true,"href":"https:\/\/dmetering.com\/sl\/wp-json\/wp\/v2\/product_brand?post=3955"},{"taxonomy":"product_cat","embeddable":true,"href":"https:\/\/dmetering.com\/sl\/wp-json\/wp\/v2\/product_cat?post=3955"},{"taxonomy":"product_tag","embeddable":true,"href":"https:\/\/dmetering.com\/sl\/wp-json\/wp\/v2\/product_tag?post=3955"}],"curies":[{"name":"wp","href":"https:\/\/api.w.org\/{rel}","templated":true}]}}