{"id":4068,"date":"2024-10-23T11:18:35","date_gmt":"2024-10-23T09:18:35","guid":{"rendered":"https:\/\/dmetering.com\/trgovina\/nekategorizirano\/tokovni-transformator-polno-jedro-montaza-na-din-letev-800-5-za-zbiralke-10x40-20x32-25x25mm\/"},"modified":"2024-10-23T11:44:23","modified_gmt":"2024-10-23T09:44:23","slug":"tokovni-transformator-polno-jedro-montaza-na-din-letev-800-5-za-zbiralke-10x40-20x32-25x25mm","status":"publish","type":"product","link":"https:\/\/dmetering.com\/sl\/product\/tokovni-transformator-polno-jedro-montaza-na-din-letev-800-5-za-zbiralke-10x40-20x32-25x25mm\/","title":{"rendered":"Tokovni transformator &#8211; polno jedro &#8211; monta\u017ea na DIN letev 800\/5 &#8211; za zbiralke 10&#215;40\/20&#215;32\/25x25mm"},"content":{"rendered":"<p>Tokovni transformator, tropikaliziran za zbiralnice, ima nazivni tok800 A in nazivni sekundarni tok 5 A. Ta tokovni transformator ima odprtino 41 mm x 41 mm. Compatible with a triple output for busbars: 40.5 mm x 10.5 mm or 32,5 mm x 20.5 mm or 25.5 mm x 25.5 mm. Kategorizacija mo\u010di v to\u010dnosti je naslednja: Razred 0.5 najve\u010dja mo\u010d: 10 VA, Razred 1 najve\u010dja mo\u010d: 12 VA.<\/p>\n","protected":false},"excerpt":{"rendered":"<p>Tokovni transformator &#8211; polno jedro &#8211; monta\u017ea na DIN letev 800\/5 &#8211; za zbiralke 10&#215;40\/20&#215;32\/25x25mm<\/p>\n","protected":false},"featured_media":3054,"comment_status":"closed","ping_status":"open","template":"","meta":{"_acf_changed":false},"product_brand":[],"product_cat":[67,62],"product_tag":[],"class_list":{"0":"post-4068","1":"product","2":"type-product","3":"status-publish","4":"has-post-thumbnail","6":"product_cat-nedeljivo-jedro-5a","7":"product_cat-tokovni-transformatorji","8":"pa_brand-name-schneider-electric-sl","9":"pa_mounting-mode-din-letev","10":"pa_mounting-mode-na-zbiralke","11":"pa_mounting-mode-z-vijaki","12":"pa_opening-for-busbars-255-x-255-sl","13":"pa_opening-for-busbars-325-x-205-sl","14":"pa_opening-for-busbars-405-x-105-sl","16":"first","17":"outofstock","18":"taxable","19":"shipping-taxable","20":"purchasable","21":"product-type-simple","22":"berocket_lgv_grid","23":"berocket_lgv_list_grid"},"acf":[],"yoast_head":"<!-- This site is optimized with the Yoast SEO Premium plugin v27.4 (Yoast SEO v27.4) - https:\/\/yoast.com\/product\/yoast-seo-premium-wordpress\/ -->\n<title>Tokovni transformator - polno jedro - monta\u017ea na DIN letev 800\/5 - za zbiralke 10x40\/20x32\/25x25mm - dMetering.com<\/title>\n<meta name=\"robots\" content=\"index, follow, max-snippet:-1, max-image-preview:large, max-video-preview:-1\" \/>\n<link rel=\"canonical\" href=\"https:\/\/dmetering.com\/product\/current-transformer-solid-core-din-mount-800-5-for-busbars-10x40-20x32-25x25mm\/\" \/>\n<script type=\"application\/ld+json\" class=\"yoast-schema-graph\">{\"@context\":\"https:\\\/\\\/schema.org\",\"@graph\":[{\"@type\":\"WebPage\",\"@id\":\"https:\\\/\\\/dmetering.com\\\/product\\\/current-transformer-solid-core-din-mount-800-5-for-busbars-10x40-20x32-25x25mm\\\/\",\"url\":\"https:\\\/\\\/dmetering.com\\\/product\\\/current-transformer-solid-core-din-mount-800-5-for-busbars-10x40-20x32-25x25mm\\\/\",\"name\":\"Tokovni transformator - polno jedro - monta\u017ea na DIN letev 800\\\/5 - za zbiralke 10x40\\\/20x32\\\/25x25mm - dMetering.com\",\"isPartOf\":{\"@id\":\"https:\\\/\\\/dmetering.com\\\/#website\"},\"primaryImageOfPage\":{\"@id\":\"https:\\\/\\\/dmetering.com\\\/product\\\/current-transformer-solid-core-din-mount-800-5-for-busbars-10x40-20x32-25x25mm\\\/#primaryimage\"},\"image\":{\"@id\":\"https:\\\/\\\/dmetering.com\\\/product\\\/current-transformer-solid-core-din-mount-800-5-for-busbars-10x40-20x32-25x25mm\\\/#primaryimage\"},\"thumbnailUrl\":\"https:\\\/\\\/dmetering.com\\\/wp-content\\\/uploads\\\/2023\\\/03\\\/files-83.jpeg\",\"datePublished\":\"2024-10-23T09:18:35+00:00\",\"dateModified\":\"2024-10-23T09:44:23+00:00\",\"breadcrumb\":{\"@id\":\"https:\\\/\\\/dmetering.com\\\/product\\\/current-transformer-solid-core-din-mount-800-5-for-busbars-10x40-20x32-25x25mm\\\/#breadcrumb\"},\"inLanguage\":\"sl-SI\",\"potentialAction\":[{\"@type\":\"ReadAction\",\"target\":[\"https:\\\/\\\/dmetering.com\\\/product\\\/current-transformer-solid-core-din-mount-800-5-for-busbars-10x40-20x32-25x25mm\\\/\"]}]},{\"@type\":\"ImageObject\",\"inLanguage\":\"sl-SI\",\"@id\":\"https:\\\/\\\/dmetering.com\\\/product\\\/current-transformer-solid-core-din-mount-800-5-for-busbars-10x40-20x32-25x25mm\\\/#primaryimage\",\"url\":\"https:\\\/\\\/dmetering.com\\\/wp-content\\\/uploads\\\/2023\\\/03\\\/files-83.jpeg\",\"contentUrl\":\"https:\\\/\\\/dmetering.com\\\/wp-content\\\/uploads\\\/2023\\\/03\\\/files-83.jpeg\",\"width\":1500,\"height\":1500},{\"@type\":\"BreadcrumbList\",\"@id\":\"https:\\\/\\\/dmetering.com\\\/product\\\/current-transformer-solid-core-din-mount-800-5-for-busbars-10x40-20x32-25x25mm\\\/#breadcrumb\",\"itemListElement\":[{\"@type\":\"ListItem\",\"position\":1,\"name\":\"\",\"item\":\"https:\\\/\\\/dmetering.com\\\/sl\\\/\"},{\"@type\":\"ListItem\",\"position\":2,\"name\":\"Vsi izdelki\",\"item\":\"https:\\\/\\\/dmetering.com\\\/sl\\\/spletna-trgovina-stevci-energije-analizatorji-tokovni-transformatorji\\\/\"},{\"@type\":\"ListItem\",\"position\":3,\"name\":\"Tokovni transformator &#8211; polno jedro &#8211; monta\u017ea na DIN letev 800\\\/5 &#8211; za zbiralke 10&#215;40\\\/20&#215;32\\\/25x25mm\"}]},{\"@type\":\"WebSite\",\"@id\":\"https:\\\/\\\/dmetering.com\\\/#website\",\"url\":\"https:\\\/\\\/dmetering.com\\\/\",\"name\":\"dMetering.com\",\"description\":\"Re\u0161itve spremljanja rabe energije\",\"publisher\":{\"@id\":\"https:\\\/\\\/dmetering.com\\\/#organization\"},\"potentialAction\":[{\"@type\":\"SearchAction\",\"target\":{\"@type\":\"EntryPoint\",\"urlTemplate\":\"https:\\\/\\\/dmetering.com\\\/?s={search_term_string}\"},\"query-input\":{\"@type\":\"PropertyValueSpecification\",\"valueRequired\":true,\"valueName\":\"search_term_string\"}}],\"inLanguage\":\"sl-SI\"},{\"@type\":\"Organization\",\"@id\":\"https:\\\/\\\/dmetering.com\\\/#organization\",\"name\":\"ELCOND d.o.o.\",\"alternateName\":\"dmetering.com\",\"url\":\"https:\\\/\\\/dmetering.com\\\/\",\"logo\":{\"@type\":\"ImageObject\",\"inLanguage\":\"sl-SI\",\"@id\":\"https:\\\/\\\/dmetering.com\\\/#\\\/schema\\\/logo\\\/image\\\/\",\"url\":\"https:\\\/\\\/dmetering.com\\\/wp-content\\\/uploads\\\/2023\\\/07\\\/Logo_DMETERING_transp.png\",\"contentUrl\":\"https:\\\/\\\/dmetering.com\\\/wp-content\\\/uploads\\\/2023\\\/07\\\/Logo_DMETERING_transp.png\",\"width\":709,\"height\":205,\"caption\":\"ELCOND d.o.o.\"},\"image\":{\"@id\":\"https:\\\/\\\/dmetering.com\\\/#\\\/schema\\\/logo\\\/image\\\/\"},\"description\":\"Metering\u2019s mission is to offer efficient energy monitoring solutions at competitive prices and fast availability of it core product ranges. That is to say, we rely on a team of multi-disciplinary professionals, two distribution centres and team of energy managers. Certified energy managers are available to provide specialised technical support to our clients.\",\"email\":\"peter.usenicnik@elcond.si\",\"telephone\":\"+386 1 583 73 72\",\"legalName\":\"ELCOND d.o.o.\",\"foundingDate\":\"2021-01-27\",\"vatID\":\"SI50229508\",\"numberOfEmployees\":{\"@type\":\"QuantitativeValue\",\"minValue\":\"1\",\"maxValue\":\"10\"}}]}<\/script>\n<!-- \/ Yoast SEO Premium plugin. -->","yoast_head_json":{"title":"Tokovni transformator - polno jedro - monta\u017ea na DIN letev 800\/5 - za zbiralke 10x40\/20x32\/25x25mm - dMetering.com","robots":{"index":"index","follow":"follow","max-snippet":"max-snippet:-1","max-image-preview":"max-image-preview:large","max-video-preview":"max-video-preview:-1"},"canonical":"https:\/\/dmetering.com\/product\/current-transformer-solid-core-din-mount-800-5-for-busbars-10x40-20x32-25x25mm\/","schema":{"@context":"https:\/\/schema.org","@graph":[{"@type":"WebPage","@id":"https:\/\/dmetering.com\/product\/current-transformer-solid-core-din-mount-800-5-for-busbars-10x40-20x32-25x25mm\/","url":"https:\/\/dmetering.com\/product\/current-transformer-solid-core-din-mount-800-5-for-busbars-10x40-20x32-25x25mm\/","name":"Tokovni transformator - polno jedro - monta\u017ea na DIN letev 800\/5 - za zbiralke 10x40\/20x32\/25x25mm - dMetering.com","isPartOf":{"@id":"https:\/\/dmetering.com\/#website"},"primaryImageOfPage":{"@id":"https:\/\/dmetering.com\/product\/current-transformer-solid-core-din-mount-800-5-for-busbars-10x40-20x32-25x25mm\/#primaryimage"},"image":{"@id":"https:\/\/dmetering.com\/product\/current-transformer-solid-core-din-mount-800-5-for-busbars-10x40-20x32-25x25mm\/#primaryimage"},"thumbnailUrl":"https:\/\/dmetering.com\/wp-content\/uploads\/2023\/03\/files-83.jpeg","datePublished":"2024-10-23T09:18:35+00:00","dateModified":"2024-10-23T09:44:23+00:00","breadcrumb":{"@id":"https:\/\/dmetering.com\/product\/current-transformer-solid-core-din-mount-800-5-for-busbars-10x40-20x32-25x25mm\/#breadcrumb"},"inLanguage":"sl-SI","potentialAction":[{"@type":"ReadAction","target":["https:\/\/dmetering.com\/product\/current-transformer-solid-core-din-mount-800-5-for-busbars-10x40-20x32-25x25mm\/"]}]},{"@type":"ImageObject","inLanguage":"sl-SI","@id":"https:\/\/dmetering.com\/product\/current-transformer-solid-core-din-mount-800-5-for-busbars-10x40-20x32-25x25mm\/#primaryimage","url":"https:\/\/dmetering.com\/wp-content\/uploads\/2023\/03\/files-83.jpeg","contentUrl":"https:\/\/dmetering.com\/wp-content\/uploads\/2023\/03\/files-83.jpeg","width":1500,"height":1500},{"@type":"BreadcrumbList","@id":"https:\/\/dmetering.com\/product\/current-transformer-solid-core-din-mount-800-5-for-busbars-10x40-20x32-25x25mm\/#breadcrumb","itemListElement":[{"@type":"ListItem","position":1,"name":"","item":"https:\/\/dmetering.com\/sl\/"},{"@type":"ListItem","position":2,"name":"Vsi izdelki","item":"https:\/\/dmetering.com\/sl\/spletna-trgovina-stevci-energije-analizatorji-tokovni-transformatorji\/"},{"@type":"ListItem","position":3,"name":"Tokovni transformator &#8211; polno jedro &#8211; monta\u017ea na DIN letev 800\/5 &#8211; za zbiralke 10&#215;40\/20&#215;32\/25x25mm"}]},{"@type":"WebSite","@id":"https:\/\/dmetering.com\/#website","url":"https:\/\/dmetering.com\/","name":"dMetering.com","description":"Re\u0161itve spremljanja rabe energije","publisher":{"@id":"https:\/\/dmetering.com\/#organization"},"potentialAction":[{"@type":"SearchAction","target":{"@type":"EntryPoint","urlTemplate":"https:\/\/dmetering.com\/?s={search_term_string}"},"query-input":{"@type":"PropertyValueSpecification","valueRequired":true,"valueName":"search_term_string"}}],"inLanguage":"sl-SI"},{"@type":"Organization","@id":"https:\/\/dmetering.com\/#organization","name":"ELCOND d.o.o.","alternateName":"dmetering.com","url":"https:\/\/dmetering.com\/","logo":{"@type":"ImageObject","inLanguage":"sl-SI","@id":"https:\/\/dmetering.com\/#\/schema\/logo\/image\/","url":"https:\/\/dmetering.com\/wp-content\/uploads\/2023\/07\/Logo_DMETERING_transp.png","contentUrl":"https:\/\/dmetering.com\/wp-content\/uploads\/2023\/07\/Logo_DMETERING_transp.png","width":709,"height":205,"caption":"ELCOND d.o.o."},"image":{"@id":"https:\/\/dmetering.com\/#\/schema\/logo\/image\/"},"description":"Metering\u2019s mission is to offer efficient energy monitoring solutions at competitive prices and fast availability of it core product ranges. That is to say, we rely on a team of multi-disciplinary professionals, two distribution centres and team of energy managers. Certified energy managers are available to provide specialised technical support to our clients.","email":"peter.usenicnik@elcond.si","telephone":"+386 1 583 73 72","legalName":"ELCOND d.o.o.","foundingDate":"2021-01-27","vatID":"SI50229508","numberOfEmployees":{"@type":"QuantitativeValue","minValue":"1","maxValue":"10"}}]}},"_links":{"self":[{"href":"https:\/\/dmetering.com\/sl\/wp-json\/wp\/v2\/product\/4068","targetHints":{"allow":["GET"]}}],"collection":[{"href":"https:\/\/dmetering.com\/sl\/wp-json\/wp\/v2\/product"}],"about":[{"href":"https:\/\/dmetering.com\/sl\/wp-json\/wp\/v2\/types\/product"}],"replies":[{"embeddable":true,"href":"https:\/\/dmetering.com\/sl\/wp-json\/wp\/v2\/comments?post=4068"}],"wp:featuredmedia":[{"embeddable":true,"href":"https:\/\/dmetering.com\/sl\/wp-json\/wp\/v2\/media\/3054"}],"wp:attachment":[{"href":"https:\/\/dmetering.com\/sl\/wp-json\/wp\/v2\/media?parent=4068"}],"wp:term":[{"taxonomy":"product_brand","embeddable":true,"href":"https:\/\/dmetering.com\/sl\/wp-json\/wp\/v2\/product_brand?post=4068"},{"taxonomy":"product_cat","embeddable":true,"href":"https:\/\/dmetering.com\/sl\/wp-json\/wp\/v2\/product_cat?post=4068"},{"taxonomy":"product_tag","embeddable":true,"href":"https:\/\/dmetering.com\/sl\/wp-json\/wp\/v2\/product_tag?post=4068"}],"curies":[{"name":"wp","href":"https:\/\/api.w.org\/{rel}","templated":true}]}}