{"id":4081,"date":"2024-10-23T11:19:27","date_gmt":"2024-10-23T09:19:27","guid":{"rendered":"https:\/\/dmetering.com\/trgovina\/nekategorizirano\/pm2110-panelni-multifunkcijski-merilnik-thd-led-zaslon-pulzni-izhod-klasa-1\/"},"modified":"2024-10-23T11:45:10","modified_gmt":"2024-10-23T09:45:10","slug":"pm2110-panelni-multifunkcijski-merilnik-thd-led-zaslon-pulzni-izhod-klasa-1","status":"publish","type":"product","link":"https:\/\/dmetering.com\/sl\/product\/pm2110-panelni-multifunkcijski-merilnik-thd-led-zaslon-pulzni-izhod-klasa-1\/","title":{"rendered":"PM2110 &#8211; Panelni multifunkcijski merilnik &#8211; THD &#8211; LED zaslon &#8211; pulzni izhod &#8211; Klasa 1"},"content":{"rendered":"<p>Merilnik EasyLogic PM2110 je merilnik elektri\u010dne energije za monta\u017eo na panel ali podometno monta\u017eo z okvirjem velikosti 96 mm x 96 mm s tremi vrsticami svetlo rde\u010dih \u0161tirimestnih \u0161tevilk 14,2 mm visokega LED zaslona. Merilnik meri delovno energijo po to\u010dnosti Razred 1.0 v skladu s standardom IEC 62053-21 s hitrostjo vzor\u010denja 64 vzorcev po ciklu. Lahko meri vse tri vektorje mo\u010di in energije, kot so aktivna, navidezna in jalova poleg napetosti, toka, frekvence in faktorja mo\u010di. Poleg tega tudi skupno harmonsko popa\u010denje za tok in napetost po fazah. Merilnik deluje pri omre\u017eni frekvenci 50 Hz ali 60 Hz in sprejema splo\u0161ne krmilne napetosti od 44 do 300 V od faze do nule izmeni\u010dne ali enosmerne napetosti. Nazivni tok tega merilnika je 1A ali 5A. Ponuja do trinajst mo\u017enih na\u010dinov vezave za enofazno, dvofazno ali trofazno konfiguracijo. Obmo\u010dje merilne napetosti med fazami je od 35 do 480 V medfazno AC pri 45 do 65 Hz medtem, ko je od 20 do 277 V fazna napetostjo. Merilnik ima tudi en digitalni impulzni izhod za vse energijske parametre, ki jih je mogo\u010de konfigurirati za razli\u010dne energijske skale. Dimenzije izdelka so naslednje: \u0161irina 96 mm, globina 54 mm, vi\u0161ina 96 mm in te\u017ea izdelka 300 g.<\/p>\n","protected":false},"excerpt":{"rendered":"<p>PM2110 &#8211; Panelni multifunkcijski merilnik &#8211; THD &#8211; LED zaslon &#8211; pulzni izhod &#8211; Klasa 1<\/p>\n","protected":false},"featured_media":3077,"comment_status":"closed","ping_status":"open","template":"","meta":{"_acf_changed":false},"product_brand":[],"product_cat":[65,71],"product_tag":[],"class_list":{"0":"post-4081","1":"product","2":"type-product","3":"status-publish","4":"has-post-thumbnail","6":"product_cat-analizatorji-omrezja-multifunkcijski-panelni-merilniki","7":"product_cat-multifunkcijski-merilniki","8":"pa_brand-name-schneider-electric-sl","9":"pa_device-application-obracun-stroskov","10":"pa_device-application-spremljanje-rabe-energije","11":"pa_mounting-mode-panel-vrata","12":"pa_power-quality-analysis-faktor-moci-pf","13":"pa_power-quality-analysis-skupno-harmonsko-popacenje-thd","14":"pa_rated-current-in-1-a-vhod-tt","15":"pa_rated-current-in-5-a-vhod-tt","16":"pa_type-of-measurement_2-aktivna-energija-skupno","17":"pa_type-of-measurement_2-aktivna-moc-skupno","18":"pa_type-of-measurement_2-faktor-moci-povprecje","19":"pa_type-of-measurement_2-frekvenca-povprecje","20":"pa_type-of-measurement_2-jalova-energija-skupno","21":"pa_type-of-measurement_2-jalova-moc-skupno","22":"pa_type-of-measurement_2-napetost-povprecje","23":"pa_type-of-measurement_2-navidezna-energija-skupno","24":"pa_type-of-measurement_2-navidezna-moc-skupno","25":"pa_type-of-measurement_2-thd-i-po-fazi","26":"pa_type-of-measurement_2-thd-u-po-fazi","27":"pa_type-of-measurement_2-tok-povprecje","29":"first","30":"instock","31":"taxable","32":"shipping-taxable","33":"purchasable","34":"product-type-simple","35":"berocket_lgv_grid","36":"berocket_lgv_list_grid"},"acf":[],"yoast_head":"<!-- This site is optimized with the Yoast SEO Premium plugin v27.1 (Yoast SEO v27.1.1) - https:\/\/yoast.com\/product\/yoast-seo-premium-wordpress\/ -->\n<title>PM2110 - Panelni multifunkcijski merilnik - THD - LED zaslon - pulzni izhod - Klasa 1 - dMetering.com<\/title>\n<meta name=\"robots\" content=\"index, follow, max-snippet:-1, max-image-preview:large, max-video-preview:-1\" \/>\n<link rel=\"canonical\" href=\"https:\/\/dmetering.com\/sl\/product\/pm2110-panelni-multifunkcijski-merilnik-thd-led-zaslon-pulzni-izhod-klasa-1\/\" \/>\n<script type=\"application\/ld+json\" class=\"yoast-schema-graph\">{\"@context\":\"https:\/\/schema.org\",\"@graph\":[{\"@type\":\"WebPage\",\"@id\":\"https:\/\/dmetering.com\/sl\/product\/pm2110-panelni-multifunkcijski-merilnik-thd-led-zaslon-pulzni-izhod-klasa-1\/\",\"url\":\"https:\/\/dmetering.com\/sl\/product\/pm2110-panelni-multifunkcijski-merilnik-thd-led-zaslon-pulzni-izhod-klasa-1\/\",\"name\":\"PM2110 - Panelni multifunkcijski merilnik - THD - LED zaslon - pulzni izhod - Klasa 1 - dMetering.com\",\"isPartOf\":{\"@id\":\"https:\/\/dmetering.com\/#website\"},\"primaryImageOfPage\":{\"@id\":\"https:\/\/dmetering.com\/sl\/product\/pm2110-panelni-multifunkcijski-merilnik-thd-led-zaslon-pulzni-izhod-klasa-1\/#primaryimage\"},\"image\":{\"@id\":\"https:\/\/dmetering.com\/sl\/product\/pm2110-panelni-multifunkcijski-merilnik-thd-led-zaslon-pulzni-izhod-klasa-1\/#primaryimage\"},\"thumbnailUrl\":\"https:\/\/dmetering.com\/wp-content\/uploads\/2024\/03\/files-69.jpeg\",\"datePublished\":\"2024-10-23T09:19:27+00:00\",\"dateModified\":\"2024-10-23T09:45:10+00:00\",\"breadcrumb\":{\"@id\":\"https:\/\/dmetering.com\/sl\/product\/pm2110-panelni-multifunkcijski-merilnik-thd-led-zaslon-pulzni-izhod-klasa-1\/#breadcrumb\"},\"inLanguage\":\"sl-SI\",\"potentialAction\":[{\"@type\":\"ReadAction\",\"target\":[\"https:\/\/dmetering.com\/sl\/product\/pm2110-panelni-multifunkcijski-merilnik-thd-led-zaslon-pulzni-izhod-klasa-1\/\"]}]},{\"@type\":\"ImageObject\",\"inLanguage\":\"sl-SI\",\"@id\":\"https:\/\/dmetering.com\/sl\/product\/pm2110-panelni-multifunkcijski-merilnik-thd-led-zaslon-pulzni-izhod-klasa-1\/#primaryimage\",\"url\":\"https:\/\/dmetering.com\/wp-content\/uploads\/2024\/03\/files-69.jpeg\",\"contentUrl\":\"https:\/\/dmetering.com\/wp-content\/uploads\/2024\/03\/files-69.jpeg\",\"width\":1500,\"height\":1500},{\"@type\":\"BreadcrumbList\",\"@id\":\"https:\/\/dmetering.com\/sl\/product\/pm2110-panelni-multifunkcijski-merilnik-thd-led-zaslon-pulzni-izhod-klasa-1\/#breadcrumb\",\"itemListElement\":[{\"@type\":\"ListItem\",\"position\":1,\"name\":\"\",\"item\":\"https:\/\/dmetering.com\/sl\/\"},{\"@type\":\"ListItem\",\"position\":2,\"name\":\"Vsi izdelki\",\"item\":\"https:\/\/dmetering.com\/sl\/spletna-trgovina-stevci-energije-analizatorji-tokovni-transformatorji\/\"},{\"@type\":\"ListItem\",\"position\":3,\"name\":\"PM2110 &#8211; Panelni multifunkcijski merilnik &#8211; THD &#8211; LED zaslon &#8211; pulzni izhod &#8211; Klasa 1\"}]},{\"@type\":\"WebSite\",\"@id\":\"https:\/\/dmetering.com\/#website\",\"url\":\"https:\/\/dmetering.com\/\",\"name\":\"dMetering.com\",\"description\":\"Re\u0161itve spremljanja rabe energije\",\"publisher\":{\"@id\":\"https:\/\/dmetering.com\/#organization\"},\"potentialAction\":[{\"@type\":\"SearchAction\",\"target\":{\"@type\":\"EntryPoint\",\"urlTemplate\":\"https:\/\/dmetering.com\/?s={search_term_string}\"},\"query-input\":{\"@type\":\"PropertyValueSpecification\",\"valueRequired\":true,\"valueName\":\"search_term_string\"}}],\"inLanguage\":\"sl-SI\"},{\"@type\":\"Organization\",\"@id\":\"https:\/\/dmetering.com\/#organization\",\"name\":\"ELCOND d.o.o.\",\"alternateName\":\"dmetering.com\",\"url\":\"https:\/\/dmetering.com\/\",\"logo\":{\"@type\":\"ImageObject\",\"inLanguage\":\"sl-SI\",\"@id\":\"https:\/\/dmetering.com\/#\/schema\/logo\/image\/\",\"url\":\"https:\/\/dmetering.com\/wp-content\/uploads\/2023\/07\/Logo_DMETERING_transp.png\",\"contentUrl\":\"https:\/\/dmetering.com\/wp-content\/uploads\/2023\/07\/Logo_DMETERING_transp.png\",\"width\":709,\"height\":205,\"caption\":\"ELCOND d.o.o.\"},\"image\":{\"@id\":\"https:\/\/dmetering.com\/#\/schema\/logo\/image\/\"},\"description\":\"Metering\u2019s mission is to offer efficient energy monitoring solutions at competitive prices and fast availability of it core product ranges. That is to say, we rely on a team of multi-disciplinary professionals, two distribution centres and team of energy managers. Certified energy managers are available to provide specialised technical support to our clients.\",\"email\":\"peter.usenicnik@elcond.si\",\"telephone\":\"+386 1 583 73 72\",\"legalName\":\"ELCOND d.o.o.\",\"foundingDate\":\"2021-01-27\",\"vatID\":\"SI50229508\",\"numberOfEmployees\":{\"@type\":\"QuantitativeValue\",\"minValue\":\"1\",\"maxValue\":\"10\"}}]}<\/script>\n<!-- \/ Yoast SEO Premium plugin. -->","yoast_head_json":{"title":"PM2110 - Panelni multifunkcijski merilnik - THD - LED zaslon - pulzni izhod - Klasa 1 - dMetering.com","robots":{"index":"index","follow":"follow","max-snippet":"max-snippet:-1","max-image-preview":"max-image-preview:large","max-video-preview":"max-video-preview:-1"},"canonical":"https:\/\/dmetering.com\/sl\/product\/pm2110-panelni-multifunkcijski-merilnik-thd-led-zaslon-pulzni-izhod-klasa-1\/","schema":{"@context":"https:\/\/schema.org","@graph":[{"@type":"WebPage","@id":"https:\/\/dmetering.com\/sl\/product\/pm2110-panelni-multifunkcijski-merilnik-thd-led-zaslon-pulzni-izhod-klasa-1\/","url":"https:\/\/dmetering.com\/sl\/product\/pm2110-panelni-multifunkcijski-merilnik-thd-led-zaslon-pulzni-izhod-klasa-1\/","name":"PM2110 - Panelni multifunkcijski merilnik - THD - LED zaslon - pulzni izhod - Klasa 1 - dMetering.com","isPartOf":{"@id":"https:\/\/dmetering.com\/#website"},"primaryImageOfPage":{"@id":"https:\/\/dmetering.com\/sl\/product\/pm2110-panelni-multifunkcijski-merilnik-thd-led-zaslon-pulzni-izhod-klasa-1\/#primaryimage"},"image":{"@id":"https:\/\/dmetering.com\/sl\/product\/pm2110-panelni-multifunkcijski-merilnik-thd-led-zaslon-pulzni-izhod-klasa-1\/#primaryimage"},"thumbnailUrl":"https:\/\/dmetering.com\/wp-content\/uploads\/2024\/03\/files-69.jpeg","datePublished":"2024-10-23T09:19:27+00:00","dateModified":"2024-10-23T09:45:10+00:00","breadcrumb":{"@id":"https:\/\/dmetering.com\/sl\/product\/pm2110-panelni-multifunkcijski-merilnik-thd-led-zaslon-pulzni-izhod-klasa-1\/#breadcrumb"},"inLanguage":"sl-SI","potentialAction":[{"@type":"ReadAction","target":["https:\/\/dmetering.com\/sl\/product\/pm2110-panelni-multifunkcijski-merilnik-thd-led-zaslon-pulzni-izhod-klasa-1\/"]}]},{"@type":"ImageObject","inLanguage":"sl-SI","@id":"https:\/\/dmetering.com\/sl\/product\/pm2110-panelni-multifunkcijski-merilnik-thd-led-zaslon-pulzni-izhod-klasa-1\/#primaryimage","url":"https:\/\/dmetering.com\/wp-content\/uploads\/2024\/03\/files-69.jpeg","contentUrl":"https:\/\/dmetering.com\/wp-content\/uploads\/2024\/03\/files-69.jpeg","width":1500,"height":1500},{"@type":"BreadcrumbList","@id":"https:\/\/dmetering.com\/sl\/product\/pm2110-panelni-multifunkcijski-merilnik-thd-led-zaslon-pulzni-izhod-klasa-1\/#breadcrumb","itemListElement":[{"@type":"ListItem","position":1,"name":"","item":"https:\/\/dmetering.com\/sl\/"},{"@type":"ListItem","position":2,"name":"Vsi izdelki","item":"https:\/\/dmetering.com\/sl\/spletna-trgovina-stevci-energije-analizatorji-tokovni-transformatorji\/"},{"@type":"ListItem","position":3,"name":"PM2110 &#8211; Panelni multifunkcijski merilnik &#8211; THD &#8211; LED zaslon &#8211; pulzni izhod &#8211; Klasa 1"}]},{"@type":"WebSite","@id":"https:\/\/dmetering.com\/#website","url":"https:\/\/dmetering.com\/","name":"dMetering.com","description":"Re\u0161itve spremljanja rabe energije","publisher":{"@id":"https:\/\/dmetering.com\/#organization"},"potentialAction":[{"@type":"SearchAction","target":{"@type":"EntryPoint","urlTemplate":"https:\/\/dmetering.com\/?s={search_term_string}"},"query-input":{"@type":"PropertyValueSpecification","valueRequired":true,"valueName":"search_term_string"}}],"inLanguage":"sl-SI"},{"@type":"Organization","@id":"https:\/\/dmetering.com\/#organization","name":"ELCOND d.o.o.","alternateName":"dmetering.com","url":"https:\/\/dmetering.com\/","logo":{"@type":"ImageObject","inLanguage":"sl-SI","@id":"https:\/\/dmetering.com\/#\/schema\/logo\/image\/","url":"https:\/\/dmetering.com\/wp-content\/uploads\/2023\/07\/Logo_DMETERING_transp.png","contentUrl":"https:\/\/dmetering.com\/wp-content\/uploads\/2023\/07\/Logo_DMETERING_transp.png","width":709,"height":205,"caption":"ELCOND d.o.o."},"image":{"@id":"https:\/\/dmetering.com\/#\/schema\/logo\/image\/"},"description":"Metering\u2019s mission is to offer efficient energy monitoring solutions at competitive prices and fast availability of it core product ranges. That is to say, we rely on a team of multi-disciplinary professionals, two distribution centres and team of energy managers. Certified energy managers are available to provide specialised technical support to our clients.","email":"peter.usenicnik@elcond.si","telephone":"+386 1 583 73 72","legalName":"ELCOND d.o.o.","foundingDate":"2021-01-27","vatID":"SI50229508","numberOfEmployees":{"@type":"QuantitativeValue","minValue":"1","maxValue":"10"}}]}},"_links":{"self":[{"href":"https:\/\/dmetering.com\/sl\/wp-json\/wp\/v2\/product\/4081","targetHints":{"allow":["GET"]}}],"collection":[{"href":"https:\/\/dmetering.com\/sl\/wp-json\/wp\/v2\/product"}],"about":[{"href":"https:\/\/dmetering.com\/sl\/wp-json\/wp\/v2\/types\/product"}],"replies":[{"embeddable":true,"href":"https:\/\/dmetering.com\/sl\/wp-json\/wp\/v2\/comments?post=4081"}],"wp:featuredmedia":[{"embeddable":true,"href":"https:\/\/dmetering.com\/sl\/wp-json\/wp\/v2\/media\/3077"}],"wp:attachment":[{"href":"https:\/\/dmetering.com\/sl\/wp-json\/wp\/v2\/media?parent=4081"}],"wp:term":[{"taxonomy":"product_brand","embeddable":true,"href":"https:\/\/dmetering.com\/sl\/wp-json\/wp\/v2\/product_brand?post=4081"},{"taxonomy":"product_cat","embeddable":true,"href":"https:\/\/dmetering.com\/sl\/wp-json\/wp\/v2\/product_cat?post=4081"},{"taxonomy":"product_tag","embeddable":true,"href":"https:\/\/dmetering.com\/sl\/wp-json\/wp\/v2\/product_tag?post=4081"}],"curies":[{"name":"wp","href":"https:\/\/api.w.org\/{rel}","templated":true}]}}