{"id":4085,"date":"2024-10-23T11:19:42","date_gmt":"2024-10-23T09:19:42","guid":{"rendered":"https:\/\/dmetering.com\/trgovina\/nekategorizirano\/pm2220-panelni-multifunkcijski-merilnik-do-15-harmonika-lcd-zaslon-rs485-klasa-1\/"},"modified":"2024-10-23T11:45:24","modified_gmt":"2024-10-23T09:45:24","slug":"pm2220-panelni-multifunkcijski-merilnik-do-15-harmonika-lcd-zaslon-rs485-klasa-1","status":"publish","type":"product","link":"https:\/\/dmetering.com\/sl\/product\/pm2220-panelni-multifunkcijski-merilnik-do-15-harmonika-lcd-zaslon-rs485-klasa-1\/","title":{"rendered":"PM2220 &#8211; Panelni multifunkcijski merilnik &#8211; do 15. harmonika &#8211; LCD zaslon &#8211; RS485 &#8211; Klasa 1"},"content":{"rendered":"<p>EasyLogic PM2220 meter is a panel mount or flush mount power meter with a 96mm by 96mm bezel size having backlit LCD display of 128 by 128 pixels. Merilnik meri delovno energijo po to\u010dnosti Razred 1.0 v skladu s standardom IEC 62053-21 s hitrostjo vzor\u010denja 64 vzorcev po ciklu. Lahko meri vse tri vektorje mo\u010di in energije, kot so aktivna, navidezna in jalova poleg napetosti, toka, frekvence in faktorja mo\u010di. Poleg tega tudi skupno harmonsko popa\u010denje in posamezne harmonske komponente do 15. harmonskega reda. Merilnik deluje pri omre\u017eni frekvenci 50 Hz ali 60 Hz in sprejema splo\u0161ne krmilne napetosti od 44 do 300 V od faze do nule izmeni\u010dne ali enosmerne napetosti. Nazivni tok tega merilnika je 1A ali 5A. Ponuja do trinajst mo\u017enih na\u010dinov vezave za enofazno, dvofazno ali trofazno konfiguracijo. Obmo\u010dje merilne napetosti med fazami je od 35 do 480 V medfazno AC pri 45 do 65 Hz medtem, ko je od 20 do 277 V fazna napetostjo. Ima komunikacijski priklju\u010dek RS485 s protokolom Modbus RTU. Dimenzije izdelka so naslednje: \u0161irina 96 mm, globina 54 mm, vi\u0161ina 96 mm in te\u017ea izdelka 300 g.<\/p>\n","protected":false},"excerpt":{"rendered":"<p>PM2220 &#8211; Panelni multifunkcijski merilnik &#8211; do 15. harmonika &#8211; LCD zaslon &#8211; RS485 &#8211; Klasa 1<\/p>\n","protected":false},"featured_media":3089,"comment_status":"closed","ping_status":"open","template":"","meta":{"_acf_changed":false},"product_brand":[],"product_cat":[73,65,71],"product_tag":[],"class_list":{"0":"post-4085","1":"product","2":"type-product","3":"status-publish","4":"has-post-thumbnail","6":"product_cat-analizatorji-omrezja","7":"product_cat-analizatorji-omrezja-multifunkcijski-panelni-merilniki","8":"product_cat-multifunkcijski-merilniki","9":"pa_brand-name-schneider-electric-sl","10":"pa_communication-modbus-rs485-sl","11":"pa_data-recording-casovno-zigosanje","12":"pa_data-recording-min-max-za-8-parametrov","13":"pa_device-application-obracun-stroskov","14":"pa_device-application-spremljanje-rabe-energije","15":"pa_mounting-mode-panel-vrata","16":"pa_power-quality-analysis-do-15-harmonika","17":"pa_power-quality-analysis-faktor-moci-pf","18":"pa_power-quality-analysis-skupno-harmonsko-popacenje-thd","19":"pa_rated-current-in-1-a-vhod-tt","20":"pa_rated-current-in-5-a-vhod-tt","21":"pa_type-of-measurement_2-aktivna-energija-skupno","22":"pa_type-of-measurement_2-aktivna-moc-min-max-skupno","23":"pa_type-of-measurement_2-faktor-moci-min-max-avg","24":"pa_type-of-measurement_2-frekvenca-min-max-avg","25":"pa_type-of-measurement_2-jalova-energija-skupno","26":"pa_type-of-measurement_2-jalova-moc-min-max-skupno","27":"pa_type-of-measurement_2-napetost-min-max-avg","28":"pa_type-of-measurement_2-navidezna-energija-skupno","29":"pa_type-of-measurement_2-navidezna-moc-min-max-skupno","30":"pa_type-of-measurement_2-thd-i-po-fazi","31":"pa_type-of-measurement_2-thd-u-po-fazi","32":"pa_type-of-measurement_2-tok-min-max-avg","34":"first","35":"instock","36":"taxable","37":"shipping-taxable","38":"purchasable","39":"product-type-simple","40":"berocket_lgv_grid","41":"berocket_lgv_list_grid"},"acf":[],"yoast_head":"<!-- This site is optimized with the Yoast SEO Premium plugin v27.4 (Yoast SEO v27.4) - https:\/\/yoast.com\/product\/yoast-seo-premium-wordpress\/ -->\n<title>PM2220 - Panelni multifunkcijski merilnik - do 15. harmonika - LCD zaslon - RS485 - Klasa 1 - dMetering.com<\/title>\n<meta name=\"robots\" content=\"index, follow, max-snippet:-1, max-image-preview:large, max-video-preview:-1\" \/>\n<link rel=\"canonical\" href=\"https:\/\/dmetering.com\/product\/pm2220-power-energy-meter-up-to-15th-harmonic-lcd-display-rs485-class-1\/\" \/>\n<script type=\"application\/ld+json\" class=\"yoast-schema-graph\">{\"@context\":\"https:\\\/\\\/schema.org\",\"@graph\":[{\"@type\":\"WebPage\",\"@id\":\"https:\\\/\\\/dmetering.com\\\/product\\\/pm2220-power-energy-meter-up-to-15th-harmonic-lcd-display-rs485-class-1\\\/\",\"url\":\"https:\\\/\\\/dmetering.com\\\/product\\\/pm2220-power-energy-meter-up-to-15th-harmonic-lcd-display-rs485-class-1\\\/\",\"name\":\"PM2220 - Panelni multifunkcijski merilnik - do 15. harmonika - LCD zaslon - RS485 - Klasa 1 - dMetering.com\",\"isPartOf\":{\"@id\":\"https:\\\/\\\/dmetering.com\\\/#website\"},\"primaryImageOfPage\":{\"@id\":\"https:\\\/\\\/dmetering.com\\\/product\\\/pm2220-power-energy-meter-up-to-15th-harmonic-lcd-display-rs485-class-1\\\/#primaryimage\"},\"image\":{\"@id\":\"https:\\\/\\\/dmetering.com\\\/product\\\/pm2220-power-energy-meter-up-to-15th-harmonic-lcd-display-rs485-class-1\\\/#primaryimage\"},\"thumbnailUrl\":\"https:\\\/\\\/dmetering.com\\\/wp-content\\\/uploads\\\/2024\\\/03\\\/files-73.jpeg\",\"datePublished\":\"2024-10-23T09:19:42+00:00\",\"dateModified\":\"2024-10-23T09:45:24+00:00\",\"breadcrumb\":{\"@id\":\"https:\\\/\\\/dmetering.com\\\/product\\\/pm2220-power-energy-meter-up-to-15th-harmonic-lcd-display-rs485-class-1\\\/#breadcrumb\"},\"inLanguage\":\"sl-SI\",\"potentialAction\":[{\"@type\":\"ReadAction\",\"target\":[\"https:\\\/\\\/dmetering.com\\\/product\\\/pm2220-power-energy-meter-up-to-15th-harmonic-lcd-display-rs485-class-1\\\/\"]}]},{\"@type\":\"ImageObject\",\"inLanguage\":\"sl-SI\",\"@id\":\"https:\\\/\\\/dmetering.com\\\/product\\\/pm2220-power-energy-meter-up-to-15th-harmonic-lcd-display-rs485-class-1\\\/#primaryimage\",\"url\":\"https:\\\/\\\/dmetering.com\\\/wp-content\\\/uploads\\\/2024\\\/03\\\/files-73.jpeg\",\"contentUrl\":\"https:\\\/\\\/dmetering.com\\\/wp-content\\\/uploads\\\/2024\\\/03\\\/files-73.jpeg\",\"width\":1500,\"height\":1500},{\"@type\":\"BreadcrumbList\",\"@id\":\"https:\\\/\\\/dmetering.com\\\/product\\\/pm2220-power-energy-meter-up-to-15th-harmonic-lcd-display-rs485-class-1\\\/#breadcrumb\",\"itemListElement\":[{\"@type\":\"ListItem\",\"position\":1,\"name\":\"\",\"item\":\"https:\\\/\\\/dmetering.com\\\/sl\\\/\"},{\"@type\":\"ListItem\",\"position\":2,\"name\":\"Vsi izdelki\",\"item\":\"https:\\\/\\\/dmetering.com\\\/sl\\\/spletna-trgovina-stevci-energije-analizatorji-tokovni-transformatorji\\\/\"},{\"@type\":\"ListItem\",\"position\":3,\"name\":\"PM2220 &#8211; Panelni multifunkcijski merilnik &#8211; do 15. harmonika &#8211; LCD zaslon &#8211; RS485 &#8211; Klasa 1\"}]},{\"@type\":\"WebSite\",\"@id\":\"https:\\\/\\\/dmetering.com\\\/#website\",\"url\":\"https:\\\/\\\/dmetering.com\\\/\",\"name\":\"dMetering.com\",\"description\":\"Re\u0161itve spremljanja rabe energije\",\"publisher\":{\"@id\":\"https:\\\/\\\/dmetering.com\\\/#organization\"},\"potentialAction\":[{\"@type\":\"SearchAction\",\"target\":{\"@type\":\"EntryPoint\",\"urlTemplate\":\"https:\\\/\\\/dmetering.com\\\/?s={search_term_string}\"},\"query-input\":{\"@type\":\"PropertyValueSpecification\",\"valueRequired\":true,\"valueName\":\"search_term_string\"}}],\"inLanguage\":\"sl-SI\"},{\"@type\":\"Organization\",\"@id\":\"https:\\\/\\\/dmetering.com\\\/#organization\",\"name\":\"ELCOND d.o.o.\",\"alternateName\":\"dmetering.com\",\"url\":\"https:\\\/\\\/dmetering.com\\\/\",\"logo\":{\"@type\":\"ImageObject\",\"inLanguage\":\"sl-SI\",\"@id\":\"https:\\\/\\\/dmetering.com\\\/#\\\/schema\\\/logo\\\/image\\\/\",\"url\":\"https:\\\/\\\/dmetering.com\\\/wp-content\\\/uploads\\\/2023\\\/07\\\/Logo_DMETERING_transp.png\",\"contentUrl\":\"https:\\\/\\\/dmetering.com\\\/wp-content\\\/uploads\\\/2023\\\/07\\\/Logo_DMETERING_transp.png\",\"width\":709,\"height\":205,\"caption\":\"ELCOND d.o.o.\"},\"image\":{\"@id\":\"https:\\\/\\\/dmetering.com\\\/#\\\/schema\\\/logo\\\/image\\\/\"},\"description\":\"Metering\u2019s mission is to offer efficient energy monitoring solutions at competitive prices and fast availability of it core product ranges. That is to say, we rely on a team of multi-disciplinary professionals, two distribution centres and team of energy managers. Certified energy managers are available to provide specialised technical support to our clients.\",\"email\":\"peter.usenicnik@elcond.si\",\"telephone\":\"+386 1 583 73 72\",\"legalName\":\"ELCOND d.o.o.\",\"foundingDate\":\"2021-01-27\",\"vatID\":\"SI50229508\",\"numberOfEmployees\":{\"@type\":\"QuantitativeValue\",\"minValue\":\"1\",\"maxValue\":\"10\"}}]}<\/script>\n<!-- \/ Yoast SEO Premium plugin. -->","yoast_head_json":{"title":"PM2220 - Panelni multifunkcijski merilnik - do 15. harmonika - LCD zaslon - RS485 - Klasa 1 - dMetering.com","robots":{"index":"index","follow":"follow","max-snippet":"max-snippet:-1","max-image-preview":"max-image-preview:large","max-video-preview":"max-video-preview:-1"},"canonical":"https:\/\/dmetering.com\/product\/pm2220-power-energy-meter-up-to-15th-harmonic-lcd-display-rs485-class-1\/","schema":{"@context":"https:\/\/schema.org","@graph":[{"@type":"WebPage","@id":"https:\/\/dmetering.com\/product\/pm2220-power-energy-meter-up-to-15th-harmonic-lcd-display-rs485-class-1\/","url":"https:\/\/dmetering.com\/product\/pm2220-power-energy-meter-up-to-15th-harmonic-lcd-display-rs485-class-1\/","name":"PM2220 - Panelni multifunkcijski merilnik - do 15. harmonika - LCD zaslon - RS485 - Klasa 1 - dMetering.com","isPartOf":{"@id":"https:\/\/dmetering.com\/#website"},"primaryImageOfPage":{"@id":"https:\/\/dmetering.com\/product\/pm2220-power-energy-meter-up-to-15th-harmonic-lcd-display-rs485-class-1\/#primaryimage"},"image":{"@id":"https:\/\/dmetering.com\/product\/pm2220-power-energy-meter-up-to-15th-harmonic-lcd-display-rs485-class-1\/#primaryimage"},"thumbnailUrl":"https:\/\/dmetering.com\/wp-content\/uploads\/2024\/03\/files-73.jpeg","datePublished":"2024-10-23T09:19:42+00:00","dateModified":"2024-10-23T09:45:24+00:00","breadcrumb":{"@id":"https:\/\/dmetering.com\/product\/pm2220-power-energy-meter-up-to-15th-harmonic-lcd-display-rs485-class-1\/#breadcrumb"},"inLanguage":"sl-SI","potentialAction":[{"@type":"ReadAction","target":["https:\/\/dmetering.com\/product\/pm2220-power-energy-meter-up-to-15th-harmonic-lcd-display-rs485-class-1\/"]}]},{"@type":"ImageObject","inLanguage":"sl-SI","@id":"https:\/\/dmetering.com\/product\/pm2220-power-energy-meter-up-to-15th-harmonic-lcd-display-rs485-class-1\/#primaryimage","url":"https:\/\/dmetering.com\/wp-content\/uploads\/2024\/03\/files-73.jpeg","contentUrl":"https:\/\/dmetering.com\/wp-content\/uploads\/2024\/03\/files-73.jpeg","width":1500,"height":1500},{"@type":"BreadcrumbList","@id":"https:\/\/dmetering.com\/product\/pm2220-power-energy-meter-up-to-15th-harmonic-lcd-display-rs485-class-1\/#breadcrumb","itemListElement":[{"@type":"ListItem","position":1,"name":"","item":"https:\/\/dmetering.com\/sl\/"},{"@type":"ListItem","position":2,"name":"Vsi izdelki","item":"https:\/\/dmetering.com\/sl\/spletna-trgovina-stevci-energije-analizatorji-tokovni-transformatorji\/"},{"@type":"ListItem","position":3,"name":"PM2220 &#8211; Panelni multifunkcijski merilnik &#8211; do 15. harmonika &#8211; LCD zaslon &#8211; RS485 &#8211; Klasa 1"}]},{"@type":"WebSite","@id":"https:\/\/dmetering.com\/#website","url":"https:\/\/dmetering.com\/","name":"dMetering.com","description":"Re\u0161itve spremljanja rabe energije","publisher":{"@id":"https:\/\/dmetering.com\/#organization"},"potentialAction":[{"@type":"SearchAction","target":{"@type":"EntryPoint","urlTemplate":"https:\/\/dmetering.com\/?s={search_term_string}"},"query-input":{"@type":"PropertyValueSpecification","valueRequired":true,"valueName":"search_term_string"}}],"inLanguage":"sl-SI"},{"@type":"Organization","@id":"https:\/\/dmetering.com\/#organization","name":"ELCOND d.o.o.","alternateName":"dmetering.com","url":"https:\/\/dmetering.com\/","logo":{"@type":"ImageObject","inLanguage":"sl-SI","@id":"https:\/\/dmetering.com\/#\/schema\/logo\/image\/","url":"https:\/\/dmetering.com\/wp-content\/uploads\/2023\/07\/Logo_DMETERING_transp.png","contentUrl":"https:\/\/dmetering.com\/wp-content\/uploads\/2023\/07\/Logo_DMETERING_transp.png","width":709,"height":205,"caption":"ELCOND d.o.o."},"image":{"@id":"https:\/\/dmetering.com\/#\/schema\/logo\/image\/"},"description":"Metering\u2019s mission is to offer efficient energy monitoring solutions at competitive prices and fast availability of it core product ranges. That is to say, we rely on a team of multi-disciplinary professionals, two distribution centres and team of energy managers. Certified energy managers are available to provide specialised technical support to our clients.","email":"peter.usenicnik@elcond.si","telephone":"+386 1 583 73 72","legalName":"ELCOND d.o.o.","foundingDate":"2021-01-27","vatID":"SI50229508","numberOfEmployees":{"@type":"QuantitativeValue","minValue":"1","maxValue":"10"}}]}},"_links":{"self":[{"href":"https:\/\/dmetering.com\/sl\/wp-json\/wp\/v2\/product\/4085","targetHints":{"allow":["GET"]}}],"collection":[{"href":"https:\/\/dmetering.com\/sl\/wp-json\/wp\/v2\/product"}],"about":[{"href":"https:\/\/dmetering.com\/sl\/wp-json\/wp\/v2\/types\/product"}],"replies":[{"embeddable":true,"href":"https:\/\/dmetering.com\/sl\/wp-json\/wp\/v2\/comments?post=4085"}],"wp:featuredmedia":[{"embeddable":true,"href":"https:\/\/dmetering.com\/sl\/wp-json\/wp\/v2\/media\/3089"}],"wp:attachment":[{"href":"https:\/\/dmetering.com\/sl\/wp-json\/wp\/v2\/media?parent=4085"}],"wp:term":[{"taxonomy":"product_brand","embeddable":true,"href":"https:\/\/dmetering.com\/sl\/wp-json\/wp\/v2\/product_brand?post=4085"},{"taxonomy":"product_cat","embeddable":true,"href":"https:\/\/dmetering.com\/sl\/wp-json\/wp\/v2\/product_cat?post=4085"},{"taxonomy":"product_tag","embeddable":true,"href":"https:\/\/dmetering.com\/sl\/wp-json\/wp\/v2\/product_tag?post=4085"}],"curies":[{"name":"wp","href":"https:\/\/api.w.org\/{rel}","templated":true}]}}