{"id":4086,"date":"2024-10-23T11:19:42","date_gmt":"2024-10-23T09:19:42","guid":{"rendered":"https:\/\/dmetering.com\/trgovina\/nekategorizirano\/pm2230-panelni-multifunkcijski-merilnik-do-31-harmonika-lcd-zaslon-rs485-klasa-0-5s\/"},"modified":"2024-10-23T11:45:26","modified_gmt":"2024-10-23T09:45:26","slug":"pm2230-panelni-multifunkcijski-merilnik-do-31-harmonika-lcd-zaslon-rs485-klasa-0-5s","status":"publish","type":"product","link":"https:\/\/dmetering.com\/sl\/product\/pm2230-panelni-multifunkcijski-merilnik-do-31-harmonika-lcd-zaslon-rs485-klasa-0-5s\/","title":{"rendered":"PM2230 &#8211; Panelni multifunkcijski merilnik &#8211; do 31. harmonika &#8211; LCD zaslon &#8211; RS485 &#8211; Klasa 0.5S"},"content":{"rendered":"<p>EasyLogic PM2230 meter is a panel mount or flush mount power meter with a 96mm by 96mm bezel size having backlit LCD display of 128 by 128 pixels. The meter measures Delovna energija as po accuracy Razred Razred 0.5S in accordance with the IEC 62053-22 standard with sampling rate of 64 samples po cycle.  Lahko meri vse tri vektorje mo\u010di in energije, kot so aktivna, navidezna in jalova poleg napetosti, toka, frekvence in faktorja mo\u010di. Poleg tega tudi skupno harmonsko popa\u010denje in posamezne harmonske komponente do 31. harmonskega reda. Merilnik deluje pri omre\u017eni frekvenci 50 Hz ali 60 Hz in sprejema univerzalne krmilne napetosti od 80 do 300 V fazne ali enosmerne napetosti. Nazivni tok tega merilnika je 1A ali 5A. Ponuja do trinajst mo\u017enih na\u010dinov vezave za enofazno, dvofazno ali trofazno konfiguracijo. Obmo\u010dje merilne napetosti med fazami je od 35 do 480 V medfazno AC pri 45 do 65 Hz medtem, ko je od 20 do 277 V fazna napetostjo. Ima komunikacijski priklju\u010dek RS485 s protokolom Modbus RTU. Merilnik je mogo\u010de nadgraditi z dodatnimi IO moduli za spremljanje sistemov WAGES (Voda, Zrak, Plin, Elektrika, Para). Ti moduli imajo po dva kanala digitalnih vhodov in izhodov ali analognih vhodov in izhodov. To razli\u010dico je mogo\u010de konfigurirati za 23 razli\u010dnih vrst alarmov, shranjenih v 40 registrih. Dimenzije izdelka so naslednje: \u0161irina 96 mm, globina 54 mm, vi\u0161ina 96 mm in te\u017ea izdelka 300 g.<\/p>\n","protected":false},"excerpt":{"rendered":"<p>PM2230 &#8211; Panelni multifunkcijski merilnik &#8211; do 31. harmonika &#8211; LCD zaslon &#8211; RS485 &#8211; Klasa 0.5S<\/p>\n","protected":false},"featured_media":3092,"comment_status":"closed","ping_status":"open","template":"","meta":{"_acf_changed":false},"product_brand":[],"product_cat":[73,65,71],"product_tag":[],"class_list":{"0":"post-4086","1":"product","2":"type-product","3":"status-publish","4":"has-post-thumbnail","6":"product_cat-analizatorji-omrezja","7":"product_cat-analizatorji-omrezja-multifunkcijski-panelni-merilniki","8":"product_cat-multifunkcijski-merilniki","9":"pa_brand-name-schneider-electric-sl","10":"pa_communication-modbus-rs485-sl","11":"pa_data-recording-casovno-zigosanje","12":"pa_data-recording-min-max-za-8-parametrov","13":"pa_data-recording-zapisovanje-porabe-elektricne-energije","14":"pa_data-recording-zapisovanje-rabe-elektricne-moci","15":"pa_device-application-obracun-stroskov","16":"pa_device-application-spremljanje-rabe-energije","17":"pa_mounting-mode-panel-vrata","18":"pa_power-quality-analysis-do-31-harmonika","19":"pa_power-quality-analysis-faktor-moci-pf","20":"pa_power-quality-analysis-skupno-harmonsko-popacenje-thd","21":"pa_rated-current-in-1-a-vhod-tt","22":"pa_rated-current-in-5-a-vhod-tt","23":"pa_type-of-measurement_2-aktivna-energija-skupno","24":"pa_type-of-measurement_2-aktivna-moc-min-max-skupno","25":"pa_type-of-measurement_2-faktor-moci-min-max-avg","26":"pa_type-of-measurement_2-frekvenca-min-max-avg","27":"pa_type-of-measurement_2-jalova-energija-skupno","28":"pa_type-of-measurement_2-jalova-moc-min-max-skupno","29":"pa_type-of-measurement_2-napetost-min-max-avg","30":"pa_type-of-measurement_2-navidezna-energija-skupno","31":"pa_type-of-measurement_2-navidezna-moc-min-max-skupno","32":"pa_type-of-measurement_2-thd-i-po-fazi","33":"pa_type-of-measurement_2-thd-u-po-fazi","34":"pa_type-of-measurement_2-tok-min-max-avg","36":"first","37":"instock","38":"taxable","39":"shipping-taxable","40":"purchasable","41":"product-type-simple","42":"berocket_lgv_grid","43":"berocket_lgv_list_grid"},"acf":[],"yoast_head":"<!-- This site is optimized with the Yoast SEO Premium plugin v27.4 (Yoast SEO v27.4) - https:\/\/yoast.com\/product\/yoast-seo-premium-wordpress\/ -->\n<title>PM2230 - Panelni multifunkcijski merilnik - do 31. harmonika - LCD zaslon - RS485 - Klasa 0.5S - dMetering.com<\/title>\n<meta name=\"robots\" content=\"index, follow, max-snippet:-1, max-image-preview:large, max-video-preview:-1\" \/>\n<link rel=\"canonical\" href=\"https:\/\/dmetering.com\/product\/pm2230-power-energy-meter-up-to-31st-harmonic-lcd-display-rs485-class-0-5s\/\" \/>\n<script type=\"application\/ld+json\" class=\"yoast-schema-graph\">{\"@context\":\"https:\\\/\\\/schema.org\",\"@graph\":[{\"@type\":\"WebPage\",\"@id\":\"https:\\\/\\\/dmetering.com\\\/product\\\/pm2230-power-energy-meter-up-to-31st-harmonic-lcd-display-rs485-class-0-5s\\\/\",\"url\":\"https:\\\/\\\/dmetering.com\\\/product\\\/pm2230-power-energy-meter-up-to-31st-harmonic-lcd-display-rs485-class-0-5s\\\/\",\"name\":\"PM2230 - Panelni multifunkcijski merilnik - do 31. harmonika - LCD zaslon - RS485 - Klasa 0.5S - dMetering.com\",\"isPartOf\":{\"@id\":\"https:\\\/\\\/dmetering.com\\\/#website\"},\"primaryImageOfPage\":{\"@id\":\"https:\\\/\\\/dmetering.com\\\/product\\\/pm2230-power-energy-meter-up-to-31st-harmonic-lcd-display-rs485-class-0-5s\\\/#primaryimage\"},\"image\":{\"@id\":\"https:\\\/\\\/dmetering.com\\\/product\\\/pm2230-power-energy-meter-up-to-31st-harmonic-lcd-display-rs485-class-0-5s\\\/#primaryimage\"},\"thumbnailUrl\":\"https:\\\/\\\/dmetering.com\\\/wp-content\\\/uploads\\\/2024\\\/03\\\/files-74.jpeg\",\"datePublished\":\"2024-10-23T09:19:42+00:00\",\"dateModified\":\"2024-10-23T09:45:26+00:00\",\"breadcrumb\":{\"@id\":\"https:\\\/\\\/dmetering.com\\\/product\\\/pm2230-power-energy-meter-up-to-31st-harmonic-lcd-display-rs485-class-0-5s\\\/#breadcrumb\"},\"inLanguage\":\"sl-SI\",\"potentialAction\":[{\"@type\":\"ReadAction\",\"target\":[\"https:\\\/\\\/dmetering.com\\\/product\\\/pm2230-power-energy-meter-up-to-31st-harmonic-lcd-display-rs485-class-0-5s\\\/\"]}]},{\"@type\":\"ImageObject\",\"inLanguage\":\"sl-SI\",\"@id\":\"https:\\\/\\\/dmetering.com\\\/product\\\/pm2230-power-energy-meter-up-to-31st-harmonic-lcd-display-rs485-class-0-5s\\\/#primaryimage\",\"url\":\"https:\\\/\\\/dmetering.com\\\/wp-content\\\/uploads\\\/2024\\\/03\\\/files-74.jpeg\",\"contentUrl\":\"https:\\\/\\\/dmetering.com\\\/wp-content\\\/uploads\\\/2024\\\/03\\\/files-74.jpeg\",\"width\":1500,\"height\":1500},{\"@type\":\"BreadcrumbList\",\"@id\":\"https:\\\/\\\/dmetering.com\\\/product\\\/pm2230-power-energy-meter-up-to-31st-harmonic-lcd-display-rs485-class-0-5s\\\/#breadcrumb\",\"itemListElement\":[{\"@type\":\"ListItem\",\"position\":1,\"name\":\"\",\"item\":\"https:\\\/\\\/dmetering.com\\\/sl\\\/\"},{\"@type\":\"ListItem\",\"position\":2,\"name\":\"Vsi izdelki\",\"item\":\"https:\\\/\\\/dmetering.com\\\/sl\\\/spletna-trgovina-stevci-energije-analizatorji-tokovni-transformatorji\\\/\"},{\"@type\":\"ListItem\",\"position\":3,\"name\":\"PM2230 &#8211; Panelni multifunkcijski merilnik &#8211; do 31. harmonika &#8211; LCD zaslon &#8211; RS485 &#8211; Klasa 0.5S\"}]},{\"@type\":\"WebSite\",\"@id\":\"https:\\\/\\\/dmetering.com\\\/#website\",\"url\":\"https:\\\/\\\/dmetering.com\\\/\",\"name\":\"dMetering.com\",\"description\":\"Re\u0161itve spremljanja rabe energije\",\"publisher\":{\"@id\":\"https:\\\/\\\/dmetering.com\\\/#organization\"},\"potentialAction\":[{\"@type\":\"SearchAction\",\"target\":{\"@type\":\"EntryPoint\",\"urlTemplate\":\"https:\\\/\\\/dmetering.com\\\/?s={search_term_string}\"},\"query-input\":{\"@type\":\"PropertyValueSpecification\",\"valueRequired\":true,\"valueName\":\"search_term_string\"}}],\"inLanguage\":\"sl-SI\"},{\"@type\":\"Organization\",\"@id\":\"https:\\\/\\\/dmetering.com\\\/#organization\",\"name\":\"ELCOND d.o.o.\",\"alternateName\":\"dmetering.com\",\"url\":\"https:\\\/\\\/dmetering.com\\\/\",\"logo\":{\"@type\":\"ImageObject\",\"inLanguage\":\"sl-SI\",\"@id\":\"https:\\\/\\\/dmetering.com\\\/#\\\/schema\\\/logo\\\/image\\\/\",\"url\":\"https:\\\/\\\/dmetering.com\\\/wp-content\\\/uploads\\\/2023\\\/07\\\/Logo_DMETERING_transp.png\",\"contentUrl\":\"https:\\\/\\\/dmetering.com\\\/wp-content\\\/uploads\\\/2023\\\/07\\\/Logo_DMETERING_transp.png\",\"width\":709,\"height\":205,\"caption\":\"ELCOND d.o.o.\"},\"image\":{\"@id\":\"https:\\\/\\\/dmetering.com\\\/#\\\/schema\\\/logo\\\/image\\\/\"},\"description\":\"Metering\u2019s mission is to offer efficient energy monitoring solutions at competitive prices and fast availability of it core product ranges. That is to say, we rely on a team of multi-disciplinary professionals, two distribution centres and team of energy managers. Certified energy managers are available to provide specialised technical support to our clients.\",\"email\":\"peter.usenicnik@elcond.si\",\"telephone\":\"+386 1 583 73 72\",\"legalName\":\"ELCOND d.o.o.\",\"foundingDate\":\"2021-01-27\",\"vatID\":\"SI50229508\",\"numberOfEmployees\":{\"@type\":\"QuantitativeValue\",\"minValue\":\"1\",\"maxValue\":\"10\"}}]}<\/script>\n<!-- \/ Yoast SEO Premium plugin. -->","yoast_head_json":{"title":"PM2230 - Panelni multifunkcijski merilnik - do 31. harmonika - LCD zaslon - RS485 - Klasa 0.5S - dMetering.com","robots":{"index":"index","follow":"follow","max-snippet":"max-snippet:-1","max-image-preview":"max-image-preview:large","max-video-preview":"max-video-preview:-1"},"canonical":"https:\/\/dmetering.com\/product\/pm2230-power-energy-meter-up-to-31st-harmonic-lcd-display-rs485-class-0-5s\/","schema":{"@context":"https:\/\/schema.org","@graph":[{"@type":"WebPage","@id":"https:\/\/dmetering.com\/product\/pm2230-power-energy-meter-up-to-31st-harmonic-lcd-display-rs485-class-0-5s\/","url":"https:\/\/dmetering.com\/product\/pm2230-power-energy-meter-up-to-31st-harmonic-lcd-display-rs485-class-0-5s\/","name":"PM2230 - Panelni multifunkcijski merilnik - do 31. harmonika - LCD zaslon - RS485 - Klasa 0.5S - dMetering.com","isPartOf":{"@id":"https:\/\/dmetering.com\/#website"},"primaryImageOfPage":{"@id":"https:\/\/dmetering.com\/product\/pm2230-power-energy-meter-up-to-31st-harmonic-lcd-display-rs485-class-0-5s\/#primaryimage"},"image":{"@id":"https:\/\/dmetering.com\/product\/pm2230-power-energy-meter-up-to-31st-harmonic-lcd-display-rs485-class-0-5s\/#primaryimage"},"thumbnailUrl":"https:\/\/dmetering.com\/wp-content\/uploads\/2024\/03\/files-74.jpeg","datePublished":"2024-10-23T09:19:42+00:00","dateModified":"2024-10-23T09:45:26+00:00","breadcrumb":{"@id":"https:\/\/dmetering.com\/product\/pm2230-power-energy-meter-up-to-31st-harmonic-lcd-display-rs485-class-0-5s\/#breadcrumb"},"inLanguage":"sl-SI","potentialAction":[{"@type":"ReadAction","target":["https:\/\/dmetering.com\/product\/pm2230-power-energy-meter-up-to-31st-harmonic-lcd-display-rs485-class-0-5s\/"]}]},{"@type":"ImageObject","inLanguage":"sl-SI","@id":"https:\/\/dmetering.com\/product\/pm2230-power-energy-meter-up-to-31st-harmonic-lcd-display-rs485-class-0-5s\/#primaryimage","url":"https:\/\/dmetering.com\/wp-content\/uploads\/2024\/03\/files-74.jpeg","contentUrl":"https:\/\/dmetering.com\/wp-content\/uploads\/2024\/03\/files-74.jpeg","width":1500,"height":1500},{"@type":"BreadcrumbList","@id":"https:\/\/dmetering.com\/product\/pm2230-power-energy-meter-up-to-31st-harmonic-lcd-display-rs485-class-0-5s\/#breadcrumb","itemListElement":[{"@type":"ListItem","position":1,"name":"","item":"https:\/\/dmetering.com\/sl\/"},{"@type":"ListItem","position":2,"name":"Vsi izdelki","item":"https:\/\/dmetering.com\/sl\/spletna-trgovina-stevci-energije-analizatorji-tokovni-transformatorji\/"},{"@type":"ListItem","position":3,"name":"PM2230 &#8211; Panelni multifunkcijski merilnik &#8211; do 31. harmonika &#8211; LCD zaslon &#8211; RS485 &#8211; Klasa 0.5S"}]},{"@type":"WebSite","@id":"https:\/\/dmetering.com\/#website","url":"https:\/\/dmetering.com\/","name":"dMetering.com","description":"Re\u0161itve spremljanja rabe energije","publisher":{"@id":"https:\/\/dmetering.com\/#organization"},"potentialAction":[{"@type":"SearchAction","target":{"@type":"EntryPoint","urlTemplate":"https:\/\/dmetering.com\/?s={search_term_string}"},"query-input":{"@type":"PropertyValueSpecification","valueRequired":true,"valueName":"search_term_string"}}],"inLanguage":"sl-SI"},{"@type":"Organization","@id":"https:\/\/dmetering.com\/#organization","name":"ELCOND d.o.o.","alternateName":"dmetering.com","url":"https:\/\/dmetering.com\/","logo":{"@type":"ImageObject","inLanguage":"sl-SI","@id":"https:\/\/dmetering.com\/#\/schema\/logo\/image\/","url":"https:\/\/dmetering.com\/wp-content\/uploads\/2023\/07\/Logo_DMETERING_transp.png","contentUrl":"https:\/\/dmetering.com\/wp-content\/uploads\/2023\/07\/Logo_DMETERING_transp.png","width":709,"height":205,"caption":"ELCOND d.o.o."},"image":{"@id":"https:\/\/dmetering.com\/#\/schema\/logo\/image\/"},"description":"Metering\u2019s mission is to offer efficient energy monitoring solutions at competitive prices and fast availability of it core product ranges. That is to say, we rely on a team of multi-disciplinary professionals, two distribution centres and team of energy managers. Certified energy managers are available to provide specialised technical support to our clients.","email":"peter.usenicnik@elcond.si","telephone":"+386 1 583 73 72","legalName":"ELCOND d.o.o.","foundingDate":"2021-01-27","vatID":"SI50229508","numberOfEmployees":{"@type":"QuantitativeValue","minValue":"1","maxValue":"10"}}]}},"_links":{"self":[{"href":"https:\/\/dmetering.com\/sl\/wp-json\/wp\/v2\/product\/4086","targetHints":{"allow":["GET"]}}],"collection":[{"href":"https:\/\/dmetering.com\/sl\/wp-json\/wp\/v2\/product"}],"about":[{"href":"https:\/\/dmetering.com\/sl\/wp-json\/wp\/v2\/types\/product"}],"replies":[{"embeddable":true,"href":"https:\/\/dmetering.com\/sl\/wp-json\/wp\/v2\/comments?post=4086"}],"wp:featuredmedia":[{"embeddable":true,"href":"https:\/\/dmetering.com\/sl\/wp-json\/wp\/v2\/media\/3092"}],"wp:attachment":[{"href":"https:\/\/dmetering.com\/sl\/wp-json\/wp\/v2\/media?parent=4086"}],"wp:term":[{"taxonomy":"product_brand","embeddable":true,"href":"https:\/\/dmetering.com\/sl\/wp-json\/wp\/v2\/product_brand?post=4086"},{"taxonomy":"product_cat","embeddable":true,"href":"https:\/\/dmetering.com\/sl\/wp-json\/wp\/v2\/product_cat?post=4086"},{"taxonomy":"product_tag","embeddable":true,"href":"https:\/\/dmetering.com\/sl\/wp-json\/wp\/v2\/product_tag?post=4086"}],"curies":[{"name":"wp","href":"https:\/\/api.w.org\/{rel}","templated":true}]}}