{"id":4091,"date":"2024-10-23T11:20:04","date_gmt":"2024-10-23T09:20:04","guid":{"rendered":"https:\/\/dmetering.com\/trgovina\/nekategorizirano\/pm3210-indirektni-3-fazni-multifunkcijski-stevci-elektricne-energije-montaza-na-din-letev-digitalni-in-pulzni-izhod-do-15-harmonika-lcd-zaslon-klasa-0-5s\/"},"modified":"2024-10-23T11:45:45","modified_gmt":"2024-10-23T09:45:45","slug":"pm3210-indirektni-3-fazni-multifunkcijski-stevci-elektricne-energije-montaza-na-din-letev-digitalni-in-pulzni-izhod-do-15-harmonika-lcd-zaslon-klasa-0-5s","status":"publish","type":"product","link":"https:\/\/dmetering.com\/sl\/product\/pm3210-indirektni-3-fazni-multifunkcijski-stevci-elektricne-energije-montaza-na-din-letev-digitalni-in-pulzni-izhod-do-15-harmonika-lcd-zaslon-klasa-0-5s\/","title":{"rendered":"PM3210 indirektni 3-fazni multifunkcijski \u0161tevci elektri\u010dne energije &#8211; monta\u017ea na DIN letev &#8211; digitalni in pulzni izhod &#8211; do 15. harmonika &#8211; LCD zaslon &#8211; Klasa 0.5S"},"content":{"rendered":"<p>PowerLogic PM3210 je 3-fazni indirektni merilnik PMD (Performance metering &#038; monitoring) z monta\u017eo na DIN letev z meritvami prek tokovnih transformatorjev z osvetljenim LCD zaslonom s 128 \u00d7 96 slikovnimi pikami. Merilnik zagotavlja natan\u010dnost Razred 0.5S po standardu IEC 62053-22 in 32 vzorcev na cikel. Merilnik meri energijo, aktivno in jalovo mo\u010d, napetost, tok, frekvenco, faktor mo\u010di, navidezno mo\u010d, harmonsko popa\u010denje (THD) in do 15. harmonika. Ta ve\u010dnamenska naprava lahko zagotovi klju\u010dne meritve v raz\u0161irjenem obsegu, ki so potrebne za za\u010detek in spremljanje projektov energetske u\u010dinkovitosti v stavbah v industriji. Merilnik je zdru\u017eljiv z omre\u017eji s frekvenco 50 Hz ali 60 Hz in napajalno napetostjo od 100 do 277 VAC fazno, 173 do 480 VAC medfazno in 100 do 300 VDC. Nazivni tok linije za ta merilnik je 1A ali 5A in podpira enofazne, enofazne z nulo ali trifazne topologije. Neposredno merilno obmo\u010dje je od 50 do 570 VAC, z zunanjim napetostnim transformatorjem (NT) od 570 do 999000 VAC. Obmo\u010dje merilne napetosti med fazami je 80 do 570 VAC pri 45 do 65 Hz. Merilno obmo\u010dje med fazo in nevtralnim vodnikom je 50 do 330 VAC pri 45 do 65 Hz. This meter has no communication input capability. Support for one digital output. Merilnik omogo\u010da bele\u017eenje dogodkov z do 5 alarmi.<\/p>\n","protected":false},"excerpt":{"rendered":"<p>PM3210 indirektni 3-fazni multifunkcijski \u0161tevci elektri\u010dne energije &#8211; monta\u017ea na DIN letev &#8211; digitalni in pulzni izhod &#8211; do 15. harmonika &#8211; LCD zaslon &#8211; Klasa 0.5S<\/p>\n","protected":false},"featured_media":3107,"comment_status":"closed","ping_status":"open","template":"","meta":{"_acf_changed":false},"product_brand":[],"product_cat":[72,65],"product_tag":[],"class_list":{"0":"post-4091","1":"product","2":"type-product","3":"status-publish","4":"has-post-thumbnail","6":"product_cat-3-fazni-stevci-elektricne-energije-za-din-letev-napredno-merjenje","7":"product_cat-analizatorji-omrezja-multifunkcijski-panelni-merilniki","8":"pa_brand-name-schneider-electric-sl","9":"pa_data-recording-5-alarmov","10":"pa_data-recording-casovno-zigosanje","11":"pa_data-recording-min-max-trenutnih-vrednosti","12":"pa_device-application-obracun-stroskov","13":"pa_device-application-spremljanje-rabe-energije","14":"pa_device-application-vectarifno-merjenje","15":"pa_mounting-mode-din-letev","16":"pa_poles-description-1p-n-sl","17":"pa_poles-description-3p-sl","18":"pa_poles-description-3p-n-sl","19":"pa_power-quality-analysis-faktor-moci-pf","20":"pa_power-quality-analysis-skupno-harmonsko-popacenje-thd","21":"pa_rated-current-in-1-a-vhod-tt","22":"pa_rated-current-in-5-a-vhod-tt","23":"pa_type-of-measurement_2-aktivna-moc","24":"pa_type-of-measurement_2-elektricna-energija","25":"pa_type-of-measurement_2-faktor-moci","26":"pa_type-of-measurement_2-frekvenca","27":"pa_type-of-measurement_2-jalova-moc","28":"pa_type-of-measurement_2-napetost","29":"pa_type-of-measurement_2-navidezna-moc","30":"pa_type-of-measurement_2-thd-i","31":"pa_type-of-measurement_2-thd-u","32":"pa_type-of-measurement_2-tok","34":"first","35":"instock","36":"taxable","37":"shipping-taxable","38":"purchasable","39":"product-type-simple","40":"berocket_lgv_grid","41":"berocket_lgv_list_grid"},"acf":[],"yoast_head":"<!-- This site is optimized with the Yoast SEO Premium plugin v27.4 (Yoast SEO v27.4) - https:\/\/yoast.com\/product\/yoast-seo-premium-wordpress\/ -->\n<title>PM3210 indirektni 3-fazni multifunkcijski \u0161tevci elektri\u010dne energije - monta\u017ea na DIN letev - digitalni in pulzni izhod - do 15. harmonika - LCD zaslon - Klasa 0.5S - dMetering.com<\/title>\n<meta name=\"robots\" content=\"index, follow, max-snippet:-1, max-image-preview:large, max-video-preview:-1\" \/>\n<link rel=\"canonical\" href=\"https:\/\/dmetering.com\/sl\/product\/pm3210-indirektni-3-fazni-multifunkcijski-stevci-elektricne-energije-montaza-na-din-letev-digitalni-in-pulzni-izhod-do-15-harmonika-lcd-zaslon-klasa-0-5s\/\" \/>\n<script type=\"application\/ld+json\" class=\"yoast-schema-graph\">{\"@context\":\"https:\\\/\\\/schema.org\",\"@graph\":[{\"@type\":\"WebPage\",\"@id\":\"https:\\\/\\\/dmetering.com\\\/sl\\\/product\\\/pm3210-indirektni-3-fazni-multifunkcijski-stevci-elektricne-energije-montaza-na-din-letev-digitalni-in-pulzni-izhod-do-15-harmonika-lcd-zaslon-klasa-0-5s\\\/\",\"url\":\"https:\\\/\\\/dmetering.com\\\/sl\\\/product\\\/pm3210-indirektni-3-fazni-multifunkcijski-stevci-elektricne-energije-montaza-na-din-letev-digitalni-in-pulzni-izhod-do-15-harmonika-lcd-zaslon-klasa-0-5s\\\/\",\"name\":\"PM3210 indirektni 3-fazni multifunkcijski \u0161tevci elektri\u010dne energije - monta\u017ea na DIN letev - digitalni in pulzni izhod - do 15. harmonika - LCD zaslon - Klasa 0.5S - dMetering.com\",\"isPartOf\":{\"@id\":\"https:\\\/\\\/dmetering.com\\\/#website\"},\"primaryImageOfPage\":{\"@id\":\"https:\\\/\\\/dmetering.com\\\/sl\\\/product\\\/pm3210-indirektni-3-fazni-multifunkcijski-stevci-elektricne-energije-montaza-na-din-letev-digitalni-in-pulzni-izhod-do-15-harmonika-lcd-zaslon-klasa-0-5s\\\/#primaryimage\"},\"image\":{\"@id\":\"https:\\\/\\\/dmetering.com\\\/sl\\\/product\\\/pm3210-indirektni-3-fazni-multifunkcijski-stevci-elektricne-energije-montaza-na-din-letev-digitalni-in-pulzni-izhod-do-15-harmonika-lcd-zaslon-klasa-0-5s\\\/#primaryimage\"},\"thumbnailUrl\":\"https:\\\/\\\/dmetering.com\\\/wp-content\\\/uploads\\\/2024\\\/03\\\/files-79.jpeg\",\"datePublished\":\"2024-10-23T09:20:04+00:00\",\"dateModified\":\"2024-10-23T09:45:45+00:00\",\"breadcrumb\":{\"@id\":\"https:\\\/\\\/dmetering.com\\\/sl\\\/product\\\/pm3210-indirektni-3-fazni-multifunkcijski-stevci-elektricne-energije-montaza-na-din-letev-digitalni-in-pulzni-izhod-do-15-harmonika-lcd-zaslon-klasa-0-5s\\\/#breadcrumb\"},\"inLanguage\":\"sl-SI\",\"potentialAction\":[{\"@type\":\"ReadAction\",\"target\":[\"https:\\\/\\\/dmetering.com\\\/sl\\\/product\\\/pm3210-indirektni-3-fazni-multifunkcijski-stevci-elektricne-energije-montaza-na-din-letev-digitalni-in-pulzni-izhod-do-15-harmonika-lcd-zaslon-klasa-0-5s\\\/\"]}]},{\"@type\":\"ImageObject\",\"inLanguage\":\"sl-SI\",\"@id\":\"https:\\\/\\\/dmetering.com\\\/sl\\\/product\\\/pm3210-indirektni-3-fazni-multifunkcijski-stevci-elektricne-energije-montaza-na-din-letev-digitalni-in-pulzni-izhod-do-15-harmonika-lcd-zaslon-klasa-0-5s\\\/#primaryimage\",\"url\":\"https:\\\/\\\/dmetering.com\\\/wp-content\\\/uploads\\\/2024\\\/03\\\/files-79.jpeg\",\"contentUrl\":\"https:\\\/\\\/dmetering.com\\\/wp-content\\\/uploads\\\/2024\\\/03\\\/files-79.jpeg\",\"width\":1500,\"height\":1500},{\"@type\":\"BreadcrumbList\",\"@id\":\"https:\\\/\\\/dmetering.com\\\/sl\\\/product\\\/pm3210-indirektni-3-fazni-multifunkcijski-stevci-elektricne-energije-montaza-na-din-letev-digitalni-in-pulzni-izhod-do-15-harmonika-lcd-zaslon-klasa-0-5s\\\/#breadcrumb\",\"itemListElement\":[{\"@type\":\"ListItem\",\"position\":1,\"name\":\"\",\"item\":\"https:\\\/\\\/dmetering.com\\\/sl\\\/\"},{\"@type\":\"ListItem\",\"position\":2,\"name\":\"Vsi izdelki\",\"item\":\"https:\\\/\\\/dmetering.com\\\/sl\\\/spletna-trgovina-stevci-energije-analizatorji-tokovni-transformatorji\\\/\"},{\"@type\":\"ListItem\",\"position\":3,\"name\":\"PM3210 indirektni 3-fazni multifunkcijski \u0161tevci elektri\u010dne energije &#8211; monta\u017ea na DIN letev &#8211; digitalni in pulzni izhod &#8211; do 15. harmonika &#8211; LCD zaslon &#8211; Klasa 0.5S\"}]},{\"@type\":\"WebSite\",\"@id\":\"https:\\\/\\\/dmetering.com\\\/#website\",\"url\":\"https:\\\/\\\/dmetering.com\\\/\",\"name\":\"dMetering.com\",\"description\":\"Re\u0161itve spremljanja rabe energije\",\"publisher\":{\"@id\":\"https:\\\/\\\/dmetering.com\\\/#organization\"},\"potentialAction\":[{\"@type\":\"SearchAction\",\"target\":{\"@type\":\"EntryPoint\",\"urlTemplate\":\"https:\\\/\\\/dmetering.com\\\/?s={search_term_string}\"},\"query-input\":{\"@type\":\"PropertyValueSpecification\",\"valueRequired\":true,\"valueName\":\"search_term_string\"}}],\"inLanguage\":\"sl-SI\"},{\"@type\":\"Organization\",\"@id\":\"https:\\\/\\\/dmetering.com\\\/#organization\",\"name\":\"ELCOND d.o.o.\",\"alternateName\":\"dmetering.com\",\"url\":\"https:\\\/\\\/dmetering.com\\\/\",\"logo\":{\"@type\":\"ImageObject\",\"inLanguage\":\"sl-SI\",\"@id\":\"https:\\\/\\\/dmetering.com\\\/#\\\/schema\\\/logo\\\/image\\\/\",\"url\":\"https:\\\/\\\/dmetering.com\\\/wp-content\\\/uploads\\\/2023\\\/07\\\/Logo_DMETERING_transp.png\",\"contentUrl\":\"https:\\\/\\\/dmetering.com\\\/wp-content\\\/uploads\\\/2023\\\/07\\\/Logo_DMETERING_transp.png\",\"width\":709,\"height\":205,\"caption\":\"ELCOND d.o.o.\"},\"image\":{\"@id\":\"https:\\\/\\\/dmetering.com\\\/#\\\/schema\\\/logo\\\/image\\\/\"},\"description\":\"Metering\u2019s mission is to offer efficient energy monitoring solutions at competitive prices and fast availability of it core product ranges. That is to say, we rely on a team of multi-disciplinary professionals, two distribution centres and team of energy managers. Certified energy managers are available to provide specialised technical support to our clients.\",\"email\":\"peter.usenicnik@elcond.si\",\"telephone\":\"+386 1 583 73 72\",\"legalName\":\"ELCOND d.o.o.\",\"foundingDate\":\"2021-01-27\",\"vatID\":\"SI50229508\",\"numberOfEmployees\":{\"@type\":\"QuantitativeValue\",\"minValue\":\"1\",\"maxValue\":\"10\"}}]}<\/script>\n<!-- \/ Yoast SEO Premium plugin. -->","yoast_head_json":{"title":"PM3210 indirektni 3-fazni multifunkcijski \u0161tevci elektri\u010dne energije - monta\u017ea na DIN letev - digitalni in pulzni izhod - do 15. harmonika - LCD zaslon - Klasa 0.5S - dMetering.com","robots":{"index":"index","follow":"follow","max-snippet":"max-snippet:-1","max-image-preview":"max-image-preview:large","max-video-preview":"max-video-preview:-1"},"canonical":"https:\/\/dmetering.com\/sl\/product\/pm3210-indirektni-3-fazni-multifunkcijski-stevci-elektricne-energije-montaza-na-din-letev-digitalni-in-pulzni-izhod-do-15-harmonika-lcd-zaslon-klasa-0-5s\/","schema":{"@context":"https:\/\/schema.org","@graph":[{"@type":"WebPage","@id":"https:\/\/dmetering.com\/sl\/product\/pm3210-indirektni-3-fazni-multifunkcijski-stevci-elektricne-energije-montaza-na-din-letev-digitalni-in-pulzni-izhod-do-15-harmonika-lcd-zaslon-klasa-0-5s\/","url":"https:\/\/dmetering.com\/sl\/product\/pm3210-indirektni-3-fazni-multifunkcijski-stevci-elektricne-energije-montaza-na-din-letev-digitalni-in-pulzni-izhod-do-15-harmonika-lcd-zaslon-klasa-0-5s\/","name":"PM3210 indirektni 3-fazni multifunkcijski \u0161tevci elektri\u010dne energije - monta\u017ea na DIN letev - digitalni in pulzni izhod - do 15. harmonika - LCD zaslon - Klasa 0.5S - dMetering.com","isPartOf":{"@id":"https:\/\/dmetering.com\/#website"},"primaryImageOfPage":{"@id":"https:\/\/dmetering.com\/sl\/product\/pm3210-indirektni-3-fazni-multifunkcijski-stevci-elektricne-energije-montaza-na-din-letev-digitalni-in-pulzni-izhod-do-15-harmonika-lcd-zaslon-klasa-0-5s\/#primaryimage"},"image":{"@id":"https:\/\/dmetering.com\/sl\/product\/pm3210-indirektni-3-fazni-multifunkcijski-stevci-elektricne-energije-montaza-na-din-letev-digitalni-in-pulzni-izhod-do-15-harmonika-lcd-zaslon-klasa-0-5s\/#primaryimage"},"thumbnailUrl":"https:\/\/dmetering.com\/wp-content\/uploads\/2024\/03\/files-79.jpeg","datePublished":"2024-10-23T09:20:04+00:00","dateModified":"2024-10-23T09:45:45+00:00","breadcrumb":{"@id":"https:\/\/dmetering.com\/sl\/product\/pm3210-indirektni-3-fazni-multifunkcijski-stevci-elektricne-energije-montaza-na-din-letev-digitalni-in-pulzni-izhod-do-15-harmonika-lcd-zaslon-klasa-0-5s\/#breadcrumb"},"inLanguage":"sl-SI","potentialAction":[{"@type":"ReadAction","target":["https:\/\/dmetering.com\/sl\/product\/pm3210-indirektni-3-fazni-multifunkcijski-stevci-elektricne-energije-montaza-na-din-letev-digitalni-in-pulzni-izhod-do-15-harmonika-lcd-zaslon-klasa-0-5s\/"]}]},{"@type":"ImageObject","inLanguage":"sl-SI","@id":"https:\/\/dmetering.com\/sl\/product\/pm3210-indirektni-3-fazni-multifunkcijski-stevci-elektricne-energije-montaza-na-din-letev-digitalni-in-pulzni-izhod-do-15-harmonika-lcd-zaslon-klasa-0-5s\/#primaryimage","url":"https:\/\/dmetering.com\/wp-content\/uploads\/2024\/03\/files-79.jpeg","contentUrl":"https:\/\/dmetering.com\/wp-content\/uploads\/2024\/03\/files-79.jpeg","width":1500,"height":1500},{"@type":"BreadcrumbList","@id":"https:\/\/dmetering.com\/sl\/product\/pm3210-indirektni-3-fazni-multifunkcijski-stevci-elektricne-energije-montaza-na-din-letev-digitalni-in-pulzni-izhod-do-15-harmonika-lcd-zaslon-klasa-0-5s\/#breadcrumb","itemListElement":[{"@type":"ListItem","position":1,"name":"","item":"https:\/\/dmetering.com\/sl\/"},{"@type":"ListItem","position":2,"name":"Vsi izdelki","item":"https:\/\/dmetering.com\/sl\/spletna-trgovina-stevci-energije-analizatorji-tokovni-transformatorji\/"},{"@type":"ListItem","position":3,"name":"PM3210 indirektni 3-fazni multifunkcijski \u0161tevci elektri\u010dne energije &#8211; monta\u017ea na DIN letev &#8211; digitalni in pulzni izhod &#8211; do 15. harmonika &#8211; LCD zaslon &#8211; Klasa 0.5S"}]},{"@type":"WebSite","@id":"https:\/\/dmetering.com\/#website","url":"https:\/\/dmetering.com\/","name":"dMetering.com","description":"Re\u0161itve spremljanja rabe energije","publisher":{"@id":"https:\/\/dmetering.com\/#organization"},"potentialAction":[{"@type":"SearchAction","target":{"@type":"EntryPoint","urlTemplate":"https:\/\/dmetering.com\/?s={search_term_string}"},"query-input":{"@type":"PropertyValueSpecification","valueRequired":true,"valueName":"search_term_string"}}],"inLanguage":"sl-SI"},{"@type":"Organization","@id":"https:\/\/dmetering.com\/#organization","name":"ELCOND d.o.o.","alternateName":"dmetering.com","url":"https:\/\/dmetering.com\/","logo":{"@type":"ImageObject","inLanguage":"sl-SI","@id":"https:\/\/dmetering.com\/#\/schema\/logo\/image\/","url":"https:\/\/dmetering.com\/wp-content\/uploads\/2023\/07\/Logo_DMETERING_transp.png","contentUrl":"https:\/\/dmetering.com\/wp-content\/uploads\/2023\/07\/Logo_DMETERING_transp.png","width":709,"height":205,"caption":"ELCOND d.o.o."},"image":{"@id":"https:\/\/dmetering.com\/#\/schema\/logo\/image\/"},"description":"Metering\u2019s mission is to offer efficient energy monitoring solutions at competitive prices and fast availability of it core product ranges. That is to say, we rely on a team of multi-disciplinary professionals, two distribution centres and team of energy managers. Certified energy managers are available to provide specialised technical support to our clients.","email":"peter.usenicnik@elcond.si","telephone":"+386 1 583 73 72","legalName":"ELCOND d.o.o.","foundingDate":"2021-01-27","vatID":"SI50229508","numberOfEmployees":{"@type":"QuantitativeValue","minValue":"1","maxValue":"10"}}]}},"_links":{"self":[{"href":"https:\/\/dmetering.com\/sl\/wp-json\/wp\/v2\/product\/4091","targetHints":{"allow":["GET"]}}],"collection":[{"href":"https:\/\/dmetering.com\/sl\/wp-json\/wp\/v2\/product"}],"about":[{"href":"https:\/\/dmetering.com\/sl\/wp-json\/wp\/v2\/types\/product"}],"replies":[{"embeddable":true,"href":"https:\/\/dmetering.com\/sl\/wp-json\/wp\/v2\/comments?post=4091"}],"wp:featuredmedia":[{"embeddable":true,"href":"https:\/\/dmetering.com\/sl\/wp-json\/wp\/v2\/media\/3107"}],"wp:attachment":[{"href":"https:\/\/dmetering.com\/sl\/wp-json\/wp\/v2\/media?parent=4091"}],"wp:term":[{"taxonomy":"product_brand","embeddable":true,"href":"https:\/\/dmetering.com\/sl\/wp-json\/wp\/v2\/product_brand?post=4091"},{"taxonomy":"product_cat","embeddable":true,"href":"https:\/\/dmetering.com\/sl\/wp-json\/wp\/v2\/product_cat?post=4091"},{"taxonomy":"product_tag","embeddable":true,"href":"https:\/\/dmetering.com\/sl\/wp-json\/wp\/v2\/product_tag?post=4091"}],"curies":[{"name":"wp","href":"https:\/\/api.w.org\/{rel}","templated":true}]}}