{"id":4095,"date":"2024-10-23T11:20:19","date_gmt":"2024-10-23T09:20:19","guid":{"rendered":"https:\/\/dmetering.com\/trgovina\/nekategorizirano\/pm5110-indirektni-3-fazni-panelni-multifunkcijski-merilnik-modbus-do-15-harmonika-1do-33-alarms-klasa-0-5s\/"},"modified":"2024-10-23T11:45:59","modified_gmt":"2024-10-23T09:45:59","slug":"pm5110-indirektni-3-fazni-panelni-multifunkcijski-merilnik-modbus-do-15-harmonika-1do-33-alarms-klasa-0-5s","status":"publish","type":"product","link":"https:\/\/dmetering.com\/sl\/product\/pm5110-indirektni-3-fazni-panelni-multifunkcijski-merilnik-modbus-do-15-harmonika-1do-33-alarms-klasa-0-5s\/","title":{"rendered":"PM5110 indirektni 3-fazni panelni multifunkcijski merilnik &#8211; modbus &#8211; do 15. harmonika &#8211; 1DO &#8211; 33 alarms &#8211; Klasa 0.5S"},"content":{"rendered":"<p>PowerLogic PM5110 je vgradni merilnik energije z osvetljenim LCD-zaslonom velikosti 96 \u00d7 96 mm. Merilnik zagotavlja natan\u010dnost Razred 0.5S po standardu IEC 62053-22 z 64 vzorci na cikel. Merilnik meri energijo, aktivno in jalovo mo\u010d, napetost, tok, frekvenco, faktor mo\u010di in do 15. harmonika. Merilnik je zdru\u017eljiv z omre\u017eji s frekvenco 50 Hz ali 60 Hz in napajalno napetostjo od 100 do 415 VAC in od 125 do 250 VDC. Nazivni tok tega merilnika je 1A ali 5A, podpira pa 1P+N, 3P ali 3P+N topologije. Obmo\u010dje merilne napetosti med fazami je od 35 do 690 VAC pri 47 do 63 Hz. Merilno obmo\u010dje med fazo in nevtralnim vodnikom je od 20 do 400 VAC pri 47 do 63 Hz. Komunikacijski protokol je Modbus RTU in ASCII 2 \u017eici z RS485 vrati. Merilnik ima en digitalni pulzni izhod in tudi 33 nastavljivih alarmov. Digitalna merilna naprava, ki uporabniku ponuja meritve, potrebne za uspe\u0161no izvedbo energetsko u\u010dinkovitih projektov in zanesljivo nadzorovanje elektri\u010dne napeljave.<\/p>\n","protected":false},"excerpt":{"rendered":"<p>PM5110 indirektni 3-fazni panelni multifunkcijski merilnik &#8211; modbus &#8211; do 15. harmonika &#8211; 1DO &#8211; 33 alarms &#8211; Klasa 0.5S<\/p>\n","protected":false},"featured_media":3119,"comment_status":"closed","ping_status":"open","template":"","meta":{"_acf_changed":false},"product_brand":[],"product_cat":[73,65,71],"product_tag":[],"class_list":{"0":"post-4095","1":"product","2":"type-product","3":"status-publish","4":"has-post-thumbnail","6":"product_cat-analizatorji-omrezja","7":"product_cat-analizatorji-omrezja-multifunkcijski-panelni-merilniki","8":"product_cat-multifunkcijski-merilniki","9":"pa_brand-name-schneider-electric-sl","10":"pa_communication-modbus-rs485-sl","11":"pa_data-recording-casovno-zigosanje","12":"pa_data-recording-min-max-trenutnih-vrednosti","13":"pa_device-application-spremljanje-rabe-energije","14":"pa_mounting-mode-panel-vrata","15":"pa_poles-description-1p-n-sl","16":"pa_poles-description-3p-sl","17":"pa_poles-description-3p-n-sl","18":"pa_power-quality-analysis-do-15-harmonika","19":"pa_power-quality-analysis-faktor-moci-pf","20":"pa_power-quality-analysis-skupno-harmonsko-popacenje-thd","21":"pa_rated-current-in-1-a-vhod-tt","22":"pa_rated-current-in-5-a-vhod-tt","23":"pa_type-of-measurement_2-aktivna-moc","24":"pa_type-of-measurement_2-elektricna-energija","25":"pa_type-of-measurement_2-faktor-moci","26":"pa_type-of-measurement_2-frekvenca","27":"pa_type-of-measurement_2-jalova-moc","28":"pa_type-of-measurement_2-napetost","29":"pa_type-of-measurement_2-thd-i-po-fazi","30":"pa_type-of-measurement_2-thd-u-po-fazi","31":"pa_type-of-measurement_2-tok","33":"first","34":"instock","35":"taxable","36":"shipping-taxable","37":"purchasable","38":"product-type-simple","39":"berocket_lgv_grid","40":"berocket_lgv_list_grid"},"acf":[],"yoast_head":"<!-- This site is optimized with the Yoast SEO Premium plugin v27.4 (Yoast SEO v27.4) - https:\/\/yoast.com\/product\/yoast-seo-premium-wordpress\/ -->\n<title>PM5110 indirektni 3-fazni panelni multifunkcijski merilnik - modbus - do 15. harmonika - 1DO - 33 alarms - Klasa 0.5S - dMetering.com<\/title>\n<meta name=\"robots\" content=\"index, follow, max-snippet:-1, max-image-preview:large, max-video-preview:-1\" \/>\n<link rel=\"canonical\" href=\"https:\/\/dmetering.com\/product\/pm5110-multifunction-power-meter-modbus-up-to-15th-harmonic-1do-33-alarms-class-0-5s\/\" \/>\n<script type=\"application\/ld+json\" class=\"yoast-schema-graph\">{\"@context\":\"https:\\\/\\\/schema.org\",\"@graph\":[{\"@type\":\"WebPage\",\"@id\":\"https:\\\/\\\/dmetering.com\\\/product\\\/pm5110-multifunction-power-meter-modbus-up-to-15th-harmonic-1do-33-alarms-class-0-5s\\\/\",\"url\":\"https:\\\/\\\/dmetering.com\\\/product\\\/pm5110-multifunction-power-meter-modbus-up-to-15th-harmonic-1do-33-alarms-class-0-5s\\\/\",\"name\":\"PM5110 indirektni 3-fazni panelni multifunkcijski merilnik - modbus - do 15. harmonika - 1DO - 33 alarms - Klasa 0.5S - dMetering.com\",\"isPartOf\":{\"@id\":\"https:\\\/\\\/dmetering.com\\\/#website\"},\"primaryImageOfPage\":{\"@id\":\"https:\\\/\\\/dmetering.com\\\/product\\\/pm5110-multifunction-power-meter-modbus-up-to-15th-harmonic-1do-33-alarms-class-0-5s\\\/#primaryimage\"},\"image\":{\"@id\":\"https:\\\/\\\/dmetering.com\\\/product\\\/pm5110-multifunction-power-meter-modbus-up-to-15th-harmonic-1do-33-alarms-class-0-5s\\\/#primaryimage\"},\"thumbnailUrl\":\"https:\\\/\\\/dmetering.com\\\/wp-content\\\/uploads\\\/2024\\\/03\\\/files-83.jpeg\",\"datePublished\":\"2024-10-23T09:20:19+00:00\",\"dateModified\":\"2024-10-23T09:45:59+00:00\",\"breadcrumb\":{\"@id\":\"https:\\\/\\\/dmetering.com\\\/product\\\/pm5110-multifunction-power-meter-modbus-up-to-15th-harmonic-1do-33-alarms-class-0-5s\\\/#breadcrumb\"},\"inLanguage\":\"sl-SI\",\"potentialAction\":[{\"@type\":\"ReadAction\",\"target\":[\"https:\\\/\\\/dmetering.com\\\/product\\\/pm5110-multifunction-power-meter-modbus-up-to-15th-harmonic-1do-33-alarms-class-0-5s\\\/\"]}]},{\"@type\":\"ImageObject\",\"inLanguage\":\"sl-SI\",\"@id\":\"https:\\\/\\\/dmetering.com\\\/product\\\/pm5110-multifunction-power-meter-modbus-up-to-15th-harmonic-1do-33-alarms-class-0-5s\\\/#primaryimage\",\"url\":\"https:\\\/\\\/dmetering.com\\\/wp-content\\\/uploads\\\/2024\\\/03\\\/files-83.jpeg\",\"contentUrl\":\"https:\\\/\\\/dmetering.com\\\/wp-content\\\/uploads\\\/2024\\\/03\\\/files-83.jpeg\",\"width\":1500,\"height\":1500},{\"@type\":\"BreadcrumbList\",\"@id\":\"https:\\\/\\\/dmetering.com\\\/product\\\/pm5110-multifunction-power-meter-modbus-up-to-15th-harmonic-1do-33-alarms-class-0-5s\\\/#breadcrumb\",\"itemListElement\":[{\"@type\":\"ListItem\",\"position\":1,\"name\":\"\",\"item\":\"https:\\\/\\\/dmetering.com\\\/sl\\\/\"},{\"@type\":\"ListItem\",\"position\":2,\"name\":\"Vsi izdelki\",\"item\":\"https:\\\/\\\/dmetering.com\\\/sl\\\/spletna-trgovina-stevci-energije-analizatorji-tokovni-transformatorji\\\/\"},{\"@type\":\"ListItem\",\"position\":3,\"name\":\"PM5110 indirektni 3-fazni panelni multifunkcijski merilnik &#8211; modbus &#8211; do 15. harmonika &#8211; 1DO &#8211; 33 alarms &#8211; Klasa 0.5S\"}]},{\"@type\":\"WebSite\",\"@id\":\"https:\\\/\\\/dmetering.com\\\/#website\",\"url\":\"https:\\\/\\\/dmetering.com\\\/\",\"name\":\"dMetering.com\",\"description\":\"Re\u0161itve spremljanja rabe energije\",\"publisher\":{\"@id\":\"https:\\\/\\\/dmetering.com\\\/#organization\"},\"potentialAction\":[{\"@type\":\"SearchAction\",\"target\":{\"@type\":\"EntryPoint\",\"urlTemplate\":\"https:\\\/\\\/dmetering.com\\\/?s={search_term_string}\"},\"query-input\":{\"@type\":\"PropertyValueSpecification\",\"valueRequired\":true,\"valueName\":\"search_term_string\"}}],\"inLanguage\":\"sl-SI\"},{\"@type\":\"Organization\",\"@id\":\"https:\\\/\\\/dmetering.com\\\/#organization\",\"name\":\"ELCOND d.o.o.\",\"alternateName\":\"dmetering.com\",\"url\":\"https:\\\/\\\/dmetering.com\\\/\",\"logo\":{\"@type\":\"ImageObject\",\"inLanguage\":\"sl-SI\",\"@id\":\"https:\\\/\\\/dmetering.com\\\/#\\\/schema\\\/logo\\\/image\\\/\",\"url\":\"https:\\\/\\\/dmetering.com\\\/wp-content\\\/uploads\\\/2023\\\/07\\\/Logo_DMETERING_transp.png\",\"contentUrl\":\"https:\\\/\\\/dmetering.com\\\/wp-content\\\/uploads\\\/2023\\\/07\\\/Logo_DMETERING_transp.png\",\"width\":709,\"height\":205,\"caption\":\"ELCOND d.o.o.\"},\"image\":{\"@id\":\"https:\\\/\\\/dmetering.com\\\/#\\\/schema\\\/logo\\\/image\\\/\"},\"description\":\"Metering\u2019s mission is to offer efficient energy monitoring solutions at competitive prices and fast availability of it core product ranges. That is to say, we rely on a team of multi-disciplinary professionals, two distribution centres and team of energy managers. Certified energy managers are available to provide specialised technical support to our clients.\",\"email\":\"peter.usenicnik@elcond.si\",\"telephone\":\"+386 1 583 73 72\",\"legalName\":\"ELCOND d.o.o.\",\"foundingDate\":\"2021-01-27\",\"vatID\":\"SI50229508\",\"numberOfEmployees\":{\"@type\":\"QuantitativeValue\",\"minValue\":\"1\",\"maxValue\":\"10\"}}]}<\/script>\n<!-- \/ Yoast SEO Premium plugin. -->","yoast_head_json":{"title":"PM5110 indirektni 3-fazni panelni multifunkcijski merilnik - modbus - do 15. harmonika - 1DO - 33 alarms - Klasa 0.5S - dMetering.com","robots":{"index":"index","follow":"follow","max-snippet":"max-snippet:-1","max-image-preview":"max-image-preview:large","max-video-preview":"max-video-preview:-1"},"canonical":"https:\/\/dmetering.com\/product\/pm5110-multifunction-power-meter-modbus-up-to-15th-harmonic-1do-33-alarms-class-0-5s\/","schema":{"@context":"https:\/\/schema.org","@graph":[{"@type":"WebPage","@id":"https:\/\/dmetering.com\/product\/pm5110-multifunction-power-meter-modbus-up-to-15th-harmonic-1do-33-alarms-class-0-5s\/","url":"https:\/\/dmetering.com\/product\/pm5110-multifunction-power-meter-modbus-up-to-15th-harmonic-1do-33-alarms-class-0-5s\/","name":"PM5110 indirektni 3-fazni panelni multifunkcijski merilnik - modbus - do 15. harmonika - 1DO - 33 alarms - Klasa 0.5S - dMetering.com","isPartOf":{"@id":"https:\/\/dmetering.com\/#website"},"primaryImageOfPage":{"@id":"https:\/\/dmetering.com\/product\/pm5110-multifunction-power-meter-modbus-up-to-15th-harmonic-1do-33-alarms-class-0-5s\/#primaryimage"},"image":{"@id":"https:\/\/dmetering.com\/product\/pm5110-multifunction-power-meter-modbus-up-to-15th-harmonic-1do-33-alarms-class-0-5s\/#primaryimage"},"thumbnailUrl":"https:\/\/dmetering.com\/wp-content\/uploads\/2024\/03\/files-83.jpeg","datePublished":"2024-10-23T09:20:19+00:00","dateModified":"2024-10-23T09:45:59+00:00","breadcrumb":{"@id":"https:\/\/dmetering.com\/product\/pm5110-multifunction-power-meter-modbus-up-to-15th-harmonic-1do-33-alarms-class-0-5s\/#breadcrumb"},"inLanguage":"sl-SI","potentialAction":[{"@type":"ReadAction","target":["https:\/\/dmetering.com\/product\/pm5110-multifunction-power-meter-modbus-up-to-15th-harmonic-1do-33-alarms-class-0-5s\/"]}]},{"@type":"ImageObject","inLanguage":"sl-SI","@id":"https:\/\/dmetering.com\/product\/pm5110-multifunction-power-meter-modbus-up-to-15th-harmonic-1do-33-alarms-class-0-5s\/#primaryimage","url":"https:\/\/dmetering.com\/wp-content\/uploads\/2024\/03\/files-83.jpeg","contentUrl":"https:\/\/dmetering.com\/wp-content\/uploads\/2024\/03\/files-83.jpeg","width":1500,"height":1500},{"@type":"BreadcrumbList","@id":"https:\/\/dmetering.com\/product\/pm5110-multifunction-power-meter-modbus-up-to-15th-harmonic-1do-33-alarms-class-0-5s\/#breadcrumb","itemListElement":[{"@type":"ListItem","position":1,"name":"","item":"https:\/\/dmetering.com\/sl\/"},{"@type":"ListItem","position":2,"name":"Vsi izdelki","item":"https:\/\/dmetering.com\/sl\/spletna-trgovina-stevci-energije-analizatorji-tokovni-transformatorji\/"},{"@type":"ListItem","position":3,"name":"PM5110 indirektni 3-fazni panelni multifunkcijski merilnik &#8211; modbus &#8211; do 15. harmonika &#8211; 1DO &#8211; 33 alarms &#8211; Klasa 0.5S"}]},{"@type":"WebSite","@id":"https:\/\/dmetering.com\/#website","url":"https:\/\/dmetering.com\/","name":"dMetering.com","description":"Re\u0161itve spremljanja rabe energije","publisher":{"@id":"https:\/\/dmetering.com\/#organization"},"potentialAction":[{"@type":"SearchAction","target":{"@type":"EntryPoint","urlTemplate":"https:\/\/dmetering.com\/?s={search_term_string}"},"query-input":{"@type":"PropertyValueSpecification","valueRequired":true,"valueName":"search_term_string"}}],"inLanguage":"sl-SI"},{"@type":"Organization","@id":"https:\/\/dmetering.com\/#organization","name":"ELCOND d.o.o.","alternateName":"dmetering.com","url":"https:\/\/dmetering.com\/","logo":{"@type":"ImageObject","inLanguage":"sl-SI","@id":"https:\/\/dmetering.com\/#\/schema\/logo\/image\/","url":"https:\/\/dmetering.com\/wp-content\/uploads\/2023\/07\/Logo_DMETERING_transp.png","contentUrl":"https:\/\/dmetering.com\/wp-content\/uploads\/2023\/07\/Logo_DMETERING_transp.png","width":709,"height":205,"caption":"ELCOND d.o.o."},"image":{"@id":"https:\/\/dmetering.com\/#\/schema\/logo\/image\/"},"description":"Metering\u2019s mission is to offer efficient energy monitoring solutions at competitive prices and fast availability of it core product ranges. That is to say, we rely on a team of multi-disciplinary professionals, two distribution centres and team of energy managers. Certified energy managers are available to provide specialised technical support to our clients.","email":"peter.usenicnik@elcond.si","telephone":"+386 1 583 73 72","legalName":"ELCOND d.o.o.","foundingDate":"2021-01-27","vatID":"SI50229508","numberOfEmployees":{"@type":"QuantitativeValue","minValue":"1","maxValue":"10"}}]}},"_links":{"self":[{"href":"https:\/\/dmetering.com\/sl\/wp-json\/wp\/v2\/product\/4095","targetHints":{"allow":["GET"]}}],"collection":[{"href":"https:\/\/dmetering.com\/sl\/wp-json\/wp\/v2\/product"}],"about":[{"href":"https:\/\/dmetering.com\/sl\/wp-json\/wp\/v2\/types\/product"}],"replies":[{"embeddable":true,"href":"https:\/\/dmetering.com\/sl\/wp-json\/wp\/v2\/comments?post=4095"}],"wp:featuredmedia":[{"embeddable":true,"href":"https:\/\/dmetering.com\/sl\/wp-json\/wp\/v2\/media\/3119"}],"wp:attachment":[{"href":"https:\/\/dmetering.com\/sl\/wp-json\/wp\/v2\/media?parent=4095"}],"wp:term":[{"taxonomy":"product_brand","embeddable":true,"href":"https:\/\/dmetering.com\/sl\/wp-json\/wp\/v2\/product_brand?post=4095"},{"taxonomy":"product_cat","embeddable":true,"href":"https:\/\/dmetering.com\/sl\/wp-json\/wp\/v2\/product_cat?post=4095"},{"taxonomy":"product_tag","embeddable":true,"href":"https:\/\/dmetering.com\/sl\/wp-json\/wp\/v2\/product_tag?post=4095"}],"curies":[{"name":"wp","href":"https:\/\/api.w.org\/{rel}","templated":true}]}}