{"id":4105,"date":"2024-10-23T11:20:55","date_gmt":"2024-10-23T09:20:55","guid":{"rendered":"https:\/\/dmetering.com\/trgovina\/nekategorizirano\/pm5563-multifunkcijski-panelni-analizator-omrezja-2-ethernet-do-63-harmonika-4di-2do-52-alarms-montaza-na-din-letev-klasa-0-2s\/"},"modified":"2024-10-23T11:46:36","modified_gmt":"2024-10-23T09:46:36","slug":"pm5563-multifunkcijski-panelni-analizator-omrezja-2-ethernet-do-63-harmonika-4di-2do-52-alarms-montaza-na-din-letev-klasa-0-2s","status":"publish","type":"product","link":"https:\/\/dmetering.com\/sl\/product\/pm5563-multifunkcijski-panelni-analizator-omrezja-2-ethernet-do-63-harmonika-4di-2do-52-alarms-montaza-na-din-letev-klasa-0-2s\/","title":{"rendered":"PM5563 multifunkcijski panelni analizator omre\u017eja &#8211; 2 ethernet &#8211; do 63. harmonika  &#8211; 4DI\/2DO &#8211; 52 alarms &#8211; monta\u017ea na DIN letev &#8211; Klasa 0.2S"},"content":{"rendered":"<p>Merilnik PowerLogic PM5563 je merilnik energije brez zaslona, ki se namesti na DIN letev. Merilnik zagotavlja natan\u010dnost Razred 0,2S po standardu IEC 62053-22 in z 128 vzorci na cikel. Merilnik meri energijo, aktivno in jalovo mo\u010d, napetost, tok, frekvenco, faktor mo\u010di in do 63. harmonika. Vklju\u010duje 1,1 megabajta pomnilnika za do 14 izbirnih parametrov z nastavljivim intervalom in trajanjem. Ta merilnik omogo\u010da tudi neposredno merjenje nevtralnega toka. Merilnik je zdru\u017eljiv z omre\u017eji s frekvenco 50 Hz ali 60 Hz in ima napajalno napetost od 100 do 480 VAC in 125 do 250 VDC. Omre\u017eni nazivni tok tega merilnika je 1A ali 5A in podpira 1P+N, 3P ali 3P+N  topologije. Obmo\u010dje merilne napetosti med fazami je 20 do 690 VAC pri 45 do 65 Hz. Merilno obmo\u010dje med fazo in nulo je 20 do 400 VAC pri 45 do 65 Hz. Komunikacijski protokoli so Modbus RTU in ASCII 2 \u017eicah s priklju\u010dkom RS485 ter Modbus TCP\/IP, Ethernet\/IP in BACnet\/IP na osnovi 10\/100 Mbit\/s, veri\u017eni Ethernet s priklju\u010dkom RJ45. Vgrajene komunikacijske zmogljivosti omogo\u010dajo podporo protokolu DNP 3.0, dostop do vgrajenega spletnega stre\u017enika v prehodu iz serijskega omre\u017eja v omre\u017eje Ethernet. Merilnik ima tudi \u0161tiri digitalne vhode s podporo WAGES in dva digitalna izhoda. Na voljo je 52 prilagodljivih alarmov in podpira osem (8) tarifnih urnikov. Digitalna merilna naprava, ki uporabniku ponuja meritve, potrebne za uspe\u0161no izvedbo energetsko u\u010dinkovitih projektov in zanesljivo nadzorovanje elektri\u010dne napeljave.<\/p>\n","protected":false},"excerpt":{"rendered":"<p>PM5563 multifunkcijski panelni analizator omre\u017eja &#8211; 2 ethernet &#8211; do 63. harmonika  &#8211; 4DI\/2DO &#8211; 52 alarms &#8211; monta\u017ea na DIN letev &#8211; Klasa 0.2S<\/p>\n","protected":false},"featured_media":3139,"comment_status":"closed","ping_status":"open","template":"","meta":{"_acf_changed":false},"product_brand":[],"product_cat":[73,65,71],"product_tag":[],"class_list":{"0":"post-4105","1":"product","2":"type-product","3":"status-publish","4":"has-post-thumbnail","6":"product_cat-analizatorji-omrezja","7":"product_cat-analizatorji-omrezja-multifunkcijski-panelni-merilniki","8":"product_cat-multifunkcijski-merilniki","9":"pa_brand-name-schneider-electric-sl","10":"pa_communication-bacnet-ip-sl","11":"pa_communication-modbus-rs485-sl","12":"pa_communication-modbus-tcp-ip-sl","13":"pa_communication-gateway-ethernet-tcp-ip-do-rs485","14":"pa_data-recording-casovno-zigosanje","15":"pa_data-recording-min-max-trenutnih-vrednosti","16":"pa_data-recording-zapisovanje-alarmov","17":"pa_data-recording-zapisovanje-dogodkov","18":"pa_data-recording-zapisovanje-podatkov","19":"pa_data-recording-zapisovanje-vzdrzevanja","20":"pa_device-application-meritve-vode-plina-pare-komprimiranega-zraka-ipd","21":"pa_device-application-prehod-gateway","22":"pa_device-application-spremljanje-rabe-energije","23":"pa_device-application-vectarifno-merjenje","24":"pa_mounting-mode-din-letev","25":"pa_poles-description-1p-n-sl","26":"pa_poles-description-3p-sl","27":"pa_poles-description-3p-n-sl","28":"pa_power-quality-analysis-do-63-harmonika","29":"pa_power-quality-analysis-faktor-moci-pf","30":"pa_power-quality-analysis-skupno-harmonsko-popacenje-thd","31":"pa_rated-current-in-1-a-vhod-tt","32":"pa_rated-current-in-5-a-vhod-tt","33":"pa_type-of-measurement_2-aktivna-moc","34":"pa_type-of-measurement_2-elektricna-energija","35":"pa_type-of-measurement_2-faktor-moci","36":"pa_type-of-measurement_2-frekvenca","37":"pa_type-of-measurement_2-jalova-moc","38":"pa_type-of-measurement_2-napetost","39":"pa_type-of-measurement_2-thd-i-po-fazi","40":"pa_type-of-measurement_2-thd-u-po-fazi","41":"pa_type-of-measurement_2-tok","43":"first","44":"instock","45":"taxable","46":"shipping-taxable","47":"purchasable","48":"product-type-simple","49":"berocket_lgv_grid","50":"berocket_lgv_list_grid"},"acf":[],"yoast_head":"<!-- This site is optimized with the Yoast SEO Premium plugin v27.4 (Yoast SEO v27.4) - https:\/\/yoast.com\/product\/yoast-seo-premium-wordpress\/ -->\n<title>PM5563 multifunkcijski panelni analizator omre\u017eja - 2 ethernet - do 63. harmonika - 4DI\/2DO - 52 alarms - monta\u017ea na DIN letev - Klasa 0.2S - dMetering.com<\/title>\n<meta name=\"robots\" content=\"index, follow, max-snippet:-1, max-image-preview:large, max-video-preview:-1\" \/>\n<link rel=\"canonical\" href=\"https:\/\/dmetering.com\/product\/pm5563-multifunction-network-analyser-2-ethernet-up-to-63th-harmonic-4di-2do-52-alarms-din-mounted-class-0-2s\/\" \/>\n<script type=\"application\/ld+json\" class=\"yoast-schema-graph\">{\"@context\":\"https:\\\/\\\/schema.org\",\"@graph\":[{\"@type\":\"WebPage\",\"@id\":\"https:\\\/\\\/dmetering.com\\\/product\\\/pm5563-multifunction-network-analyser-2-ethernet-up-to-63th-harmonic-4di-2do-52-alarms-din-mounted-class-0-2s\\\/\",\"url\":\"https:\\\/\\\/dmetering.com\\\/product\\\/pm5563-multifunction-network-analyser-2-ethernet-up-to-63th-harmonic-4di-2do-52-alarms-din-mounted-class-0-2s\\\/\",\"name\":\"PM5563 multifunkcijski panelni analizator omre\u017eja - 2 ethernet - do 63. harmonika - 4DI\\\/2DO - 52 alarms - monta\u017ea na DIN letev - Klasa 0.2S - dMetering.com\",\"isPartOf\":{\"@id\":\"https:\\\/\\\/dmetering.com\\\/#website\"},\"primaryImageOfPage\":{\"@id\":\"https:\\\/\\\/dmetering.com\\\/product\\\/pm5563-multifunction-network-analyser-2-ethernet-up-to-63th-harmonic-4di-2do-52-alarms-din-mounted-class-0-2s\\\/#primaryimage\"},\"image\":{\"@id\":\"https:\\\/\\\/dmetering.com\\\/product\\\/pm5563-multifunction-network-analyser-2-ethernet-up-to-63th-harmonic-4di-2do-52-alarms-din-mounted-class-0-2s\\\/#primaryimage\"},\"thumbnailUrl\":\"https:\\\/\\\/dmetering.com\\\/wp-content\\\/uploads\\\/2023\\\/03\\\/files-108.jpeg\",\"datePublished\":\"2024-10-23T09:20:55+00:00\",\"dateModified\":\"2024-10-23T09:46:36+00:00\",\"breadcrumb\":{\"@id\":\"https:\\\/\\\/dmetering.com\\\/product\\\/pm5563-multifunction-network-analyser-2-ethernet-up-to-63th-harmonic-4di-2do-52-alarms-din-mounted-class-0-2s\\\/#breadcrumb\"},\"inLanguage\":\"sl-SI\",\"potentialAction\":[{\"@type\":\"ReadAction\",\"target\":[\"https:\\\/\\\/dmetering.com\\\/product\\\/pm5563-multifunction-network-analyser-2-ethernet-up-to-63th-harmonic-4di-2do-52-alarms-din-mounted-class-0-2s\\\/\"]}]},{\"@type\":\"ImageObject\",\"inLanguage\":\"sl-SI\",\"@id\":\"https:\\\/\\\/dmetering.com\\\/product\\\/pm5563-multifunction-network-analyser-2-ethernet-up-to-63th-harmonic-4di-2do-52-alarms-din-mounted-class-0-2s\\\/#primaryimage\",\"url\":\"https:\\\/\\\/dmetering.com\\\/wp-content\\\/uploads\\\/2023\\\/03\\\/files-108.jpeg\",\"contentUrl\":\"https:\\\/\\\/dmetering.com\\\/wp-content\\\/uploads\\\/2023\\\/03\\\/files-108.jpeg\",\"width\":1500,\"height\":1500},{\"@type\":\"BreadcrumbList\",\"@id\":\"https:\\\/\\\/dmetering.com\\\/product\\\/pm5563-multifunction-network-analyser-2-ethernet-up-to-63th-harmonic-4di-2do-52-alarms-din-mounted-class-0-2s\\\/#breadcrumb\",\"itemListElement\":[{\"@type\":\"ListItem\",\"position\":1,\"name\":\"\",\"item\":\"https:\\\/\\\/dmetering.com\\\/sl\\\/\"},{\"@type\":\"ListItem\",\"position\":2,\"name\":\"Vsi izdelki\",\"item\":\"https:\\\/\\\/dmetering.com\\\/sl\\\/spletna-trgovina-stevci-energije-analizatorji-tokovni-transformatorji\\\/\"},{\"@type\":\"ListItem\",\"position\":3,\"name\":\"PM5563 multifunkcijski panelni analizator omre\u017eja &#8211; 2 ethernet &#8211; do 63. harmonika &#8211; 4DI\\\/2DO &#8211; 52 alarms &#8211; monta\u017ea na DIN letev &#8211; Klasa 0.2S\"}]},{\"@type\":\"WebSite\",\"@id\":\"https:\\\/\\\/dmetering.com\\\/#website\",\"url\":\"https:\\\/\\\/dmetering.com\\\/\",\"name\":\"dMetering.com\",\"description\":\"Re\u0161itve spremljanja rabe energije\",\"publisher\":{\"@id\":\"https:\\\/\\\/dmetering.com\\\/#organization\"},\"potentialAction\":[{\"@type\":\"SearchAction\",\"target\":{\"@type\":\"EntryPoint\",\"urlTemplate\":\"https:\\\/\\\/dmetering.com\\\/?s={search_term_string}\"},\"query-input\":{\"@type\":\"PropertyValueSpecification\",\"valueRequired\":true,\"valueName\":\"search_term_string\"}}],\"inLanguage\":\"sl-SI\"},{\"@type\":\"Organization\",\"@id\":\"https:\\\/\\\/dmetering.com\\\/#organization\",\"name\":\"ELCOND d.o.o.\",\"alternateName\":\"dmetering.com\",\"url\":\"https:\\\/\\\/dmetering.com\\\/\",\"logo\":{\"@type\":\"ImageObject\",\"inLanguage\":\"sl-SI\",\"@id\":\"https:\\\/\\\/dmetering.com\\\/#\\\/schema\\\/logo\\\/image\\\/\",\"url\":\"https:\\\/\\\/dmetering.com\\\/wp-content\\\/uploads\\\/2023\\\/07\\\/Logo_DMETERING_transp.png\",\"contentUrl\":\"https:\\\/\\\/dmetering.com\\\/wp-content\\\/uploads\\\/2023\\\/07\\\/Logo_DMETERING_transp.png\",\"width\":709,\"height\":205,\"caption\":\"ELCOND d.o.o.\"},\"image\":{\"@id\":\"https:\\\/\\\/dmetering.com\\\/#\\\/schema\\\/logo\\\/image\\\/\"},\"description\":\"Metering\u2019s mission is to offer efficient energy monitoring solutions at competitive prices and fast availability of it core product ranges. That is to say, we rely on a team of multi-disciplinary professionals, two distribution centres and team of energy managers. Certified energy managers are available to provide specialised technical support to our clients.\",\"email\":\"peter.usenicnik@elcond.si\",\"telephone\":\"+386 1 583 73 72\",\"legalName\":\"ELCOND d.o.o.\",\"foundingDate\":\"2021-01-27\",\"vatID\":\"SI50229508\",\"numberOfEmployees\":{\"@type\":\"QuantitativeValue\",\"minValue\":\"1\",\"maxValue\":\"10\"}}]}<\/script>\n<!-- \/ Yoast SEO Premium plugin. -->","yoast_head_json":{"title":"PM5563 multifunkcijski panelni analizator omre\u017eja - 2 ethernet - do 63. harmonika - 4DI\/2DO - 52 alarms - monta\u017ea na DIN letev - Klasa 0.2S - dMetering.com","robots":{"index":"index","follow":"follow","max-snippet":"max-snippet:-1","max-image-preview":"max-image-preview:large","max-video-preview":"max-video-preview:-1"},"canonical":"https:\/\/dmetering.com\/product\/pm5563-multifunction-network-analyser-2-ethernet-up-to-63th-harmonic-4di-2do-52-alarms-din-mounted-class-0-2s\/","schema":{"@context":"https:\/\/schema.org","@graph":[{"@type":"WebPage","@id":"https:\/\/dmetering.com\/product\/pm5563-multifunction-network-analyser-2-ethernet-up-to-63th-harmonic-4di-2do-52-alarms-din-mounted-class-0-2s\/","url":"https:\/\/dmetering.com\/product\/pm5563-multifunction-network-analyser-2-ethernet-up-to-63th-harmonic-4di-2do-52-alarms-din-mounted-class-0-2s\/","name":"PM5563 multifunkcijski panelni analizator omre\u017eja - 2 ethernet - do 63. harmonika - 4DI\/2DO - 52 alarms - monta\u017ea na DIN letev - Klasa 0.2S - dMetering.com","isPartOf":{"@id":"https:\/\/dmetering.com\/#website"},"primaryImageOfPage":{"@id":"https:\/\/dmetering.com\/product\/pm5563-multifunction-network-analyser-2-ethernet-up-to-63th-harmonic-4di-2do-52-alarms-din-mounted-class-0-2s\/#primaryimage"},"image":{"@id":"https:\/\/dmetering.com\/product\/pm5563-multifunction-network-analyser-2-ethernet-up-to-63th-harmonic-4di-2do-52-alarms-din-mounted-class-0-2s\/#primaryimage"},"thumbnailUrl":"https:\/\/dmetering.com\/wp-content\/uploads\/2023\/03\/files-108.jpeg","datePublished":"2024-10-23T09:20:55+00:00","dateModified":"2024-10-23T09:46:36+00:00","breadcrumb":{"@id":"https:\/\/dmetering.com\/product\/pm5563-multifunction-network-analyser-2-ethernet-up-to-63th-harmonic-4di-2do-52-alarms-din-mounted-class-0-2s\/#breadcrumb"},"inLanguage":"sl-SI","potentialAction":[{"@type":"ReadAction","target":["https:\/\/dmetering.com\/product\/pm5563-multifunction-network-analyser-2-ethernet-up-to-63th-harmonic-4di-2do-52-alarms-din-mounted-class-0-2s\/"]}]},{"@type":"ImageObject","inLanguage":"sl-SI","@id":"https:\/\/dmetering.com\/product\/pm5563-multifunction-network-analyser-2-ethernet-up-to-63th-harmonic-4di-2do-52-alarms-din-mounted-class-0-2s\/#primaryimage","url":"https:\/\/dmetering.com\/wp-content\/uploads\/2023\/03\/files-108.jpeg","contentUrl":"https:\/\/dmetering.com\/wp-content\/uploads\/2023\/03\/files-108.jpeg","width":1500,"height":1500},{"@type":"BreadcrumbList","@id":"https:\/\/dmetering.com\/product\/pm5563-multifunction-network-analyser-2-ethernet-up-to-63th-harmonic-4di-2do-52-alarms-din-mounted-class-0-2s\/#breadcrumb","itemListElement":[{"@type":"ListItem","position":1,"name":"","item":"https:\/\/dmetering.com\/sl\/"},{"@type":"ListItem","position":2,"name":"Vsi izdelki","item":"https:\/\/dmetering.com\/sl\/spletna-trgovina-stevci-energije-analizatorji-tokovni-transformatorji\/"},{"@type":"ListItem","position":3,"name":"PM5563 multifunkcijski panelni analizator omre\u017eja &#8211; 2 ethernet &#8211; do 63. harmonika &#8211; 4DI\/2DO &#8211; 52 alarms &#8211; monta\u017ea na DIN letev &#8211; Klasa 0.2S"}]},{"@type":"WebSite","@id":"https:\/\/dmetering.com\/#website","url":"https:\/\/dmetering.com\/","name":"dMetering.com","description":"Re\u0161itve spremljanja rabe energije","publisher":{"@id":"https:\/\/dmetering.com\/#organization"},"potentialAction":[{"@type":"SearchAction","target":{"@type":"EntryPoint","urlTemplate":"https:\/\/dmetering.com\/?s={search_term_string}"},"query-input":{"@type":"PropertyValueSpecification","valueRequired":true,"valueName":"search_term_string"}}],"inLanguage":"sl-SI"},{"@type":"Organization","@id":"https:\/\/dmetering.com\/#organization","name":"ELCOND d.o.o.","alternateName":"dmetering.com","url":"https:\/\/dmetering.com\/","logo":{"@type":"ImageObject","inLanguage":"sl-SI","@id":"https:\/\/dmetering.com\/#\/schema\/logo\/image\/","url":"https:\/\/dmetering.com\/wp-content\/uploads\/2023\/07\/Logo_DMETERING_transp.png","contentUrl":"https:\/\/dmetering.com\/wp-content\/uploads\/2023\/07\/Logo_DMETERING_transp.png","width":709,"height":205,"caption":"ELCOND d.o.o."},"image":{"@id":"https:\/\/dmetering.com\/#\/schema\/logo\/image\/"},"description":"Metering\u2019s mission is to offer efficient energy monitoring solutions at competitive prices and fast availability of it core product ranges. That is to say, we rely on a team of multi-disciplinary professionals, two distribution centres and team of energy managers. Certified energy managers are available to provide specialised technical support to our clients.","email":"peter.usenicnik@elcond.si","telephone":"+386 1 583 73 72","legalName":"ELCOND d.o.o.","foundingDate":"2021-01-27","vatID":"SI50229508","numberOfEmployees":{"@type":"QuantitativeValue","minValue":"1","maxValue":"10"}}]}},"_links":{"self":[{"href":"https:\/\/dmetering.com\/sl\/wp-json\/wp\/v2\/product\/4105","targetHints":{"allow":["GET"]}}],"collection":[{"href":"https:\/\/dmetering.com\/sl\/wp-json\/wp\/v2\/product"}],"about":[{"href":"https:\/\/dmetering.com\/sl\/wp-json\/wp\/v2\/types\/product"}],"replies":[{"embeddable":true,"href":"https:\/\/dmetering.com\/sl\/wp-json\/wp\/v2\/comments?post=4105"}],"wp:featuredmedia":[{"embeddable":true,"href":"https:\/\/dmetering.com\/sl\/wp-json\/wp\/v2\/media\/3139"}],"wp:attachment":[{"href":"https:\/\/dmetering.com\/sl\/wp-json\/wp\/v2\/media?parent=4105"}],"wp:term":[{"taxonomy":"product_brand","embeddable":true,"href":"https:\/\/dmetering.com\/sl\/wp-json\/wp\/v2\/product_brand?post=4105"},{"taxonomy":"product_cat","embeddable":true,"href":"https:\/\/dmetering.com\/sl\/wp-json\/wp\/v2\/product_cat?post=4105"},{"taxonomy":"product_tag","embeddable":true,"href":"https:\/\/dmetering.com\/sl\/wp-json\/wp\/v2\/product_tag?post=4105"}],"curies":[{"name":"wp","href":"https:\/\/api.w.org\/{rel}","templated":true}]}}