{"id":4107,"date":"2024-10-23T11:21:02","date_gmt":"2024-10-23T09:21:02","guid":{"rendered":"https:\/\/dmetering.com\/trgovina\/nekategorizirano\/pm8240-multifunkcijski-analizator-omrezja-ethernet-klasa-0-2s-panelna-montaza\/"},"modified":"2024-10-23T11:46:43","modified_gmt":"2024-10-23T09:46:43","slug":"pm8240-multifunkcijski-analizator-omrezja-ethernet-klasa-0-2s-panelna-montaza","status":"publish","type":"product","link":"https:\/\/dmetering.com\/sl\/product\/pm8240-multifunkcijski-analizator-omrezja-ethernet-klasa-0-2s-panelna-montaza\/","title":{"rendered":"PM8240 multifunkcijski analizator omre\u017eja &#8211; Ethernet &#8211; Klasa 0.2S &#8211; panelna monta\u017ea"},"content":{"rendered":"<p>Merilniki serije PowerLogic PM8000 so kompaktni, cenovno ugodni ve\u010dnamenski merilniki elektri\u010dne energije, ki vam bodo pomagali zagotoviti zanesljivost in u\u010dinkovitost va\u0161ega objekta s kriti\u010dno porabo energije. Razkrivajo razumevanje zapletenih pogojev kakovosti elektri\u010dne energije in omogo\u010dajo ukrepanje za odpravo te\u017eav. Merilniki serije PowerLogic PM8000 so dovolj vsestranski, da lahko opravijo prakti\u010dno vse naloge, ki se od merilnika zahtevajo, v vsakem okolju! Modularna in prilagodljiva arhitektura tehnologije ION omogo\u010da preprost pristop za prilagajanje vsakega merilnika vsaki aplikaciji. Zaznava lahko vir dogodka kakovosti elektri\u010dne energije. Priporo\u010da se uporaba s programsko opremo EcoStruxure Power Monitoring Expert dru\u017ebe Schneider Electric. S patentiranim zaznavanjem smeri motenj, natan\u010dnostjo razreda prihodkov, ve\u010d komunikacijskimi priklju\u010dki, vgrajeno analizo kakovosti elektri\u010dne energije, spletnim vmesnikom in barvnim grafi\u010dnim zaslonom. Certificiran s strani neodvisnih laboratorijev za to\u010dnost porabe energije (IEC 62052-11, IEC 62052-22, IEC 62052-24) in kakovost elektri\u010dne energije (IEC 62586-2, IEC 61000-4-30 Razred S). Serija PowerLogic PM8000 zagotavlja zanesljivo kakovost podatkov, na katero se lahko zanesete. Funkcije kibernetske varnosti vklju\u010dujejo varne protokole (HTTPS, SFTP), bele\u017eenje varnostnih dogodkov, protokol Syslog. Mo\u017enost omogo\u010danja\/izklju\u010devanja komunikacijskih vrat v 50 uporabni\u0161ko nastavljivih ra\u010dunih. 512 MB pomnilnika podpira 50 dnevnikov podatkov, ve\u010d kot 50 uporabni\u0161ko nastavljivih alarmov, zajemanje oblik valov, bele\u017eenje 1\/2 cikla RMS, spletne strani po meri, dnevniki min\/max, trendi porabe energije v \u010dasu uporabe. Zmo\u017enost \u010dasovnega \u017eigosanja dogodkov do +\/-1 ms z uporabo metode \u010dasovne sinhronizacije, ki vklju\u010duje PTP (IEEE1588), NTP, IRIG-B, GPS ASCII (RS485) v funkciji nastavitve omre\u017enega \u010dasa. 3 digitalni vhodi in en digitalni izhod ter mo\u017enost dodajanja do 4 izbirnih modulov. I\/O izbirni moduli vklju\u010dujejo 2 releja v 6 digitalnih vhodih ali 2 analogna izhoda v 4 analognih vhodih. \u0160iroko obmo\u010dje krmilne mo\u010di 90-415 VAC \/ 110-415 VDC. Delovno okolje od -25 do +70 \u00b0C; vla\u017enost od 5 % do 95 %; nadmorska vi\u0161ina do 3000 m. Monta\u017ea na panel (1\/4 DIN) z vgrajenim zaslonom. Pomaga aktivno zagotavljati stalno in \u010dim bolj u\u010dinkovito delovanje elektri\u010dnega sistema. S tem lahko: pove\u010date u\u010dinkovitost svojega industrijskega obrata, zmanj\u0161ate izgube v proizvodnji, zmanj\u0161ate izdatke za vzdr\u017eevanje in optimizirate obratovalne stro\u0161ke.<\/p>\n","protected":false},"excerpt":{"rendered":"<p>PM8240 multifunkcijski analizator omre\u017eja &#8211; Ethernet &#8211; Klasa 0.2S &#8211; panelna monta\u017ea<\/p>\n","protected":false},"featured_media":3148,"comment_status":"closed","ping_status":"open","template":"","meta":{"_acf_changed":false},"product_brand":[],"product_cat":[65,73],"product_tag":[],"class_list":{"0":"post-4107","1":"product","2":"type-product","3":"status-publish","4":"has-post-thumbnail","6":"product_cat-analizatorji-omrezja-multifunkcijski-panelni-merilniki","7":"product_cat-analizatorji-omrezja","8":"pa_brand-name-schneider-electric-sl","9":"pa_communication-dnp3-sl","10":"pa_communication-ion-sl","11":"pa_communication-modbus-rs485-sl","12":"pa_communication-modbus-tcp-ip-sl","13":"pa_data-recording-casovno-zigosanje","14":"pa_data-recording-gps-sinhronizacija","15":"pa_data-recording-min-max-trenutnih-vrednosti","16":"pa_data-recording-trendi-in-prognoziranje","17":"pa_data-recording-zapisovanje-alarmov","18":"pa_data-recording-zapisovanje-dogodkov","19":"pa_data-recording-zapisovanje-harmonikov","20":"pa_data-recording-zapisovanje-podatkov","21":"pa_data-recording-zapisovanje-prehodnih-pojavov","22":"pa_data-recording-zapisovanje-valovne-oblike","23":"pa_data-recording-zapisovanje-zaporednja-dogodkov","24":"pa_device-application-meritve-vode-plina-pare-komprimiranega-zraka-ipd","25":"pa_device-application-spremljanje-rabe-energije","26":"pa_mounting-mode-panel-vrata","27":"pa_poles-description-1p-n-sl","28":"pa_poles-description-3p-sl","29":"pa_poles-description-3p-n-sl","30":"pa_power-quality-analysis-detekcija-prehodnih-pojavov-sag-swell","31":"pa_power-quality-analysis-do-63-harmonika","32":"pa_power-quality-analysis-faktor-moci-pf","33":"pa_power-quality-analysis-programabilnost-logicne-in-matematicne-funkcije","34":"pa_power-quality-analysis-skupno-harmonsko-popacenje-thd","35":"pa_power-quality-analysis-v-skladu-z-en-50160-2010-porocilo-o-skladnosti","36":"pa_power-quality-analysis-v-skladu-z-iec-61000-4-30-class-s-meritve-kvalitete-elektricne-energije","37":"pa_power-quality-analysis-v-skladu-z-iec-62586-nadzor-kvalitete-elektricne-energije","38":"pa_power-quality-analysis-v-skladu-z-ieee-519-2014-porocilo-o-skladnosti","39":"pa_power-quality-analysis-zajem-valovne-oblike","40":"pa_rated-current-in-1-a-vhod-tt","41":"pa_rated-current-in-10-a-vhod-tt","42":"pa_rated-current-in-5-a-vhod-tt","43":"pa_type-of-measurement_2-aktivna-moc-po-fazi-rms","44":"pa_type-of-measurement_2-aktivna-moc-skupno","45":"pa_type-of-measurement_2-faktor-moci","46":"pa_type-of-measurement_2-faktor-moci-po-fazi-rms","47":"pa_type-of-measurement_2-frekvenca","48":"pa_type-of-measurement_2-jalova-moc-po-fazi-rms","49":"pa_type-of-measurement_2-jalova-moc-skupno","50":"pa_type-of-measurement_2-napetost","51":"pa_type-of-measurement_2-navidezna-moc-po-fazi-rms","52":"pa_type-of-measurement_2-navidezna-moc-skupno","53":"pa_type-of-measurement_2-thd-i-po-fazi","54":"pa_type-of-measurement_2-thd-u-po-fazi","55":"pa_type-of-measurement_2-tok","57":"first","58":"instock","59":"taxable","60":"shipping-taxable","61":"purchasable","62":"product-type-simple","63":"berocket_lgv_grid","64":"berocket_lgv_list_grid"},"acf":[],"yoast_head":"<!-- This site is optimized with the Yoast SEO Premium plugin v27.4 (Yoast SEO v27.4) - https:\/\/yoast.com\/product\/yoast-seo-premium-wordpress\/ -->\n<title>PM8240 multifunkcijski analizator omre\u017eja - Ethernet - Klasa 0.2S - panelna monta\u017ea - dMetering.com<\/title>\n<meta name=\"robots\" content=\"index, follow, max-snippet:-1, max-image-preview:large, max-video-preview:-1\" \/>\n<link rel=\"canonical\" href=\"https:\/\/dmetering.com\/sl\/product\/pm8240-multifunkcijski-analizator-omrezja-ethernet-klasa-0-2s-panelna-montaza\/\" \/>\n<script type=\"application\/ld+json\" class=\"yoast-schema-graph\">{\"@context\":\"https:\\\/\\\/schema.org\",\"@graph\":[{\"@type\":\"WebPage\",\"@id\":\"https:\\\/\\\/dmetering.com\\\/sl\\\/product\\\/pm8240-multifunkcijski-analizator-omrezja-ethernet-klasa-0-2s-panelna-montaza\\\/\",\"url\":\"https:\\\/\\\/dmetering.com\\\/sl\\\/product\\\/pm8240-multifunkcijski-analizator-omrezja-ethernet-klasa-0-2s-panelna-montaza\\\/\",\"name\":\"PM8240 multifunkcijski analizator omre\u017eja - Ethernet - Klasa 0.2S - panelna monta\u017ea - dMetering.com\",\"isPartOf\":{\"@id\":\"https:\\\/\\\/dmetering.com\\\/#website\"},\"primaryImageOfPage\":{\"@id\":\"https:\\\/\\\/dmetering.com\\\/sl\\\/product\\\/pm8240-multifunkcijski-analizator-omrezja-ethernet-klasa-0-2s-panelna-montaza\\\/#primaryimage\"},\"image\":{\"@id\":\"https:\\\/\\\/dmetering.com\\\/sl\\\/product\\\/pm8240-multifunkcijski-analizator-omrezja-ethernet-klasa-0-2s-panelna-montaza\\\/#primaryimage\"},\"thumbnailUrl\":\"https:\\\/\\\/dmetering.com\\\/wp-content\\\/uploads\\\/2024\\\/03\\\/files-91.jpeg\",\"datePublished\":\"2024-10-23T09:21:02+00:00\",\"dateModified\":\"2024-10-23T09:46:43+00:00\",\"breadcrumb\":{\"@id\":\"https:\\\/\\\/dmetering.com\\\/sl\\\/product\\\/pm8240-multifunkcijski-analizator-omrezja-ethernet-klasa-0-2s-panelna-montaza\\\/#breadcrumb\"},\"inLanguage\":\"sl-SI\",\"potentialAction\":[{\"@type\":\"ReadAction\",\"target\":[\"https:\\\/\\\/dmetering.com\\\/sl\\\/product\\\/pm8240-multifunkcijski-analizator-omrezja-ethernet-klasa-0-2s-panelna-montaza\\\/\"]}]},{\"@type\":\"ImageObject\",\"inLanguage\":\"sl-SI\",\"@id\":\"https:\\\/\\\/dmetering.com\\\/sl\\\/product\\\/pm8240-multifunkcijski-analizator-omrezja-ethernet-klasa-0-2s-panelna-montaza\\\/#primaryimage\",\"url\":\"https:\\\/\\\/dmetering.com\\\/wp-content\\\/uploads\\\/2024\\\/03\\\/files-91.jpeg\",\"contentUrl\":\"https:\\\/\\\/dmetering.com\\\/wp-content\\\/uploads\\\/2024\\\/03\\\/files-91.jpeg\",\"width\":1500,\"height\":1500},{\"@type\":\"BreadcrumbList\",\"@id\":\"https:\\\/\\\/dmetering.com\\\/sl\\\/product\\\/pm8240-multifunkcijski-analizator-omrezja-ethernet-klasa-0-2s-panelna-montaza\\\/#breadcrumb\",\"itemListElement\":[{\"@type\":\"ListItem\",\"position\":1,\"name\":\"\",\"item\":\"https:\\\/\\\/dmetering.com\\\/sl\\\/\"},{\"@type\":\"ListItem\",\"position\":2,\"name\":\"Vsi izdelki\",\"item\":\"https:\\\/\\\/dmetering.com\\\/sl\\\/spletna-trgovina-stevci-energije-analizatorji-tokovni-transformatorji\\\/\"},{\"@type\":\"ListItem\",\"position\":3,\"name\":\"PM8240 multifunkcijski analizator omre\u017eja &#8211; Ethernet &#8211; Klasa 0.2S &#8211; panelna monta\u017ea\"}]},{\"@type\":\"WebSite\",\"@id\":\"https:\\\/\\\/dmetering.com\\\/#website\",\"url\":\"https:\\\/\\\/dmetering.com\\\/\",\"name\":\"dMetering.com\",\"description\":\"Re\u0161itve spremljanja rabe energije\",\"publisher\":{\"@id\":\"https:\\\/\\\/dmetering.com\\\/#organization\"},\"potentialAction\":[{\"@type\":\"SearchAction\",\"target\":{\"@type\":\"EntryPoint\",\"urlTemplate\":\"https:\\\/\\\/dmetering.com\\\/?s={search_term_string}\"},\"query-input\":{\"@type\":\"PropertyValueSpecification\",\"valueRequired\":true,\"valueName\":\"search_term_string\"}}],\"inLanguage\":\"sl-SI\"},{\"@type\":\"Organization\",\"@id\":\"https:\\\/\\\/dmetering.com\\\/#organization\",\"name\":\"ELCOND d.o.o.\",\"alternateName\":\"dmetering.com\",\"url\":\"https:\\\/\\\/dmetering.com\\\/\",\"logo\":{\"@type\":\"ImageObject\",\"inLanguage\":\"sl-SI\",\"@id\":\"https:\\\/\\\/dmetering.com\\\/#\\\/schema\\\/logo\\\/image\\\/\",\"url\":\"https:\\\/\\\/dmetering.com\\\/wp-content\\\/uploads\\\/2023\\\/07\\\/Logo_DMETERING_transp.png\",\"contentUrl\":\"https:\\\/\\\/dmetering.com\\\/wp-content\\\/uploads\\\/2023\\\/07\\\/Logo_DMETERING_transp.png\",\"width\":709,\"height\":205,\"caption\":\"ELCOND d.o.o.\"},\"image\":{\"@id\":\"https:\\\/\\\/dmetering.com\\\/#\\\/schema\\\/logo\\\/image\\\/\"},\"description\":\"Metering\u2019s mission is to offer efficient energy monitoring solutions at competitive prices and fast availability of it core product ranges. That is to say, we rely on a team of multi-disciplinary professionals, two distribution centres and team of energy managers. Certified energy managers are available to provide specialised technical support to our clients.\",\"email\":\"peter.usenicnik@elcond.si\",\"telephone\":\"+386 1 583 73 72\",\"legalName\":\"ELCOND d.o.o.\",\"foundingDate\":\"2021-01-27\",\"vatID\":\"SI50229508\",\"numberOfEmployees\":{\"@type\":\"QuantitativeValue\",\"minValue\":\"1\",\"maxValue\":\"10\"}}]}<\/script>\n<!-- \/ Yoast SEO Premium plugin. -->","yoast_head_json":{"title":"PM8240 multifunkcijski analizator omre\u017eja - Ethernet - Klasa 0.2S - panelna monta\u017ea - dMetering.com","robots":{"index":"index","follow":"follow","max-snippet":"max-snippet:-1","max-image-preview":"max-image-preview:large","max-video-preview":"max-video-preview:-1"},"canonical":"https:\/\/dmetering.com\/sl\/product\/pm8240-multifunkcijski-analizator-omrezja-ethernet-klasa-0-2s-panelna-montaza\/","schema":{"@context":"https:\/\/schema.org","@graph":[{"@type":"WebPage","@id":"https:\/\/dmetering.com\/sl\/product\/pm8240-multifunkcijski-analizator-omrezja-ethernet-klasa-0-2s-panelna-montaza\/","url":"https:\/\/dmetering.com\/sl\/product\/pm8240-multifunkcijski-analizator-omrezja-ethernet-klasa-0-2s-panelna-montaza\/","name":"PM8240 multifunkcijski analizator omre\u017eja - Ethernet - Klasa 0.2S - panelna monta\u017ea - dMetering.com","isPartOf":{"@id":"https:\/\/dmetering.com\/#website"},"primaryImageOfPage":{"@id":"https:\/\/dmetering.com\/sl\/product\/pm8240-multifunkcijski-analizator-omrezja-ethernet-klasa-0-2s-panelna-montaza\/#primaryimage"},"image":{"@id":"https:\/\/dmetering.com\/sl\/product\/pm8240-multifunkcijski-analizator-omrezja-ethernet-klasa-0-2s-panelna-montaza\/#primaryimage"},"thumbnailUrl":"https:\/\/dmetering.com\/wp-content\/uploads\/2024\/03\/files-91.jpeg","datePublished":"2024-10-23T09:21:02+00:00","dateModified":"2024-10-23T09:46:43+00:00","breadcrumb":{"@id":"https:\/\/dmetering.com\/sl\/product\/pm8240-multifunkcijski-analizator-omrezja-ethernet-klasa-0-2s-panelna-montaza\/#breadcrumb"},"inLanguage":"sl-SI","potentialAction":[{"@type":"ReadAction","target":["https:\/\/dmetering.com\/sl\/product\/pm8240-multifunkcijski-analizator-omrezja-ethernet-klasa-0-2s-panelna-montaza\/"]}]},{"@type":"ImageObject","inLanguage":"sl-SI","@id":"https:\/\/dmetering.com\/sl\/product\/pm8240-multifunkcijski-analizator-omrezja-ethernet-klasa-0-2s-panelna-montaza\/#primaryimage","url":"https:\/\/dmetering.com\/wp-content\/uploads\/2024\/03\/files-91.jpeg","contentUrl":"https:\/\/dmetering.com\/wp-content\/uploads\/2024\/03\/files-91.jpeg","width":1500,"height":1500},{"@type":"BreadcrumbList","@id":"https:\/\/dmetering.com\/sl\/product\/pm8240-multifunkcijski-analizator-omrezja-ethernet-klasa-0-2s-panelna-montaza\/#breadcrumb","itemListElement":[{"@type":"ListItem","position":1,"name":"","item":"https:\/\/dmetering.com\/sl\/"},{"@type":"ListItem","position":2,"name":"Vsi izdelki","item":"https:\/\/dmetering.com\/sl\/spletna-trgovina-stevci-energije-analizatorji-tokovni-transformatorji\/"},{"@type":"ListItem","position":3,"name":"PM8240 multifunkcijski analizator omre\u017eja &#8211; Ethernet &#8211; Klasa 0.2S &#8211; panelna monta\u017ea"}]},{"@type":"WebSite","@id":"https:\/\/dmetering.com\/#website","url":"https:\/\/dmetering.com\/","name":"dMetering.com","description":"Re\u0161itve spremljanja rabe energije","publisher":{"@id":"https:\/\/dmetering.com\/#organization"},"potentialAction":[{"@type":"SearchAction","target":{"@type":"EntryPoint","urlTemplate":"https:\/\/dmetering.com\/?s={search_term_string}"},"query-input":{"@type":"PropertyValueSpecification","valueRequired":true,"valueName":"search_term_string"}}],"inLanguage":"sl-SI"},{"@type":"Organization","@id":"https:\/\/dmetering.com\/#organization","name":"ELCOND d.o.o.","alternateName":"dmetering.com","url":"https:\/\/dmetering.com\/","logo":{"@type":"ImageObject","inLanguage":"sl-SI","@id":"https:\/\/dmetering.com\/#\/schema\/logo\/image\/","url":"https:\/\/dmetering.com\/wp-content\/uploads\/2023\/07\/Logo_DMETERING_transp.png","contentUrl":"https:\/\/dmetering.com\/wp-content\/uploads\/2023\/07\/Logo_DMETERING_transp.png","width":709,"height":205,"caption":"ELCOND d.o.o."},"image":{"@id":"https:\/\/dmetering.com\/#\/schema\/logo\/image\/"},"description":"Metering\u2019s mission is to offer efficient energy monitoring solutions at competitive prices and fast availability of it core product ranges. That is to say, we rely on a team of multi-disciplinary professionals, two distribution centres and team of energy managers. Certified energy managers are available to provide specialised technical support to our clients.","email":"peter.usenicnik@elcond.si","telephone":"+386 1 583 73 72","legalName":"ELCOND d.o.o.","foundingDate":"2021-01-27","vatID":"SI50229508","numberOfEmployees":{"@type":"QuantitativeValue","minValue":"1","maxValue":"10"}}]}},"_links":{"self":[{"href":"https:\/\/dmetering.com\/sl\/wp-json\/wp\/v2\/product\/4107","targetHints":{"allow":["GET"]}}],"collection":[{"href":"https:\/\/dmetering.com\/sl\/wp-json\/wp\/v2\/product"}],"about":[{"href":"https:\/\/dmetering.com\/sl\/wp-json\/wp\/v2\/types\/product"}],"replies":[{"embeddable":true,"href":"https:\/\/dmetering.com\/sl\/wp-json\/wp\/v2\/comments?post=4107"}],"wp:featuredmedia":[{"embeddable":true,"href":"https:\/\/dmetering.com\/sl\/wp-json\/wp\/v2\/media\/3148"}],"wp:attachment":[{"href":"https:\/\/dmetering.com\/sl\/wp-json\/wp\/v2\/media?parent=4107"}],"wp:term":[{"taxonomy":"product_brand","embeddable":true,"href":"https:\/\/dmetering.com\/sl\/wp-json\/wp\/v2\/product_brand?post=4107"},{"taxonomy":"product_cat","embeddable":true,"href":"https:\/\/dmetering.com\/sl\/wp-json\/wp\/v2\/product_cat?post=4107"},{"taxonomy":"product_tag","embeddable":true,"href":"https:\/\/dmetering.com\/sl\/wp-json\/wp\/v2\/product_tag?post=4107"}],"curies":[{"name":"wp","href":"https:\/\/api.w.org\/{rel}","templated":true}]}}