{"id":4114,"date":"2024-10-23T11:21:24","date_gmt":"2024-10-23T09:21:24","guid":{"rendered":"https:\/\/dmetering.com\/trgovina\/nekategorizirano\/ecostruxure-panel-server-universal-brezzicni-koncentrator-modbus-prehod-24-vdc\/"},"modified":"2024-10-23T11:47:07","modified_gmt":"2024-10-23T09:47:07","slug":"ecostruxure-panel-server-universal-brezzicni-koncentrator-modbus-prehod-24-vdc","status":"publish","type":"product","link":"https:\/\/dmetering.com\/sl\/product\/ecostruxure-panel-server-universal-brezzicni-koncentrator-modbus-prehod-24-vdc\/","title":{"rendered":"EcoStruxure Panel Server &#8211; Universal &#8211; Brez\u017ei\u010dni koncentrator modbus prehod &#8211; 24 VDC"},"content":{"rendered":"<p>EcoStruxure Panel Server je prehod, ki omogo\u010da povezavo \u017ei\u010dnih ali brez\u017ei\u010dnih pametnih naprav IoT s programsko opremo za nadzor ali aplikacijo v oblaku. Pove\u017eite brez\u017ei\u010dne naprave Schneider Electric, kot so PowerTag Energy, PowerLogic HeatTag, Power Tag Ambiant, Power Tag control in druge. Pove\u017eite ve\u010dino naprav Modbus\/RS485 in Modbus\/TCP na trgu, vklju\u010dno z merilniki mo\u010di in za\u0161\u010ditnimi napravami podjetja Schenider Electric. Uporabniku prijazna spletna mesta zagotavljajo osnovno stopnjo spremljanja porabe energije vseh priklju\u010denih naprav, vklju\u010dno z zgodovino vseh opozoril. Enostavno odpravljanje te\u017eav ali sistema prek vgrajenih spletnih strani z naprednimi diagnosti\u010dnimi informacijami v logih . Enostavno dajanje v obratovanje prek vgrajenih spletnih strani ali s programom EcoStruxure Power Commissioning, ki bo ponudil poro\u010dila o zagonu in napredne funkcije. Dimenzije izdelka so naslednje: \u0161irina 71,8 milimetra, globina 70,2 milimetra in vi\u0161ina 85 milimetrov. Napajanje 24 VDC 3 W max. Delovna temperatura: -25 \u00b0C do +70 \u00b0C, 5-95 % relativna vla\u017enost. Glavni certifikati: CE, UL\/CSA, IEC61010, UL61010, IEC61974-1, pomorski certifikat, IEC61443-4-2, RCM, EAC in UKCA. Vrata je mogo\u010de vgraditi na DIN letev v modularno ohi\u0161je. Ima priklju\u010dke IP20, IM40 prednja stran nos v IP30 na drugih straneh. Dva 10\/100 Base-T ethernetna priklju\u010dka RJ45. Modbus RS485 priklju\u010dek odprtega tipa. En priklju\u010dek za zunanjo anteno brez\u017ei\u010dnega omre\u017eja Wi-Fi\/ brez\u017ei\u010dnega omre\u017eja. Priklju\u010dek za dva digitalna vhoda za suhi kontakt ali WAGES. Neposredna mobilna povezava prek zunanjega usmerjevalnika LTE, povezanega prek omre\u017eja Ethernet ali Wi-Fi. Popolnoma primeren za programsko opremo EcoStruxure Edge, kot so Power Monitoring Expert, Power Operations v EcoStruxure Building Operations. Zasnovan za aplikacije v oblaku EcoStruxure, kot je Facility Expert v programu Energy Hub.<\/p>\n","protected":false},"excerpt":{"rendered":"<p>EcoStruxure Panel Server &#8211; Universal &#8211; Brez\u017ei\u010dni koncentrator modbus prehod &#8211; 24 VDC<\/p>\n","protected":false},"featured_media":3522,"comment_status":"closed","ping_status":"open","template":"","meta":{"_acf_changed":false},"product_brand":[],"product_cat":[59,74],"product_tag":[],"class_list":{"0":"post-4114","1":"product","2":"type-product","3":"status-publish","4":"has-post-thumbnail","6":"product_cat-ethernet-prehodi-pretvorniki-gateway","7":"product_cat-univerzalni-brezzicni-koncentrator-modbus-prehod-gateway","8":"pa_brand-name-schneider-electric-sl","9":"pa_communication-dhcp-sl","10":"pa_communication-https-sl","11":"pa_communication-ipv4-sl","12":"pa_communication-ipv6-sl","13":"pa_communication-modbus-tcp-ip-sl","14":"pa_communication-ntp-sntp-sl","15":"pa_communication-gateway-ethernet-tcp-ip-do-brezzicnih-naprav","16":"pa_communication-gateway-ethernet-tcp-ip-do-rs485","17":"pa_device-application-prehod-gateway","18":"pa_mounting-mode-din-letev","20":"first","21":"instock","22":"taxable","23":"shipping-taxable","24":"purchasable","25":"product-type-simple","26":"berocket_lgv_grid","27":"berocket_lgv_list_grid"},"acf":[],"yoast_head":"<!-- This site is optimized with the Yoast SEO Premium plugin v27.4 (Yoast SEO v27.4) - https:\/\/yoast.com\/product\/yoast-seo-premium-wordpress\/ -->\n<title>EcoStruxure Panel Server - Universal - Brez\u017ei\u010dni koncentrator modbus prehod - 24 VDC - dMetering.com<\/title>\n<meta name=\"robots\" content=\"index, follow, max-snippet:-1, max-image-preview:large, max-video-preview:-1\" \/>\n<link rel=\"canonical\" href=\"https:\/\/dmetering.com\/product\/ecostruxure-panel-server-universal-wireless-concentrator-modbus-gateway-24-vdc\/\" \/>\n<script type=\"application\/ld+json\" class=\"yoast-schema-graph\">{\"@context\":\"https:\\\/\\\/schema.org\",\"@graph\":[{\"@type\":\"WebPage\",\"@id\":\"https:\\\/\\\/dmetering.com\\\/product\\\/ecostruxure-panel-server-universal-wireless-concentrator-modbus-gateway-24-vdc\\\/\",\"url\":\"https:\\\/\\\/dmetering.com\\\/product\\\/ecostruxure-panel-server-universal-wireless-concentrator-modbus-gateway-24-vdc\\\/\",\"name\":\"EcoStruxure Panel Server - Universal - Brez\u017ei\u010dni koncentrator modbus prehod - 24 VDC - dMetering.com\",\"isPartOf\":{\"@id\":\"https:\\\/\\\/dmetering.com\\\/#website\"},\"primaryImageOfPage\":{\"@id\":\"https:\\\/\\\/dmetering.com\\\/product\\\/ecostruxure-panel-server-universal-wireless-concentrator-modbus-gateway-24-vdc\\\/#primaryimage\"},\"image\":{\"@id\":\"https:\\\/\\\/dmetering.com\\\/product\\\/ecostruxure-panel-server-universal-wireless-concentrator-modbus-gateway-24-vdc\\\/#primaryimage\"},\"thumbnailUrl\":\"https:\\\/\\\/dmetering.com\\\/wp-content\\\/uploads\\\/2024\\\/03\\\/files-98.jpeg\",\"datePublished\":\"2024-10-23T09:21:24+00:00\",\"dateModified\":\"2024-10-23T09:47:07+00:00\",\"breadcrumb\":{\"@id\":\"https:\\\/\\\/dmetering.com\\\/product\\\/ecostruxure-panel-server-universal-wireless-concentrator-modbus-gateway-24-vdc\\\/#breadcrumb\"},\"inLanguage\":\"sl-SI\",\"potentialAction\":[{\"@type\":\"ReadAction\",\"target\":[\"https:\\\/\\\/dmetering.com\\\/product\\\/ecostruxure-panel-server-universal-wireless-concentrator-modbus-gateway-24-vdc\\\/\"]}]},{\"@type\":\"ImageObject\",\"inLanguage\":\"sl-SI\",\"@id\":\"https:\\\/\\\/dmetering.com\\\/product\\\/ecostruxure-panel-server-universal-wireless-concentrator-modbus-gateway-24-vdc\\\/#primaryimage\",\"url\":\"https:\\\/\\\/dmetering.com\\\/wp-content\\\/uploads\\\/2024\\\/03\\\/files-98.jpeg\",\"contentUrl\":\"https:\\\/\\\/dmetering.com\\\/wp-content\\\/uploads\\\/2024\\\/03\\\/files-98.jpeg\",\"width\":1500,\"height\":1500},{\"@type\":\"BreadcrumbList\",\"@id\":\"https:\\\/\\\/dmetering.com\\\/product\\\/ecostruxure-panel-server-universal-wireless-concentrator-modbus-gateway-24-vdc\\\/#breadcrumb\",\"itemListElement\":[{\"@type\":\"ListItem\",\"position\":1,\"name\":\"\",\"item\":\"https:\\\/\\\/dmetering.com\\\/sl\\\/\"},{\"@type\":\"ListItem\",\"position\":2,\"name\":\"Vsi izdelki\",\"item\":\"https:\\\/\\\/dmetering.com\\\/sl\\\/spletna-trgovina-stevci-energije-analizatorji-tokovni-transformatorji\\\/\"},{\"@type\":\"ListItem\",\"position\":3,\"name\":\"EcoStruxure Panel Server &#8211; Universal &#8211; Brez\u017ei\u010dni koncentrator modbus prehod &#8211; 24 VDC\"}]},{\"@type\":\"WebSite\",\"@id\":\"https:\\\/\\\/dmetering.com\\\/#website\",\"url\":\"https:\\\/\\\/dmetering.com\\\/\",\"name\":\"dMetering.com\",\"description\":\"Re\u0161itve spremljanja rabe energije\",\"publisher\":{\"@id\":\"https:\\\/\\\/dmetering.com\\\/#organization\"},\"potentialAction\":[{\"@type\":\"SearchAction\",\"target\":{\"@type\":\"EntryPoint\",\"urlTemplate\":\"https:\\\/\\\/dmetering.com\\\/?s={search_term_string}\"},\"query-input\":{\"@type\":\"PropertyValueSpecification\",\"valueRequired\":true,\"valueName\":\"search_term_string\"}}],\"inLanguage\":\"sl-SI\"},{\"@type\":\"Organization\",\"@id\":\"https:\\\/\\\/dmetering.com\\\/#organization\",\"name\":\"ELCOND d.o.o.\",\"alternateName\":\"dmetering.com\",\"url\":\"https:\\\/\\\/dmetering.com\\\/\",\"logo\":{\"@type\":\"ImageObject\",\"inLanguage\":\"sl-SI\",\"@id\":\"https:\\\/\\\/dmetering.com\\\/#\\\/schema\\\/logo\\\/image\\\/\",\"url\":\"https:\\\/\\\/dmetering.com\\\/wp-content\\\/uploads\\\/2023\\\/07\\\/Logo_DMETERING_transp.png\",\"contentUrl\":\"https:\\\/\\\/dmetering.com\\\/wp-content\\\/uploads\\\/2023\\\/07\\\/Logo_DMETERING_transp.png\",\"width\":709,\"height\":205,\"caption\":\"ELCOND d.o.o.\"},\"image\":{\"@id\":\"https:\\\/\\\/dmetering.com\\\/#\\\/schema\\\/logo\\\/image\\\/\"},\"description\":\"Metering\u2019s mission is to offer efficient energy monitoring solutions at competitive prices and fast availability of it core product ranges. That is to say, we rely on a team of multi-disciplinary professionals, two distribution centres and team of energy managers. Certified energy managers are available to provide specialised technical support to our clients.\",\"email\":\"peter.usenicnik@elcond.si\",\"telephone\":\"+386 1 583 73 72\",\"legalName\":\"ELCOND d.o.o.\",\"foundingDate\":\"2021-01-27\",\"vatID\":\"SI50229508\",\"numberOfEmployees\":{\"@type\":\"QuantitativeValue\",\"minValue\":\"1\",\"maxValue\":\"10\"}}]}<\/script>\n<!-- \/ Yoast SEO Premium plugin. -->","yoast_head_json":{"title":"EcoStruxure Panel Server - Universal - Brez\u017ei\u010dni koncentrator modbus prehod - 24 VDC - dMetering.com","robots":{"index":"index","follow":"follow","max-snippet":"max-snippet:-1","max-image-preview":"max-image-preview:large","max-video-preview":"max-video-preview:-1"},"canonical":"https:\/\/dmetering.com\/product\/ecostruxure-panel-server-universal-wireless-concentrator-modbus-gateway-24-vdc\/","schema":{"@context":"https:\/\/schema.org","@graph":[{"@type":"WebPage","@id":"https:\/\/dmetering.com\/product\/ecostruxure-panel-server-universal-wireless-concentrator-modbus-gateway-24-vdc\/","url":"https:\/\/dmetering.com\/product\/ecostruxure-panel-server-universal-wireless-concentrator-modbus-gateway-24-vdc\/","name":"EcoStruxure Panel Server - Universal - Brez\u017ei\u010dni koncentrator modbus prehod - 24 VDC - dMetering.com","isPartOf":{"@id":"https:\/\/dmetering.com\/#website"},"primaryImageOfPage":{"@id":"https:\/\/dmetering.com\/product\/ecostruxure-panel-server-universal-wireless-concentrator-modbus-gateway-24-vdc\/#primaryimage"},"image":{"@id":"https:\/\/dmetering.com\/product\/ecostruxure-panel-server-universal-wireless-concentrator-modbus-gateway-24-vdc\/#primaryimage"},"thumbnailUrl":"https:\/\/dmetering.com\/wp-content\/uploads\/2024\/03\/files-98.jpeg","datePublished":"2024-10-23T09:21:24+00:00","dateModified":"2024-10-23T09:47:07+00:00","breadcrumb":{"@id":"https:\/\/dmetering.com\/product\/ecostruxure-panel-server-universal-wireless-concentrator-modbus-gateway-24-vdc\/#breadcrumb"},"inLanguage":"sl-SI","potentialAction":[{"@type":"ReadAction","target":["https:\/\/dmetering.com\/product\/ecostruxure-panel-server-universal-wireless-concentrator-modbus-gateway-24-vdc\/"]}]},{"@type":"ImageObject","inLanguage":"sl-SI","@id":"https:\/\/dmetering.com\/product\/ecostruxure-panel-server-universal-wireless-concentrator-modbus-gateway-24-vdc\/#primaryimage","url":"https:\/\/dmetering.com\/wp-content\/uploads\/2024\/03\/files-98.jpeg","contentUrl":"https:\/\/dmetering.com\/wp-content\/uploads\/2024\/03\/files-98.jpeg","width":1500,"height":1500},{"@type":"BreadcrumbList","@id":"https:\/\/dmetering.com\/product\/ecostruxure-panel-server-universal-wireless-concentrator-modbus-gateway-24-vdc\/#breadcrumb","itemListElement":[{"@type":"ListItem","position":1,"name":"","item":"https:\/\/dmetering.com\/sl\/"},{"@type":"ListItem","position":2,"name":"Vsi izdelki","item":"https:\/\/dmetering.com\/sl\/spletna-trgovina-stevci-energije-analizatorji-tokovni-transformatorji\/"},{"@type":"ListItem","position":3,"name":"EcoStruxure Panel Server &#8211; Universal &#8211; Brez\u017ei\u010dni koncentrator modbus prehod &#8211; 24 VDC"}]},{"@type":"WebSite","@id":"https:\/\/dmetering.com\/#website","url":"https:\/\/dmetering.com\/","name":"dMetering.com","description":"Re\u0161itve spremljanja rabe energije","publisher":{"@id":"https:\/\/dmetering.com\/#organization"},"potentialAction":[{"@type":"SearchAction","target":{"@type":"EntryPoint","urlTemplate":"https:\/\/dmetering.com\/?s={search_term_string}"},"query-input":{"@type":"PropertyValueSpecification","valueRequired":true,"valueName":"search_term_string"}}],"inLanguage":"sl-SI"},{"@type":"Organization","@id":"https:\/\/dmetering.com\/#organization","name":"ELCOND d.o.o.","alternateName":"dmetering.com","url":"https:\/\/dmetering.com\/","logo":{"@type":"ImageObject","inLanguage":"sl-SI","@id":"https:\/\/dmetering.com\/#\/schema\/logo\/image\/","url":"https:\/\/dmetering.com\/wp-content\/uploads\/2023\/07\/Logo_DMETERING_transp.png","contentUrl":"https:\/\/dmetering.com\/wp-content\/uploads\/2023\/07\/Logo_DMETERING_transp.png","width":709,"height":205,"caption":"ELCOND d.o.o."},"image":{"@id":"https:\/\/dmetering.com\/#\/schema\/logo\/image\/"},"description":"Metering\u2019s mission is to offer efficient energy monitoring solutions at competitive prices and fast availability of it core product ranges. That is to say, we rely on a team of multi-disciplinary professionals, two distribution centres and team of energy managers. Certified energy managers are available to provide specialised technical support to our clients.","email":"peter.usenicnik@elcond.si","telephone":"+386 1 583 73 72","legalName":"ELCOND d.o.o.","foundingDate":"2021-01-27","vatID":"SI50229508","numberOfEmployees":{"@type":"QuantitativeValue","minValue":"1","maxValue":"10"}}]}},"_links":{"self":[{"href":"https:\/\/dmetering.com\/sl\/wp-json\/wp\/v2\/product\/4114","targetHints":{"allow":["GET"]}}],"collection":[{"href":"https:\/\/dmetering.com\/sl\/wp-json\/wp\/v2\/product"}],"about":[{"href":"https:\/\/dmetering.com\/sl\/wp-json\/wp\/v2\/types\/product"}],"replies":[{"embeddable":true,"href":"https:\/\/dmetering.com\/sl\/wp-json\/wp\/v2\/comments?post=4114"}],"wp:featuredmedia":[{"embeddable":true,"href":"https:\/\/dmetering.com\/sl\/wp-json\/wp\/v2\/media\/3522"}],"wp:attachment":[{"href":"https:\/\/dmetering.com\/sl\/wp-json\/wp\/v2\/media?parent=4114"}],"wp:term":[{"taxonomy":"product_brand","embeddable":true,"href":"https:\/\/dmetering.com\/sl\/wp-json\/wp\/v2\/product_brand?post=4114"},{"taxonomy":"product_cat","embeddable":true,"href":"https:\/\/dmetering.com\/sl\/wp-json\/wp\/v2\/product_cat?post=4114"},{"taxonomy":"product_tag","embeddable":true,"href":"https:\/\/dmetering.com\/sl\/wp-json\/wp\/v2\/product_tag?post=4114"}],"curies":[{"name":"wp","href":"https:\/\/api.w.org\/{rel}","templated":true}]}}